{"id":1045,"date":"2019-07-10T10:00:06","date_gmt":"2019-07-10T08:00:06","guid":{"rendered":"https:\/\/www.fincasgandia.com\/?page_id=1045"},"modified":"2019-07-24T10:40:40","modified_gmt":"2019-07-24T08:40:40","slug":"assessorament-immobiliari","status":"publish","type":"page","link":"https:\/\/www.fincasgandia.com\/ca\/assessorament-immobiliari\/","title":{"rendered":"Assessorament immobiliari"},"content":{"rendered":"<p>[vc_row css_animation=&#8221;&#8221; row_type=&#8221;row&#8221; use_row_as_full_screen_section=&#8221;no&#8221; type=&#8221;full_width&#8221; angled_section=&#8221;no&#8221; text_align=&#8221;left&#8221; background_image_as_pattern=&#8221;without_pattern&#8221; css=&#8221;.vc_custom_1560757529712{background-image: url(http:\/\/www.fincasgandia.com\/wp-content\/uploads\/2019\/06\/blau.jpg?id=576) !important;}&#8221; z_index=&#8221;&#8221; el_class=&#8221;transparent_170_70&#8243;][vc_column][vc_column_text]<\/p>\n<h2 class=\"titular_white\" style=\"text-align: center;\">Aprofita la nostre experi\u00e8ncia i bon criteri!<\/h2>\n<p class=\"white\" style=\"text-align: center;\">Portem molts anys assessorant als nostres clients a prendre les millors i m\u00e9s encertades decisions.<\/p>\n<p>[\/vc_column_text][vc_column_text]<img decoding=\"async\" class=\"flecha_cabecera aligncenter\" src=\"\/wp-content\/uploads\/2019\/05\/flecha.png\" \/>[\/vc_column_text][\/vc_column][\/vc_row][vc_row css_animation=&#8221;&#8221; row_type=&#8221;row&#8221; use_row_as_full_screen_section=&#8221;no&#8221; type=&#8221;full_width&#8221; angled_section=&#8221;no&#8221; text_align=&#8221;left&#8221; background_image_as_pattern=&#8221;without_pattern&#8221;][vc_column][vc_empty_space height=&#8221;50px&#8221;][\/vc_column][\/vc_row][vc_row css_animation=&#8221;&#8221; row_type=&#8221;row&#8221; use_row_as_full_screen_section=&#8221;no&#8221; type=&#8221;full_width&#8221; angled_section=&#8221;no&#8221; text_align=&#8221;left&#8221; background_image_as_pattern=&#8221;without_pattern&#8221; z_index=&#8221;&#8221; el_class=&#8221;bloque_imagen_texto&#8221;][vc_column width=&#8221;1\/2&#8243;][vc_single_image image=&#8221;504&#8243; img_size=&#8221;full&#8221; alignment=&#8221;center&#8221; qode_css_animation=&#8221;&#8221;][\/vc_column][vc_column width=&#8221;1\/2&#8243; el_class=&#8221;bloque_contenido_interno&#8221;][vc_column_text]<\/p>\n<h3 class=\"sobre_titulo\">T\u2019AJUDEM A PRENDRE LA MILLOR DECISI\u00d3<\/h3>\n<h1 class=\"titular\">Assessorament immobiliari<\/h1>\n<p>Ens avalen m\u00e9s de 50 anys exercint d\u2019assessors immobiliaris per trobar les millors oportunitats d\u2019inversi\u00f3 a la ciutat de Barcelona.<\/p>\n<p>Creiem que es important escoltar les necessitats i desitjos dels nostres clients, buscant afegir valor a la seva experi\u00e8ncia en la <a href=\"\/ca\/gestio-patrimonial\/\">gesti\u00f3 del seu patrimoni immobiliari<\/a>.<\/p>\n<p>La passi\u00f3 per la nostre feina els hi aporta un nivell de tranquil\u00b7litat que els permet viure qualsevol proc\u00e9s de decisi\u00f3, en l\u2019\u00e0mbit immobiliari, amb total seguretat i garantia:<\/p>\n<ul>\n<li>Junts definirem els teus <strong>objectius<\/strong>.<\/li>\n<li>Avaluarem les diferents <strong>estrat\u00e8gies <\/strong>per aconseguir-los en base a la situaci\u00f3 actual del mercat.<\/li>\n<li>Et recomanarem la millor <strong>alternativa<\/strong>.<\/li>\n<li>Prendrem la millor i m\u00e9s encertada <strong>decisi\u00f3<\/strong>.<\/li>\n<li>Gaudir\u00e0s de <strong>l\u2019experi\u00e8ncia<\/strong>.<\/li>\n<\/ul>\n<h3 style=\"text-align: center;\">\u00bfEst\u00e0s pensant en realitzar una inversi\u00f3 immobili\u00e0ria a Barcelona?<\/h3>\n<p>[\/vc_column_text][vc_empty_space height=&#8221;10px&#8221;][vc_column_text]<\/p>\n<p style=\"text-align: center; margin-top: 20px;\"><a class=\"boton_flecha_azul\" href=\"\/ca\/contacte\/\">CONTACTA AMB NOSALTRES<i class=\"fa-icon-long-arrow-right\"><\/i><\/a><\/p>\n<p>[\/vc_column_text][vc_empty_space height=&#8221;50px&#8221;][\/vc_column][\/vc_row][vc_row css_animation=&#8221;&#8221; row_type=&#8221;row&#8221; use_row_as_full_screen_section=&#8221;no&#8221; type=&#8221;full_width&#8221; angled_section=&#8221;no&#8221; text_align=&#8221;left&#8221; background_image_as_pattern=&#8221;without_pattern&#8221; el_class=&#8221;white_box_90_140&#8243; z_index=&#8221;&#8221;][vc_column][vc_column_text el_class=&#8221;mb_120&#8243;]<\/p>\n<h2 class=\"titular\" style=\"text-align: center;\">T\u2019assessorem<br \/>\na prendre decisions<br \/>\nen relaci\u00f3 a&#8230;<\/h2>\n<div class=\"separador\"><\/div>\n<p>[\/vc_column_text][vc_row_inner row_type=&#8221;row&#8221; type=&#8221;full_width&#8221; text_align=&#8221;left&#8221; css_animation=&#8221;&#8221; el_class=&#8221;grid_1400&#8243;][vc_column_inner width=&#8221;1\/3&#8243;][vc_empty_space height=&#8221;50px&#8221;][vc_single_image image=&#8221;304&#8243; img_size=&#8221;&#8221; alignment=&#8221;center&#8221; qode_css_animation=&#8221;&#8221; el_class=&#8221;iconos_home&#8221;][vc_column_text]<\/p>\n<p class=\"\" style=\"text-align: center;\">La composici\u00f3<br \/>\ni la rendibilitat<br \/>\nd\u2019un patrimoni<\/p>\n<p>[\/vc_column_text][\/vc_column_inner][vc_column_inner width=&#8221;1\/3&#8243;][vc_empty_space height=&#8221;50px&#8221;][vc_single_image image=&#8221;481&#8243; img_size=&#8221;&#8221; alignment=&#8221;center&#8221; qode_css_animation=&#8221;&#8221; el_class=&#8221;iconos_home&#8221;][vc_column_text]<\/p>\n<p style=\"text-align: center;\">El manteniment<br \/>\ndels actius amb les<br \/>\ninversions necess\u00e0ries<\/p>\n<p>[\/vc_column_text][\/vc_column_inner][vc_column_inner width=&#8221;1\/3&#8243;][vc_empty_space height=&#8221;50px&#8221;][vc_single_image image=&#8221;478&#8243; img_size=&#8221;&#8221; alignment=&#8221;center&#8221; qode_css_animation=&#8221;&#8221; el_class=&#8221;iconos_home&#8221;][vc_column_text]<\/p>\n<p style=\"text-align: center;\">L\u2019oportunitat<br \/>\nde comprar i vendre<br \/>\ni el seu cost<\/p>\n<p>[\/vc_column_text][\/vc_column_inner][\/vc_row_inner][vc_row_inner row_type=&#8221;row&#8221; type=&#8221;full_width&#8221; text_align=&#8221;left&#8221; css_animation=&#8221;&#8221; el_class=&#8221;grid_1400&#8243;][vc_column_inner width=&#8221;1\/3&#8243;][vc_empty_space height=&#8221;50px&#8221;][vc_single_image image=&#8221;302&#8243; img_size=&#8221;&#8221; alignment=&#8221;center&#8221; qode_css_animation=&#8221;&#8221; el_class=&#8221;iconos_home&#8221;][vc_column_text]<\/p>\n<p style=\"text-align: center;\">La necessitat de<br \/>\ncomptar amb un<br \/>\nnegociador expert<\/p>\n<p>[\/vc_column_text][\/vc_column_inner][vc_column_inner width=&#8221;1\/3&#8243;][vc_empty_space height=&#8221;50px&#8221;][vc_single_image image=&#8221;305&#8243; img_size=&#8221;&#8221; alignment=&#8221;center&#8221; qode_css_animation=&#8221;&#8221; el_class=&#8221;iconos_home&#8221;][vc_column_text]<\/p>\n<p style=\"text-align: center;\">La planificaci\u00f3 de la<br \/>\ncorrecte transmissi\u00f3<br \/>\nd\u2019un patrimoni<\/p>\n<p>[\/vc_column_text][\/vc_column_inner][vc_column_inner width=&#8221;1\/3&#8243;][vc_empty_space height=&#8221;50px&#8221;][vc_single_image image=&#8221;412&#8243; img_size=&#8221;&#8221; alignment=&#8221;center&#8221; qode_css_animation=&#8221;&#8221; el_class=&#8221;iconos_home&#8221;][vc_column_text]<\/p>\n<p style=\"text-align: center;\">La resoluci\u00f3<br \/>\ndels aspectes<br \/>\nlegals<\/p>\n<p>[\/vc_column_text][\/vc_column_inner][\/vc_row_inner][\/vc_column][\/vc_row][vc_row css_animation=&#8221;&#8221; row_type=&#8221;row&#8221; use_row_as_full_screen_section=&#8221;no&#8221; type=&#8221;full_width&#8221; angled_section=&#8221;no&#8221; text_align=&#8221;left&#8221; background_image_as_pattern=&#8221;without_pattern&#8221;][vc_column][vc_empty_space height=&#8221;50px&#8221; css=&#8221;.vc_custom_1560944368668{background-color: #ffffff !important;}&#8221;][\/vc_column][\/vc_row][vc_row css_animation=&#8221;&#8221; row_type=&#8221;row&#8221; use_row_as_full_screen_section=&#8221;no&#8221; type=&#8221;full_width&#8221; angled_section=&#8221;no&#8221; text_align=&#8221;left&#8221; background_image_as_pattern=&#8221;without_pattern&#8221; css=&#8221;.vc_custom_1558090708573{background-color: #f6f9fc !important;}&#8221; z_index=&#8221;&#8221;][vc_column][vc_row_inner row_type=&#8221;row&#8221; type=&#8221;full_width&#8221; text_align=&#8221;left&#8221; css_animation=&#8221;&#8221;][vc_column_inner][vc_raw_html]JTIwJTIwJTNDZGl2JTIwY2xhc3MlM0QlMjJjb250ZW5lZG9yX2xvZ29fYWxraWxhbmRvJTIyJTNFJTBBJTNDaW1nJTIwc3JjJTNEJTIyJTJGd3AtY29udGVudCUyRnVwbG9hZHMlMkYyMDE5JTJGMDUlMkZsb2dvX2Fsa2lsYW5kby0zMDB4MTI5LnBuZyUyMiUyMGFsdCUzRCUyMmxvZ28lMjBhbGtpbGFuZG8lMjIlM0UlMEElM0MlMkZkaXYlM0UlMEElM0NkaXYlMjBjbGFzcyUzRCUyMmNvbnRlbmVkb3JfaW5mb19iYW5uZXIlMjIlM0UlMEElMjAlMjAlMjAlMjAlMjAlMjAlMjAlMjAlM0NkaXYlMjBjbGFzcyUzRCUyMmNvbHVtbmFfMV9iYW5uZXIlMjIlM0UlMEElMjAlMjAlMjAlMjAlMjAlMjAlMjAlMjAlMjAlMjAlMjAlMjAlM0NkaXYlMjBjbGFzcyUzRCUyMml0ZW1faW5mb19iYW5uZXIlMjIlM0UlMEElMjAlMjAlMjAlMjAlMjAlMjAlMjAlMjAlMjAlMjAlMjAlMjAlMjAlMjAlMjAlMjAlM0NkaXYlMjBjbGFzcyUzRCUyMmljb25vX251bWVybyUyMiUzRSUyMCUzQ2ltZyUyMHNyYyUzRCUyMiUyRndwLWNvbnRlbnQlMkZ1cGxvYWRzJTJGMjAxOSUyRjA1JTJGMS5wbmclMjIlM0UlMjAlM0MlMkZkaXYlM0UlMEElMjAlMjAlMjAlMjAlMjAlMjAlMjAlMjAlMjAlMjAlMjAlMjAlMjAlMjAlMjAlMjAlM0NkaXYlMjBjbGFzcyUzRCUyMnRleHRvJTIyJTNFJTBBJTIwJTIwJTIwJTIwJTIwJTIwJTIwJTIwJTIwJTIwJTIwJTIwJTIwJTIwJTIwJTIwJTIwJTIwJTIwJTIwJTNDaDMlMjBjbGFzcyUzRCUyMnRpdHVsb19pdGVtX2Jhbm5lcl8xJTIyJTNFR2VzdGklQzMlQjNuJTIwUGF0cmltb25pYWwlM0MlMkZoMyUzRSUwQSUyMCUyMCUyMCUyMCUyMCUyMCUyMCUyMCUyMCUyMCUyMCUyMCUyMCUyMCUyMCUyMCUyMCUyMCUyMCUyMCUzQ3AlMjBjbGFzcyUzRCUyMnRleHRvX2luZm9fYmFubmVyJTIyJTNFVGUlMjBvZnJlY2Vtb3MlMjBudWVzdHJhJTIwZXhwZXJpZW5jaWElMjBlbiUyMGxhJTIwR2VzdGklQzMlQjNuJTIwZGUlMjBQYXRyaW1vbmlvcyUyMElubW9iaWxpYXJpb3MuJTNDJTJGcCUzRSUwQSUyMCUyMCUyMCUyMCUyMCUyMCUyMCUyMCUyMCUyMCUyMCUyMCUyMCUyMCUyMCUyMCUzQyUyRmRpdiUzRSUwQSUyMCUyMCUyMCUyMCUyMCUyMCUyMCUyMCUyMCUyMCUyMCUyMCUzQyUyRmRpdiUzRSUwQSUyMCUyMCUyMCUyMCUyMCUyMCUyMCUyMCUyMCUyMCUyMCUyMCUzQ2RpdiUyMGNsYXNzJTNEJTIyaXRlbV9pbmZvX2Jhbm5lciUyMiUzRSUwQSUyMCUyMCUyMCUyMCUyMCUyMCUyMCUyMCUyMCUyMCUyMCUyMCUyMCUyMCUyMCUyMCUzQ2RpdiUyMGNsYXNzJTNEJTIyaWNvbm9fbnVtZXJvJTIyJTNFJTIwJTNDaW1nJTIwc3JjJTNEJTIyJTJGd3AtY29udGVudCUyRnVwbG9hZHMlMkYyMDE5JTJGMDUlMkYyLnBuZyUyMiUzRSUyMCUzQyUyRmRpdiUzRSUwQSUyMCUyMCUyMCUyMCUyMCUyMCUyMCUyMCUyMCUyMCUyMCUyMCUyMCUyMCUyMCUyMCUzQ2RpdiUyMGNsYXNzJTNEJTIydGV4dG8lMjIlM0UlMEElMjAlMjAlMjAlMjAlMjAlMjAlMjAlMjAlMjAlMjAlMjAlMjAlMjAlMjAlMjAlMjAlMjAlMjAlMjAlMjAlM0NoMyUyMGNsYXNzJTNEJTIydGl0dWxvX2l0ZW1fYmFubmVyXzElMjIlM0UlQzIlQkZRdWllcmVzJTIwaW52ZXJ0aXIlMjBlbiUyMEJhcmNlbG9uYSUzRiUzQyUyRmgzJTNFJTBBJTIwJTIwJTIwJTIwJTIwJTIwJTIwJTIwJTIwJTIwJTIwJTIwJTIwJTIwJTIwJTIwJTIwJTIwJTIwJTIwJTNDcCUyMGNsYXNzJTNEJTIydGV4dG9faW5mb19iYW5uZXIlMjIlM0VUZSUyMGF5dWRhbW9zJTIwYSUyMHRvbWFyJTIwbGFzJTIwbWVqb3JlcyUyMHklMjBtJUMzJUExcyUyMGFjZXJ0YWRhcyUyMGRlY2lzaW9uZXMuJTNDJTJGcCUzRSUwQSUyMCUyMCUyMCUyMCUyMCUyMCUyMCUyMCUyMCUyMCUyMCUyMCUyMCUyMCUyMCUyMCUzQyUyRmRpdiUzRSUwQSUyMCUyMCUyMCUyMCUyMCUyMCUyMCUyMCUyMCUyMCUyMCUyMCUzQyUyRmRpdiUzRSUwQSUyMCUyMCUyMCUyMCUyMCUyMCUyMCUyMCUzQyUyRmRpdiUzRSUwQSUyMCUyMCUyMCUyMCUyMCUyMCUyMCUyMCUzQ2RpdiUyMGNsYXNzJTNEJTIyY29sdW1uYV8yX2Jhbm5lciUyMiUzRSUwQSUyMCUyMCUyMCUyMCUyMCUyMCUyMCUyMCUyMCUyMCUyMCUyMCUzQ2RpdiUyMGNsYXNzJTNEJTIybGluZWFfYmFubmVyJTIyJTNFJTNDJTJGZGl2JTNFJTBBJTIwJTIwJTIwJTIwJTIwJTIwJTIwJTIwJTNDJTJGZGl2JTNFJTBBJTIwJTIwJTIwJTIwJTIwJTIwJTIwJTIwJTNDZGl2JTIwY2xhc3MlM0QlMjJjb2x1bW5hXzNfYmFubmVyJTIyJTNFJTBBJTIwJTIwJTIwJTIwJTIwJTIwJTIwJTIwJTIwJTIwJTIwJTIwJTNDZGl2JTIwY2xhc3MlM0QlMjJpdGVtX2luZm9fYmFubmVyJTIyJTNFJTBBJTIwJTIwJTIwJTIwJTIwJTIwJTIwJTIwJTIwJTIwJTIwJTIwJTIwJTIwJTIwJTIwJTNDZGl2JTIwY2xhc3MlM0QlMjJpY29ub19udW1lcm8lMjIlM0UlMjAlM0NpbWclMjBzcmMlM0QlMjIlMkZ3cC1jb250ZW50JTJGdXBsb2FkcyUyRjIwMTklMkYwNSUyRjMucG5nJTIyJTNFJTIwJTNDJTJGZGl2JTNFJTBBJTIwJTIwJTIwJTIwJTIwJTIwJTIwJTIwJTIwJTIwJTIwJTIwJTIwJTIwJTIwJTIwJTNDZGl2JTIwY2xhc3MlM0QlMjJ0ZXh0byUyMiUzRSUwQSUyMCUyMCUyMCUyMCUyMCUyMCUyMCUyMCUyMCUyMCUyMCUyMCUyMCUyMCUyMCUyMCUyMCUyMCUyMCUyMCUzQ2gzJTIwY2xhc3MlM0QlMjJ0aXR1bG9faXRlbV9iYW5uZXJfMiUyMiUzRSVDMiVCRlF1aWVyZXMlMjBWZW5kZXIlMjAlMkYlMjBBbHF1aWxhciUyMHVuJTIwSW5tdWVibGUlM0YlM0MlMkZoMyUzRSUwQSUyMCUyMCUyMCUyMCUyMCUyMCUyMCUyMCUyMCUyMCUyMCUyMCUyMCUyMCUyMCUyMCUyMCUyMCUyMCUyMCUzQ3AlMjBjbGFzcyUzRCUyMnRleHRvX2luZm9fYmFubmVyJTIyJTNFVGUlMjBvZnJlY2Vtb3MlMjBudWVzdHJhJTIwZGlsYXRhZGElMjBleHBlcmllbmNpYSUyMGVuJTIwZWwlMjBtZXJjYWRvJTIwaW5tb2JpbGlhcmlvLiUyMCUzQyUyRnAlM0UlMEElMjAlMjAlMjAlMjAlMjAlMjAlMjAlMjAlMjAlMjAlMjAlMjAlMjAlMjAlMjAlMjAlM0MlMkZkaXYlM0UlMEElMjAlMjAlMjAlMjAlMjAlMjAlMjAlMjAlMjAlMjAlMjAlMjAlM0MlMkZkaXYlM0UlMEElMjAlMjAlMjAlMjAlMjAlMjAlMjAlMjAlMjAlMjAlMjAlMjAlM0NkaXYlMjBjbGFzcyUzRCUyMml0ZW1faW5mb19iYW5uZXIlMjIlM0UlMEElMjAlMjAlMjAlMjAlMjAlMjAlMjAlMjAlMjAlMjAlMjAlMjAlMjAlMjAlMjAlMjAlM0NkaXYlMjBjbGFzcyUzRCUyMmljb25vX251bWVybyUyMiUzRSUyMCUzQ2ltZyUyMHNyYyUzRCUyMiUyRndwLWNvbnRlbnQlMkZ1cGxvYWRzJTJGMjAxOSUyRjA1JTJGNC5wbmclMjIlM0UlMjAlM0MlMkZkaXYlM0UlMEElMjAlMjAlMjAlMjAlMjAlMjAlMjAlMjAlMjAlMjAlMjAlMjAlMjAlMjAlMjAlMjAlM0NkaXYlMjBjbGFzcyUzRCUyMnRleHRvJTIyJTNFJTBBJTIwJTIwJTIwJTIwJTIwJTIwJTIwJTIwJTIwJTIwJTIwJTIwJTIwJTIwJTIwJTIwJTIwJTIwJTIwJTIwJTNDaDMlMjBjbGFzcyUzRCUyMnRpdHVsb19pdGVtX2Jhbm5lcl8yJTIyJTNFU2VydmljaW8lMjBkZSUyMGF0ZW5jaSVDMyVCM24lMjBhbCUyMGNsaWVudGUlM0MlMkZoMyUzRSUwQSUyMCUyMCUyMCUyMCUyMCUyMCUyMCUyMCUyMCUyMCUyMCUyMCUyMCUyMCUyMCUyMCUyMCUyMCUyMCUyMCUzQ3AlMjBjbGFzcyUzRCUyMnRleHRvX2luZm9fYmFubmVyJTIyJTNFJUMyJUJGRXJlcyUyMGVsJTIwaW5xdWlsaW5vJTIwZGUlMjB1biUyMGlubXVlYmxlJTIwcXVlJTIwdGUlMjBoZW1vcyUyMGFscXVpbGFkbyUyMHklMjB0aWVuZXMlMjB1bmElMjBpbmNpZGVuY2lhJTIwcXVlJTIwZGVzZWFzJTIwcmVwb3J0YXJub3MlM0YlMjAlM0MlMkZwJTNFJTBBJTIwJTIwJTIwJTIwJTIwJTIwJTIwJTIwJTIwJTIwJTIwJTIwJTIwJTIwJTIwJTIwJTNDJTJGZGl2JTNFJTBBJTIwJTIwJTIwJTIwJTIwJTIwJTIwJTIwJTIwJTIwJTIwJTIwJTNDJTJGZGl2JTNFJTBBJTIwJTIwJTIwJTIwJTIwJTIwJTIwJTIwJTNDJTJGZGl2JTNFJTBBJTIwJTIwJTIwJTIwJTNDJTJGZGl2JTNFJTBBJTNDZGl2JTIwY2xhc3MlM0QlMjJib3Rvbl9iYW5uZXIlMjIlM0UlMEElM0NwJTIwc3R5bGUlM0QlMjJ0ZXh0LWFsaWduJTNBJTIwY2VudGVyJTNCJTIyJTNFJTNDYSUyMGhyZWYlM0QlMjIlMjIlMjBjbGFzcyUzRCUyMmJvdG9uX2ZsZWNoYV9henVsJTIyJTNFJTNDaSUyMGNsYXNzJTNEJTIyZmElMjBmYS1zZWFyY2glMjIlM0UlM0MlMkZpJTNFJTIwSVIlMjBBJTIwQUxLSUxBTkRPLkNPTSUyMCUzQ2klMjBjbGFzcyUzRCUyMmZhLWljb24tbG9uZy1hcnJvdy1yaWdodCUyMiUzRSUzQyUyRmklM0UlM0MlMkZhJTNFJTNDJTJGcCUzRSUwQSUzQyUyRmRpdiUzRQ==[\/vc_raw_html][\/vc_column_inner][\/vc_row_inner][\/vc_column][\/vc_row][vc_row css_animation=&#8221;&#8221; row_type=&#8221;row&#8221; use_row_as_full_screen_section=&#8221;no&#8221; type=&#8221;full_width&#8221; angled_section=&#8221;no&#8221; text_align=&#8221;left&#8221; background_image_as_pattern=&#8221;without_pattern&#8221; z_index=&#8221;&#8221; css=&#8221;.vc_custom_1558360168054{background-image: url(http:\/\/www.fincasgandia.com\/wp-content\/uploads\/2019\/05\/back_formulario_banner.jpg?id=176) !important;}&#8221; el_class=&#8221;transparent_90_90&#8243;][vc_column][vc_row_inner row_type=&#8221;row&#8221; type=&#8221;grid&#8221; text_align=&#8221;left&#8221; css_animation=&#8221;&#8221;][vc_column_inner][vc_column_text]<\/p>\n<h2 class=\"titular_white\" style=\"text-align: center;\">CONTACTA\u2019NS<\/h2>\n<p>[\/vc_column_text][vc_column_text]<\/p>\n<p class=\"white\" style=\"text-align: center;\">Deixa\u2019ns les teves dades i et contestarem en menys de 24h<\/p>\n<p>[\/vc_column_text][vc_empty_space height=&#8221;30px&#8221;][vc_raw_html]JTVCZm9ybWlkYWJsZSUyMGlkJTNENCU1RA==[\/vc_raw_html][\/vc_column_inner][\/vc_row_inner][\/vc_column][\/vc_row]<\/p>\n","protected":false},"excerpt":{"rendered":"<p>[vc_row css_animation=&#8221;&#8221; row_type=&#8221;row&#8221; use_row_as_full_screen_section=&#8221;no&#8221; type=&#8221;full_width&#8221; angled_section=&#8221;no&#8221; text_align=&#8221;left&#8221; background_image_as_pattern=&#8221;without_pattern&#8221; css=&#8221;.vc_custom_1560757529712{background-image: url(http:\/\/www.fincasgandia.com\/wp-content\/uploads\/2019\/06\/blau.jpg?id=576) !important;}&#8221; z_index=&#8221;&#8221; el_class=&#8221;transparent_170_70&#8243;][vc_column][vc_column_text] Aprofita la nostre experi\u00e8ncia i bon criteri! Portem molts anys assessorant als nostres clients a prendre les millors i m\u00e9s encertades decisions. [\/vc_column_text][vc_column_text][\/vc_column_text][\/vc_column][\/vc_row][vc_row css_animation=&#8221;&#8221; row_type=&#8221;row&#8221; use_row_as_full_screen_section=&#8221;no&#8221; type=&#8221;full_width&#8221; angled_section=&#8221;no&#8221; text_align=&#8221;left&#8221; background_image_as_pattern=&#8221;without_pattern&#8221;][vc_column][vc_empty_space height=&#8221;50px&#8221;][\/vc_column][\/vc_row][vc_row css_animation=&#8221;&#8221;<\/p>\n","protected":false},"author":1,"featured_media":0,"parent":0,"menu_order":0,"comment_status":"closed","ping_status":"closed","template":"full_width.php","meta":{"footnotes":""},"class_list":["post-1045","page","type-page","status-publish","hentry"],"yoast_head":"<!-- This site is optimized with the Yoast SEO plugin v25.6 - https:\/\/yoast.com\/wordpress\/plugins\/seo\/ -->\n<title>Assessorament immobiliari - Fincas Gand\u00eda<\/title>\n<meta name=\"robots\" content=\"index, follow, max-snippet:-1, max-image-preview:large, max-video-preview:-1\" \/>\n<link rel=\"canonical\" href=\"https:\/\/www.fincasgandia.com\/ca\/assessorament-immobiliari\/\" \/>\n<meta property=\"og:locale\" content=\"ca_ES\" \/>\n<meta property=\"og:type\" content=\"article\" \/>\n<meta property=\"og:title\" content=\"Assessorament immobiliari - Fincas Gand\u00eda\" \/>\n<meta property=\"og:description\" content=\"[vc_row css_animation=&#8221;&#8221; row_type=&#8221;row&#8221; use_row_as_full_screen_section=&#8221;no&#8221; type=&#8221;full_width&#8221; angled_section=&#8221;no&#8221; text_align=&#8221;left&#8221; background_image_as_pattern=&#8221;without_pattern&#8221; css=&#8221;.vc_custom_1560757529712{background-image: url(http:\/\/www.fincasgandia.com\/wp-content\/uploads\/2019\/06\/blau.jpg?id=576) !important;}&#8221; z_index=&#8221;&#8221; el_class=&#8221;transparent_170_70&#8243;][vc_column][vc_column_text] Aprofita la nostre experi\u00e8ncia i bon criteri! Portem molts anys assessorant als nostres clients a prendre les millors i m\u00e9s encertades decisions. [\/vc_column_text][vc_column_text][\/vc_column_text][\/vc_column][\/vc_row][vc_row css_animation=&#8221;&#8221; row_type=&#8221;row&#8221; use_row_as_full_screen_section=&#8221;no&#8221; type=&#8221;full_width&#8221; angled_section=&#8221;no&#8221; text_align=&#8221;left&#8221; background_image_as_pattern=&#8221;without_pattern&#8221;][vc_column][vc_empty_space height=&#8221;50px&#8221;][\/vc_column][\/vc_row][vc_row css_animation=&#8221;&#8221;\" \/>\n<meta property=\"og:url\" content=\"https:\/\/www.fincasgandia.com\/ca\/assessorament-immobiliari\/\" \/>\n<meta property=\"og:site_name\" content=\"Fincas Gand\u00eda\" \/>\n<meta property=\"article:modified_time\" content=\"2019-07-24T08:40:40+00:00\" \/>\n<meta name=\"twitter:card\" content=\"summary_large_image\" \/>\n<meta name=\"twitter:label1\" content=\"Temps estimat de lectura\" \/>\n\t<meta name=\"twitter:data1\" content=\"6 minuts\" \/>\n<script type=\"application\/ld+json\" class=\"yoast-schema-graph\">{\"@context\":\"https:\/\/schema.org\",\"@graph\":[{\"@type\":\"WebPage\",\"@id\":\"https:\/\/www.fincasgandia.com\/ca\/assessorament-immobiliari\/\",\"url\":\"https:\/\/www.fincasgandia.com\/ca\/assessorament-immobiliari\/\",\"name\":\"Assessorament immobiliari - Fincas Gand\u00eda\",\"isPartOf\":{\"@id\":\"https:\/\/www.fincasgandia.com\/#website\"},\"datePublished\":\"2019-07-10T08:00:06+00:00\",\"dateModified\":\"2019-07-24T08:40:40+00:00\",\"breadcrumb\":{\"@id\":\"https:\/\/www.fincasgandia.com\/ca\/assessorament-immobiliari\/#breadcrumb\"},\"inLanguage\":\"ca\",\"potentialAction\":[{\"@type\":\"ReadAction\",\"target\":[\"https:\/\/www.fincasgandia.com\/ca\/assessorament-immobiliari\/\"]}]},{\"@type\":\"BreadcrumbList\",\"@id\":\"https:\/\/www.fincasgandia.com\/ca\/assessorament-immobiliari\/#breadcrumb\",\"itemListElement\":[{\"@type\":\"ListItem\",\"position\":1,\"name\":\"Inicio\",\"item\":\"https:\/\/www.fincasgandia.com\/ca\/\"},{\"@type\":\"ListItem\",\"position\":2,\"name\":\"Assessorament immobiliari\"}]},{\"@type\":\"WebSite\",\"@id\":\"https:\/\/www.fincasgandia.com\/#website\",\"url\":\"https:\/\/www.fincasgandia.com\/\",\"name\":\"Fincas Gand\u00eda\",\"description\":\"\u00bfPlanificas un cambio? Cuenta con nosotros\",\"publisher\":{\"@id\":\"https:\/\/www.fincasgandia.com\/#organization\"},\"potentialAction\":[{\"@type\":\"SearchAction\",\"target\":{\"@type\":\"EntryPoint\",\"urlTemplate\":\"https:\/\/www.fincasgandia.com\/?s={search_term_string}\"},\"query-input\":{\"@type\":\"PropertyValueSpecification\",\"valueRequired\":true,\"valueName\":\"search_term_string\"}}],\"inLanguage\":\"ca\"},{\"@type\":\"Organization\",\"@id\":\"https:\/\/www.fincasgandia.com\/#organization\",\"name\":\"Fincas Gandia\",\"url\":\"https:\/\/www.fincasgandia.com\/\",\"logo\":{\"@type\":\"ImageObject\",\"inLanguage\":\"ca\",\"@id\":\"https:\/\/www.fincasgandia.com\/#\/schema\/logo\/image\/\",\"url\":\"https:\/\/www.fincasgandia.com\/wp-content\/uploads\/2019\/05\/favicon_2.jpg\",\"contentUrl\":\"https:\/\/www.fincasgandia.com\/wp-content\/uploads\/2019\/05\/favicon_2.jpg\",\"width\":500,\"height\":500,\"caption\":\"Fincas Gandia\"},\"image\":{\"@id\":\"https:\/\/www.fincasgandia.com\/#\/schema\/logo\/image\/\"}}]}<\/script>\n<!-- \/ Yoast SEO plugin. -->","yoast_head_json":{"title":"Assessorament immobiliari - Fincas Gand\u00eda","robots":{"index":"index","follow":"follow","max-snippet":"max-snippet:-1","max-image-preview":"max-image-preview:large","max-video-preview":"max-video-preview:-1"},"canonical":"https:\/\/www.fincasgandia.com\/ca\/assessorament-immobiliari\/","og_locale":"ca_ES","og_type":"article","og_title":"Assessorament immobiliari - Fincas Gand\u00eda","og_description":"[vc_row css_animation=&#8221;&#8221; row_type=&#8221;row&#8221; use_row_as_full_screen_section=&#8221;no&#8221; type=&#8221;full_width&#8221; angled_section=&#8221;no&#8221; text_align=&#8221;left&#8221; background_image_as_pattern=&#8221;without_pattern&#8221; css=&#8221;.vc_custom_1560757529712{background-image: url(http:\/\/www.fincasgandia.com\/wp-content\/uploads\/2019\/06\/blau.jpg?id=576) !important;}&#8221; z_index=&#8221;&#8221; el_class=&#8221;transparent_170_70&#8243;][vc_column][vc_column_text] Aprofita la nostre experi\u00e8ncia i bon criteri! Portem molts anys assessorant als nostres clients a prendre les millors i m\u00e9s encertades decisions. [\/vc_column_text][vc_column_text][\/vc_column_text][\/vc_column][\/vc_row][vc_row css_animation=&#8221;&#8221; row_type=&#8221;row&#8221; use_row_as_full_screen_section=&#8221;no&#8221; type=&#8221;full_width&#8221; angled_section=&#8221;no&#8221; text_align=&#8221;left&#8221; background_image_as_pattern=&#8221;without_pattern&#8221;][vc_column][vc_empty_space height=&#8221;50px&#8221;][\/vc_column][\/vc_row][vc_row css_animation=&#8221;&#8221;","og_url":"https:\/\/www.fincasgandia.com\/ca\/assessorament-immobiliari\/","og_site_name":"Fincas Gand\u00eda","article_modified_time":"2019-07-24T08:40:40+00:00","twitter_card":"summary_large_image","twitter_misc":{"Temps estimat de lectura":"6 minuts"},"schema":{"@context":"https:\/\/schema.org","@graph":[{"@type":"WebPage","@id":"https:\/\/www.fincasgandia.com\/ca\/assessorament-immobiliari\/","url":"https:\/\/www.fincasgandia.com\/ca\/assessorament-immobiliari\/","name":"Assessorament immobiliari - Fincas Gand\u00eda","isPartOf":{"@id":"https:\/\/www.fincasgandia.com\/#website"},"datePublished":"2019-07-10T08:00:06+00:00","dateModified":"2019-07-24T08:40:40+00:00","breadcrumb":{"@id":"https:\/\/www.fincasgandia.com\/ca\/assessorament-immobiliari\/#breadcrumb"},"inLanguage":"ca","potentialAction":[{"@type":"ReadAction","target":["https:\/\/www.fincasgandia.com\/ca\/assessorament-immobiliari\/"]}]},{"@type":"BreadcrumbList","@id":"https:\/\/www.fincasgandia.com\/ca\/assessorament-immobiliari\/#breadcrumb","itemListElement":[{"@type":"ListItem","position":1,"name":"Inicio","item":"https:\/\/www.fincasgandia.com\/ca\/"},{"@type":"ListItem","position":2,"name":"Assessorament immobiliari"}]},{"@type":"WebSite","@id":"https:\/\/www.fincasgandia.com\/#website","url":"https:\/\/www.fincasgandia.com\/","name":"Fincas Gand\u00eda","description":"\u00bfPlanificas un cambio? Cuenta con nosotros","publisher":{"@id":"https:\/\/www.fincasgandia.com\/#organization"},"potentialAction":[{"@type":"SearchAction","target":{"@type":"EntryPoint","urlTemplate":"https:\/\/www.fincasgandia.com\/?s={search_term_string}"},"query-input":{"@type":"PropertyValueSpecification","valueRequired":true,"valueName":"search_term_string"}}],"inLanguage":"ca"},{"@type":"Organization","@id":"https:\/\/www.fincasgandia.com\/#organization","name":"Fincas Gandia","url":"https:\/\/www.fincasgandia.com\/","logo":{"@type":"ImageObject","inLanguage":"ca","@id":"https:\/\/www.fincasgandia.com\/#\/schema\/logo\/image\/","url":"https:\/\/www.fincasgandia.com\/wp-content\/uploads\/2019\/05\/favicon_2.jpg","contentUrl":"https:\/\/www.fincasgandia.com\/wp-content\/uploads\/2019\/05\/favicon_2.jpg","width":500,"height":500,"caption":"Fincas Gandia"},"image":{"@id":"https:\/\/www.fincasgandia.com\/#\/schema\/logo\/image\/"}}]}},"_links":{"self":[{"href":"https:\/\/www.fincasgandia.com\/ca\/wp-json\/wp\/v2\/pages\/1045"}],"collection":[{"href":"https:\/\/www.fincasgandia.com\/ca\/wp-json\/wp\/v2\/pages"}],"about":[{"href":"https:\/\/www.fincasgandia.com\/ca\/wp-json\/wp\/v2\/types\/page"}],"author":[{"embeddable":true,"href":"https:\/\/www.fincasgandia.com\/ca\/wp-json\/wp\/v2\/users\/1"}],"replies":[{"embeddable":true,"href":"https:\/\/www.fincasgandia.com\/ca\/wp-json\/wp\/v2\/comments?post=1045"}],"version-history":[{"count":0,"href":"https:\/\/www.fincasgandia.com\/ca\/wp-json\/wp\/v2\/pages\/1045\/revisions"}],"wp:attachment":[{"href":"https:\/\/www.fincasgandia.com\/ca\/wp-json\/wp\/v2\/media?parent=1045"}],"curies":[{"name":"wp","href":"https:\/\/api.w.org\/{rel}","templated":true}]}}