{"id":1083,"date":"2019-07-11T11:54:32","date_gmt":"2019-07-11T09:54:32","guid":{"rendered":"https:\/\/www.fincasgandia.com\/?page_id=1083"},"modified":"2022-05-23T13:13:16","modified_gmt":"2022-05-23T11:13:16","slug":"politica-de-privacitat","status":"publish","type":"page","link":"https:\/\/www.fincasgandia.com\/ca\/politica-de-privacitat\/","title":{"rendered":"Politica de privacitat"},"content":{"rendered":"<p>[vc_row css_animation=&#8221;&#8221; row_type=&#8221;row&#8221; use_row_as_full_screen_section=&#8221;no&#8221; type=&#8221;full_width&#8221; angled_section=&#8221;no&#8221; text_align=&#8221;left&#8221; background_image_as_pattern=&#8221;without_pattern&#8221; css=&#8221;.vc_custom_1558020634430{background-image: url(http:\/\/www.fincasgandia.com\/wp-content\/uploads\/2019\/05\/Mesa-de-trabajo-2.png?id=70) !important;}&#8221; z_index=&#8221;&#8221; el_class=&#8221;transparent_170_70&#8243;][vc_column][vc_column_text]<\/p>\n<h1 class=\"titular_white\">POL\u00cdTICA DE PRIVACITAT<\/h1>\n<p class=\"white\">Fincas Gandia<\/p>\n<p>[\/vc_column_text][vc_column_text]<img decoding=\"async\" class=\"flecha_cabecera aligncenter\" src=\"\/wp-content\/uploads\/2019\/05\/flecha.png\" \/>[\/vc_column_text][\/vc_column][\/vc_row][vc_row css_animation=&#8221;&#8221; row_type=&#8221;row&#8221; use_row_as_full_screen_section=&#8221;no&#8221; type=&#8221;grid&#8221; angled_section=&#8221;no&#8221; text_align=&#8221;left&#8221; background_image_as_pattern=&#8221;without_pattern&#8221; el_class=&#8221;white_box_90_140&#8243; z_index=&#8221;&#8221;][vc_column][vc_column_text el_class=&#8221;mb_120&#8243;]<\/p>\n<h2><strong>Dades del propietari de la web:<\/strong><\/h2>\n<ul>\n<li><strong>RA\u00d3 SOCIAL<\/strong>: FINCAS GANDIA SERVICIOS INMOBILIARIOS SLP<\/li>\n<li><strong>NIF<\/strong>: B64553589<\/li>\n<li><strong>DIRECCI\u00d3 POSTAL<\/strong>: RAMBLA CATALUNYA 81 4 2 08008, BARCELONA<\/li>\n<li><strong>DIRECCI\u00d3 ELECTR\u00d3NICA<\/strong>: hola@fincasgandia.com<\/li>\n<li><strong>TEL\u00c8FON<\/strong>: 934515000<\/li>\n<li><strong>REGISTRE MERCANTIL<\/strong>: tom 39609, foli 34, full B-348.009 i inscripci\u00f3 3\u00aa<\/li>\n<\/ul>\n<h2>Protecci\u00f3 de dades<\/h2>\n<p>De conformitat amb la normativa vigent i aplicable en protecci\u00f3 de dades de car\u00e0cter personal, us informem que les vostres dades seran incorporades al sistema de tractament titularitat de FINCAS GANDIA SERVICIOS INMOBILIARIOS SLP amb NIF B64553589 i domicili social situat a RAMBLA CATALUNYA 81 4 2 08008, BARCELONA , i que a continuaci\u00f3 es relacionen les seves respectives finalitats, terminis de conservaci\u00f3 i bases legitimadores. Per a aquells tractaments que ho requereixin, s&#8217;informa tamb\u00e9 de la possible elaboraci\u00f3 de perfils i decisions automatitzades, aix\u00ed com les possibles cessions i les transfer\u00e8ncies internacionals que FINCAS GANDIA SERVICIOS INMOBILIARIOS SLP t\u00e9 previst realitzar:<\/p>\n<ul>\n<li><strong>Gesti\u00f3 de la p\u00e0gina web<\/strong>\n<ul>\n<li><strong>Finalitat<\/strong>: Tractament i gesti\u00f3 de les dades necess\u00e0ries per a la funcionalitat de la p\u00e1gina web<\/li>\n<li><strong>Termini de conservaci\u00f3<\/strong>: mentre perduri el consentiment prestat<\/li>\n<li><strong>Base leg\u00edtima<\/strong>: El consentimiento de l\u2019interessat Tipologia de Dades: Dades merament identificatives<\/li>\n<li><strong>Cessions<\/strong>: No se preveuen<\/li>\n<li><strong>Transfer\u00e8ncies internacionals<\/strong>: No es preveuen<\/li>\n<li><strong>Elaboracions de perfils<\/strong>: No es preveuen<\/li>\n<\/ul>\n<\/li>\n<li><strong>Formulari web<\/strong>\n<ul>\n<li><strong>Finalitat<\/strong>: Atendre les vostres consultes i\/o sol.licituds<\/li>\n<li><strong>Termini de conservaci\u00f3<\/strong>: mentre es mantingui el consentiment prestat.<\/li>\n<li><strong>Base leg\u00edtima<\/strong>: El consentimient de l\u2019interesat Tipologia de Dades: Dades merament identificatives<\/li>\n<li><strong>Cessions<\/strong>: Cap<\/li>\n<li><strong>Transfer\u00e8ncies internacionals<\/strong>: No es preveuen<\/li>\n<li><strong>Elaboracions de perfils<\/strong>: No es preveuen<\/li>\n<\/ul>\n<\/li>\n<li><strong>Gesti\u00f3 del compliment normatiu<\/strong>\n<ul>\n<li><strong>Finalitat<\/strong>: Gesti\u00f3 i tramitaci\u00f3 de les obligacions i deures que es derivin del compliment de la normativa a qu\u00e8 est\u00e0 subjecta l&#8217;entitat<\/li>\n<li><strong>Termini de conservaci\u00f3<\/strong>: conservaci\u00f3 de les c\u00f2pies dels documents fins que prescriguin les accions per reclamar-li una possible responsabilitat<\/li>\n<li><strong>Base leg\u00edtima<\/strong>: El compliment d&#8217;una llei<\/li>\n<li><strong>Tipologia de Dades<\/strong>: Dades merament identificatives<\/li>\n<li><strong>Cessions<\/strong>: Cap les seves dades seran comunicades en cas que sigui necessari a organismes i\/o administraci\u00f3 p\u00fablica amb compet\u00e8ncia en la mat\u00e8ria amb la finalitat de complir amb les obligacions establertes a la normativa aplicable. A m\u00e9s, s&#8217;informa que la base legitimadora de la cessi\u00f3 \u00e9s complir amb les obligacions establertes a la normativa aplicable<\/li>\n<li><strong>Transfer\u00e8ncies internacionals<\/strong>: No es preveuen<\/li>\n<li><strong>Elaboracions de perfils<\/strong>: No es preveuen<\/li>\n<\/ul>\n<\/li>\n<li><strong>Newsletters<\/strong>:\n<ul>\n<li><strong>Finalitat<\/strong>: Captaci\u00f3, registre i tractament de dades amb finalitats de m\u00e0rqueting per fer l&#8217;enviament corresponent a la Newsletter a la qual s&#8217;ha subscrit<\/li>\n<li><strong>Termini de conservaci\u00f3<\/strong>: mentre es mantingui el consentiment prestat<\/li>\n<li><strong>Base leg\u00edtima<\/strong>: El consentiment de l\u2019interessat Tipologia de Dades: Dades merament identificatives<\/li>\n<li><strong>Cessions<\/strong>: Cap<\/li>\n<li><strong>Transfer\u00e8ncies internacionals<\/strong>: No es preveuen<\/li>\n<li><strong>Elaboracions de perfils<\/strong>: No es preveuen<\/li>\n<\/ul>\n<\/li>\n<li><strong>Acciones Comerciales<\/strong>\n<ul>\n<li><strong>Finalitat<\/strong>: Captaci\u00f3, registre i tractament de dades amb finalitats de publicitat i prospecci\u00f3 comercial dels nostres productes i\/o serveis<\/li>\n<li><strong>Termini de conservaci\u00f3<\/strong>: mentre es mantingui el consentiment prestat<\/li>\n<li><strong>Base leg\u00edtima<\/strong>: El consentiment de l\u2019interessat Tipologia de Dades: Dades merament identificatives<\/li>\n<li><strong>Cessions<\/strong>: Cap<\/li>\n<li><strong>Transfer\u00e8ncies internacionals<\/strong>: No es preveuen<\/li>\n<li><strong>Elaboracions de perfils<\/strong>: No es preveuen<\/li>\n<\/ul>\n<\/li>\n<\/ul>\n<p>Alhora, us informem que podeu contactar amb el Delegat de Protecci\u00f3 de Dades, adre\u00e7ant-vos per escrit a l&#8217;adre\u00e7a de correu <a href=\"mailto:dpd.cliente@conversia.es\">dpd.cliente@conversia.es<\/a> o al tel\u00e8fon 902 877 192.<\/p>\n<h2>Drets dels interessats<\/h2>\n<p>FINCAS GANDIA SERVICIOS INMOBILIARIOS SLP informa als Usuaris que, podr\u00e0 exercir els drets d&#8217;acc\u00e9s, rectificaci\u00f3, limitaci\u00f3, supressi\u00f3, portabilitat i oposici\u00f3 al tractament de les seves dades de car\u00e0cter personal davant del Responsable del Tractament, aix\u00ed com a la retirada del consentiment prestat.<\/p>\n<ul>\n<li><strong>Dret d&#8217;acc\u00e9s<\/strong>: \u00c9s el dret de l&#8217;usuari a obtenir informaci\u00f3 sobre les dades concretes de car\u00e0cter personal i del tractament que s&#8217;hagi realitzat o realitzi, aix\u00ed com de la informaci\u00f3 disponible sobre l&#8217;origen d&#8217;aquestes dades i les comunicacions realitzades o previstes mateixos.<\/li>\n<li><strong>Dret de Rectificaci\u00f3<\/strong>: \u00c9s el dret de l&#8217;afectat a qu\u00e8 es modifiquin les dades que resultin ser inexactes o incompletes. Nom\u00e9s es podr\u00e0 satisfer en relaci\u00f3 amb aquella informaci\u00f3 que estigui sota el control de l&#8217;APP, per exemple, eliminar comentaris publicats a la pr\u00f2pia p\u00e0gina, imatges o continguts web on constin dades de car\u00e0cter personal de l&#8217;usuari.<\/li>\n<li><strong>Dret a la Limitaci\u00f3 de tractament<\/strong>: \u00c9s el dret que es limitin les finalitats del tractament previstes de forma original pel responsable del tractament.<\/li>\n<li><strong>Dret de Supressi\u00f3<\/strong>: \u00c9s el dret a suprimir les dades de car\u00e0cter personal de l&#8217;usuari, a excepci\u00f3 del que preveu el mateix RGPD o altres normatives aplicables que determinin l&#8217;obligatorietat de la seva conservaci\u00f3, en temps i forma.<\/li>\n<li><strong>Dret de portabilitat<\/strong>: El dret a rebre les dades personals que l&#8217;usuari hagi facilitat, en un format estructurat, d&#8217;\u00fas com\u00fa i de lectura mec\u00e0nica, ia transmetre&#8217;ls a un altre responsable.<\/li>\n<li><strong>Dret d&#8217;oposici\u00f3<\/strong>: \u00c9s el dret de l&#8217;usuari a qu\u00e8 no es dugui a terme el tractament de les dades de car\u00e0cter personal o se&#8217;n cessi el tractament per part de l&#8217;APP.<\/li>\n<\/ul>\n<p>Per poder exercir qualsevol dels drets descrits anteriorment haur\u00e0 de complir els seg\u00fcents requisits:<\/p>\n<ul>\n<li>Presentaci\u00f3 d&#8217;un escrit a l&#8217;adre\u00e7a RAMBLA CATALUNYA 81 4 2 08008, BARCELONA (a l&#8217;atenci\u00f3 de FINCAS GANDIA SERVEIS IMMOBILIARIS SLP) o b\u00e9 per correu electr\u00f2nic a per correu electr\u00f2nic a <a href=\"mailto:hola@fincasgandia.com\">hola@fincasgandia.com<\/a>.<\/li>\n<li>L&#8217;escrit rem\u00e8s pel titular de les dades que sol\u00b7liciti l&#8217;exercici haur\u00e0 de complir els requisits legals seg\u00fcents:\n<ul>\n<li>Nom, cognoms de l&#8217;interessat i c\u00f2pia del DNI\/NIE o qualsevol document identificatiu. En els casos excepcionals en qu\u00e8 s&#8217;admeti la representaci\u00f3, ser\u00e0 tamb\u00e9 necess\u00e0ria la identificaci\u00f3 pel mateix mitj\u00e0 de la persona que el representa, aix\u00ed com el document acreditatiu de la representaci\u00f3. La fotoc\u00f2pia del DNI podr\u00e0 ser substitu\u00efda sempre que la identitat s&#8217;acrediti per qualsevol altre mitj\u00e0 v\u00e0lid en dret.<\/li>\n<li>Petici\u00f3 en qu\u00e8 es concreta la sol\u00b7licitud. (Exercici en qu\u00e8 se sol\u00b7licita la informaci\u00f3 a la qual es vol accedir). Si no feu refer\u00e8ncia a un fitxer concret se us facilitar\u00e0 tota la informaci\u00f3 que es tingui amb les vostres dades de car\u00e0cter personal. Si sol\u00b7liciteu informaci\u00f3 d&#8217;un fitxer en concret, nom\u00e9s la informaci\u00f3 d&#8217;aquest fitxer. Si sol\u00b7licita informaci\u00f3 relativa a un tercer mai no es podr\u00e0 facilitar. Si ho demaneu per tel\u00e8fon se us indicar\u00e0 que ho feu per escrit i se us informar\u00e0 de com ho podeu fer i l&#8217;adre\u00e7a a la qual heu d&#8217;enviar-ho. Mai no se us donar\u00e0 informaci\u00f3 per tel\u00e8fon.<\/li>\n<li>Domicili a efectes de notificacions.<\/li>\n<li>Data i signatura del sol\u00b7licitant.<\/li>\n<li>Documents acreditatius de la petici\u00f3 que formula.<\/li>\n<li>L&#8217;interessat ha d&#8217;utilitzar qualsevol mitj\u00e0 que permeti acreditar l&#8217;enviament i la recepci\u00f3 de la sol\u00b7licitud.<\/li>\n<\/ul>\n<\/li>\n<\/ul>\n<p>Finalment, us informem que teniu dret a presentar una reclamaci\u00f3 davant l&#8217;Ag\u00e8ncia Espanyola de Protecci\u00f3 de Dades en cas que en tingueu coneixement o considereu que un fet pugui suposar un incompliment de la normativa aplicable en mat\u00e8ria de protecci\u00f3 de dades.<\/p>\n<p>FINCAS GANDIA SERVICIOS INMOBILIARIOS SLP es compromet a adoptar les mesures t\u00e8cniques i organitzatives necess\u00e0ries, d&#8217;acord amb el nivell de riscos que acompanyen els tractaments realitzats per aquestes i indicats a l&#8217;apartat dels termes i condicions d&#8217;\u00fas, de manera que garanteixin la seva integritat, confidencialitat i disponibilitat.<\/p>\n<p><strong>\u00daLTIMA ACTUALITZACI\u00d3: 20 de maig de 2022<\/strong>[\/vc_column_text][vc_empty_space height=&#8221;50px&#8221;][\/vc_column][\/vc_row]<\/p>\n","protected":false},"excerpt":{"rendered":"<p>[vc_row css_animation=&#8221;&#8221; row_type=&#8221;row&#8221; use_row_as_full_screen_section=&#8221;no&#8221; type=&#8221;full_width&#8221; angled_section=&#8221;no&#8221; text_align=&#8221;left&#8221; background_image_as_pattern=&#8221;without_pattern&#8221; css=&#8221;.vc_custom_1558020634430{background-image: url(http:\/\/www.fincasgandia.com\/wp-content\/uploads\/2019\/05\/Mesa-de-trabajo-2.png?id=70) !important;}&#8221; z_index=&#8221;&#8221; el_class=&#8221;transparent_170_70&#8243;][vc_column][vc_column_text] POL\u00cdTICA DE PRIVACITAT Fincas Gandia [\/vc_column_text][vc_column_text][\/vc_column_text][\/vc_column][\/vc_row][vc_row css_animation=&#8221;&#8221; row_type=&#8221;row&#8221; use_row_as_full_screen_section=&#8221;no&#8221; type=&#8221;grid&#8221; angled_section=&#8221;no&#8221; text_align=&#8221;left&#8221; background_image_as_pattern=&#8221;without_pattern&#8221; el_class=&#8221;white_box_90_140&#8243; z_index=&#8221;&#8221;][vc_column][vc_column_text el_class=&#8221;mb_120&#8243;] Dades del propietari de la web: RA\u00d3 SOCIAL: FINCAS GANDIA SERVICIOS INMOBILIARIOS SLP NIF: B64553589 DIRECCI\u00d3<\/p>\n","protected":false},"author":1,"featured_media":0,"parent":0,"menu_order":0,"comment_status":"closed","ping_status":"closed","template":"full_width.php","meta":{"footnotes":""},"class_list":["post-1083","page","type-page","status-publish","hentry"],"yoast_head":"<!-- This site is optimized with the Yoast SEO plugin v25.6 - https:\/\/yoast.com\/wordpress\/plugins\/seo\/ -->\n<title>Politica de privacitat - Fincas Gand\u00eda<\/title>\n<meta name=\"robots\" content=\"index, follow, max-snippet:-1, max-image-preview:large, max-video-preview:-1\" \/>\n<link rel=\"canonical\" href=\"https:\/\/www.fincasgandia.com\/ca\/politica-de-privacitat\/\" \/>\n<meta property=\"og:locale\" content=\"ca_ES\" \/>\n<meta property=\"og:type\" content=\"article\" \/>\n<meta property=\"og:title\" content=\"Politica de privacitat - Fincas Gand\u00eda\" \/>\n<meta property=\"og:description\" content=\"[vc_row css_animation=&#8221;&#8221; row_type=&#8221;row&#8221; use_row_as_full_screen_section=&#8221;no&#8221; type=&#8221;full_width&#8221; angled_section=&#8221;no&#8221; text_align=&#8221;left&#8221; background_image_as_pattern=&#8221;without_pattern&#8221; css=&#8221;.vc_custom_1558020634430{background-image: url(http:\/\/www.fincasgandia.com\/wp-content\/uploads\/2019\/05\/Mesa-de-trabajo-2.png?id=70) !important;}&#8221; z_index=&#8221;&#8221; el_class=&#8221;transparent_170_70&#8243;][vc_column][vc_column_text] POL\u00cdTICA DE PRIVACITAT Fincas Gandia [\/vc_column_text][vc_column_text][\/vc_column_text][\/vc_column][\/vc_row][vc_row css_animation=&#8221;&#8221; row_type=&#8221;row&#8221; use_row_as_full_screen_section=&#8221;no&#8221; type=&#8221;grid&#8221; angled_section=&#8221;no&#8221; text_align=&#8221;left&#8221; background_image_as_pattern=&#8221;without_pattern&#8221; el_class=&#8221;white_box_90_140&#8243; z_index=&#8221;&#8221;][vc_column][vc_column_text el_class=&#8221;mb_120&#8243;] Dades del propietari de la web: RA\u00d3 SOCIAL: FINCAS GANDIA SERVICIOS INMOBILIARIOS SLP NIF: B64553589 DIRECCI\u00d3\" \/>\n<meta property=\"og:url\" content=\"https:\/\/www.fincasgandia.com\/ca\/politica-de-privacitat\/\" \/>\n<meta property=\"og:site_name\" content=\"Fincas Gand\u00eda\" \/>\n<meta property=\"article:modified_time\" content=\"2022-05-23T11:13:16+00:00\" \/>\n<meta name=\"twitter:card\" content=\"summary_large_image\" \/>\n<meta name=\"twitter:label1\" content=\"Temps estimat de lectura\" \/>\n\t<meta name=\"twitter:data1\" content=\"7 minuts\" \/>\n<script type=\"application\/ld+json\" class=\"yoast-schema-graph\">{\"@context\":\"https:\/\/schema.org\",\"@graph\":[{\"@type\":\"WebPage\",\"@id\":\"https:\/\/www.fincasgandia.com\/ca\/politica-de-privacitat\/\",\"url\":\"https:\/\/www.fincasgandia.com\/ca\/politica-de-privacitat\/\",\"name\":\"Politica de privacitat - Fincas Gand\u00eda\",\"isPartOf\":{\"@id\":\"https:\/\/www.fincasgandia.com\/#website\"},\"datePublished\":\"2019-07-11T09:54:32+00:00\",\"dateModified\":\"2022-05-23T11:13:16+00:00\",\"breadcrumb\":{\"@id\":\"https:\/\/www.fincasgandia.com\/ca\/politica-de-privacitat\/#breadcrumb\"},\"inLanguage\":\"ca\",\"potentialAction\":[{\"@type\":\"ReadAction\",\"target\":[\"https:\/\/www.fincasgandia.com\/ca\/politica-de-privacitat\/\"]}]},{\"@type\":\"BreadcrumbList\",\"@id\":\"https:\/\/www.fincasgandia.com\/ca\/politica-de-privacitat\/#breadcrumb\",\"itemListElement\":[{\"@type\":\"ListItem\",\"position\":1,\"name\":\"Inicio\",\"item\":\"https:\/\/www.fincasgandia.com\/ca\/\"},{\"@type\":\"ListItem\",\"position\":2,\"name\":\"Politica de privacitat\"}]},{\"@type\":\"WebSite\",\"@id\":\"https:\/\/www.fincasgandia.com\/#website\",\"url\":\"https:\/\/www.fincasgandia.com\/\",\"name\":\"Fincas Gand\u00eda\",\"description\":\"\u00bfPlanificas un cambio? Cuenta con nosotros\",\"publisher\":{\"@id\":\"https:\/\/www.fincasgandia.com\/#organization\"},\"potentialAction\":[{\"@type\":\"SearchAction\",\"target\":{\"@type\":\"EntryPoint\",\"urlTemplate\":\"https:\/\/www.fincasgandia.com\/?s={search_term_string}\"},\"query-input\":{\"@type\":\"PropertyValueSpecification\",\"valueRequired\":true,\"valueName\":\"search_term_string\"}}],\"inLanguage\":\"ca\"},{\"@type\":\"Organization\",\"@id\":\"https:\/\/www.fincasgandia.com\/#organization\",\"name\":\"Fincas Gandia\",\"url\":\"https:\/\/www.fincasgandia.com\/\",\"logo\":{\"@type\":\"ImageObject\",\"inLanguage\":\"ca\",\"@id\":\"https:\/\/www.fincasgandia.com\/#\/schema\/logo\/image\/\",\"url\":\"https:\/\/www.fincasgandia.com\/wp-content\/uploads\/2019\/05\/favicon_2.jpg\",\"contentUrl\":\"https:\/\/www.fincasgandia.com\/wp-content\/uploads\/2019\/05\/favicon_2.jpg\",\"width\":500,\"height\":500,\"caption\":\"Fincas Gandia\"},\"image\":{\"@id\":\"https:\/\/www.fincasgandia.com\/#\/schema\/logo\/image\/\"}}]}<\/script>\n<!-- \/ Yoast SEO plugin. -->","yoast_head_json":{"title":"Politica de privacitat - Fincas Gand\u00eda","robots":{"index":"index","follow":"follow","max-snippet":"max-snippet:-1","max-image-preview":"max-image-preview:large","max-video-preview":"max-video-preview:-1"},"canonical":"https:\/\/www.fincasgandia.com\/ca\/politica-de-privacitat\/","og_locale":"ca_ES","og_type":"article","og_title":"Politica de privacitat - Fincas Gand\u00eda","og_description":"[vc_row css_animation=&#8221;&#8221; row_type=&#8221;row&#8221; use_row_as_full_screen_section=&#8221;no&#8221; type=&#8221;full_width&#8221; angled_section=&#8221;no&#8221; text_align=&#8221;left&#8221; background_image_as_pattern=&#8221;without_pattern&#8221; css=&#8221;.vc_custom_1558020634430{background-image: url(http:\/\/www.fincasgandia.com\/wp-content\/uploads\/2019\/05\/Mesa-de-trabajo-2.png?id=70) !important;}&#8221; z_index=&#8221;&#8221; el_class=&#8221;transparent_170_70&#8243;][vc_column][vc_column_text] POL\u00cdTICA DE PRIVACITAT Fincas Gandia [\/vc_column_text][vc_column_text][\/vc_column_text][\/vc_column][\/vc_row][vc_row css_animation=&#8221;&#8221; row_type=&#8221;row&#8221; use_row_as_full_screen_section=&#8221;no&#8221; type=&#8221;grid&#8221; angled_section=&#8221;no&#8221; text_align=&#8221;left&#8221; background_image_as_pattern=&#8221;without_pattern&#8221; el_class=&#8221;white_box_90_140&#8243; z_index=&#8221;&#8221;][vc_column][vc_column_text el_class=&#8221;mb_120&#8243;] Dades del propietari de la web: RA\u00d3 SOCIAL: FINCAS GANDIA SERVICIOS INMOBILIARIOS SLP NIF: B64553589 DIRECCI\u00d3","og_url":"https:\/\/www.fincasgandia.com\/ca\/politica-de-privacitat\/","og_site_name":"Fincas Gand\u00eda","article_modified_time":"2022-05-23T11:13:16+00:00","twitter_card":"summary_large_image","twitter_misc":{"Temps estimat de lectura":"7 minuts"},"schema":{"@context":"https:\/\/schema.org","@graph":[{"@type":"WebPage","@id":"https:\/\/www.fincasgandia.com\/ca\/politica-de-privacitat\/","url":"https:\/\/www.fincasgandia.com\/ca\/politica-de-privacitat\/","name":"Politica de privacitat - Fincas Gand\u00eda","isPartOf":{"@id":"https:\/\/www.fincasgandia.com\/#website"},"datePublished":"2019-07-11T09:54:32+00:00","dateModified":"2022-05-23T11:13:16+00:00","breadcrumb":{"@id":"https:\/\/www.fincasgandia.com\/ca\/politica-de-privacitat\/#breadcrumb"},"inLanguage":"ca","potentialAction":[{"@type":"ReadAction","target":["https:\/\/www.fincasgandia.com\/ca\/politica-de-privacitat\/"]}]},{"@type":"BreadcrumbList","@id":"https:\/\/www.fincasgandia.com\/ca\/politica-de-privacitat\/#breadcrumb","itemListElement":[{"@type":"ListItem","position":1,"name":"Inicio","item":"https:\/\/www.fincasgandia.com\/ca\/"},{"@type":"ListItem","position":2,"name":"Politica de privacitat"}]},{"@type":"WebSite","@id":"https:\/\/www.fincasgandia.com\/#website","url":"https:\/\/www.fincasgandia.com\/","name":"Fincas Gand\u00eda","description":"\u00bfPlanificas un cambio? Cuenta con nosotros","publisher":{"@id":"https:\/\/www.fincasgandia.com\/#organization"},"potentialAction":[{"@type":"SearchAction","target":{"@type":"EntryPoint","urlTemplate":"https:\/\/www.fincasgandia.com\/?s={search_term_string}"},"query-input":{"@type":"PropertyValueSpecification","valueRequired":true,"valueName":"search_term_string"}}],"inLanguage":"ca"},{"@type":"Organization","@id":"https:\/\/www.fincasgandia.com\/#organization","name":"Fincas Gandia","url":"https:\/\/www.fincasgandia.com\/","logo":{"@type":"ImageObject","inLanguage":"ca","@id":"https:\/\/www.fincasgandia.com\/#\/schema\/logo\/image\/","url":"https:\/\/www.fincasgandia.com\/wp-content\/uploads\/2019\/05\/favicon_2.jpg","contentUrl":"https:\/\/www.fincasgandia.com\/wp-content\/uploads\/2019\/05\/favicon_2.jpg","width":500,"height":500,"caption":"Fincas Gandia"},"image":{"@id":"https:\/\/www.fincasgandia.com\/#\/schema\/logo\/image\/"}}]}},"_links":{"self":[{"href":"https:\/\/www.fincasgandia.com\/ca\/wp-json\/wp\/v2\/pages\/1083"}],"collection":[{"href":"https:\/\/www.fincasgandia.com\/ca\/wp-json\/wp\/v2\/pages"}],"about":[{"href":"https:\/\/www.fincasgandia.com\/ca\/wp-json\/wp\/v2\/types\/page"}],"author":[{"embeddable":true,"href":"https:\/\/www.fincasgandia.com\/ca\/wp-json\/wp\/v2\/users\/1"}],"replies":[{"embeddable":true,"href":"https:\/\/www.fincasgandia.com\/ca\/wp-json\/wp\/v2\/comments?post=1083"}],"version-history":[{"count":7,"href":"https:\/\/www.fincasgandia.com\/ca\/wp-json\/wp\/v2\/pages\/1083\/revisions"}],"predecessor-version":[{"id":1430,"href":"https:\/\/www.fincasgandia.com\/ca\/wp-json\/wp\/v2\/pages\/1083\/revisions\/1430"}],"wp:attachment":[{"href":"https:\/\/www.fincasgandia.com\/ca\/wp-json\/wp\/v2\/media?parent=1083"}],"curies":[{"name":"wp","href":"https:\/\/api.w.org\/{rel}","templated":true}]}}