{"id":1104,"date":"2019-07-12T09:51:01","date_gmt":"2019-07-12T07:51:01","guid":{"rendered":"https:\/\/www.fincasgandia.com\/?page_id=1104"},"modified":"2022-05-23T13:12:48","modified_gmt":"2022-05-23T11:12:48","slug":"avis-legal","status":"publish","type":"page","link":"https:\/\/www.fincasgandia.com\/ca\/avis-legal\/","title":{"rendered":"Av\u00eds Legal"},"content":{"rendered":"<p>[vc_row css_animation=&#8221;&#8221; row_type=&#8221;row&#8221; use_row_as_full_screen_section=&#8221;no&#8221; type=&#8221;full_width&#8221; angled_section=&#8221;no&#8221; text_align=&#8221;left&#8221; background_image_as_pattern=&#8221;without_pattern&#8221; css=&#8221;.vc_custom_1558020634430{background-image: url(http:\/\/www.fincasgandia.com\/wp-content\/uploads\/2019\/05\/Mesa-de-trabajo-2.png?id=70) !important;}&#8221; z_index=&#8221;&#8221; el_class=&#8221;transparent_170_70&#8243;][vc_column][vc_column_text]<\/p>\n<h1 class=\"titular_white\" style=\"text-align: center;\">AV\u00cdS LEGAL<\/h1>\n<p class=\"white\" style=\"text-align: center;\">Fincas Gandia<\/p>\n<p>[\/vc_column_text][vc_column_text]<img decoding=\"async\" class=\"flecha_cabecera aligncenter\" src=\"\/wp-content\/uploads\/2019\/05\/flecha.png\" \/>[\/vc_column_text][\/vc_column][\/vc_row][vc_row css_animation=&#8221;&#8221; row_type=&#8221;row&#8221; use_row_as_full_screen_section=&#8221;no&#8221; type=&#8221;grid&#8221; angled_section=&#8221;no&#8221; text_align=&#8221;left&#8221; background_image_as_pattern=&#8221;without_pattern&#8221; el_class=&#8221;white_box_90_140&#8243; z_index=&#8221;&#8221;][vc_column][vc_column_text el_class=&#8221;mb_120&#8243;]<\/p>\n<h2><strong>INTRODUCCI\u00d3<\/strong><\/h2>\n<p>En compliment de la Llei 34\/2002, de 11 de juliol, de Serveis de la Societat de la Informaci\u00f3 i de Comer\u00e7 Electr\u00f2nic (LSSI-CE), FINCAS GANDIA SERVICIOS INMOBILIARIOS SLP informa que \u00e9s titular del lloc web. D&#8217;acord amb l&#8217;exig\u00e8ncia de l&#8217;article 10 de la Llei esmentada, FINCAS GANDIA SERVICIOS INMOBILIARIOS SLP informa de les dades seg\u00fcents:<\/p>\n<ul>\n<li><strong>RA\u00d3 SOCIAL<\/strong>: FINCAS GANDIA SERVICIOS INMOBILIARIOS SLP<\/li>\n<li><strong>NIF<\/strong>: B64553589<\/li>\n<li><strong>DIRECCI\u00d3 POSTAL<\/strong>: RAMBLA CATALUNYA 81 4 2 08008, BARCELONA<\/li>\n<li><strong>DIRECCI\u00d3 ELECTR\u00d3NICA<\/strong>: hola@fincasgandia.com<\/li>\n<li><strong>TEL\u00c8FON<\/strong>: 934515000<\/li>\n<li><strong>REGISTRE MERCANTIL<\/strong>: tom 39609, foli 34, full B-348.009 i inscripci\u00f3 3\u00aa<\/li>\n<li><strong>OBJECTE PRINCIPAL<\/strong>: Informaci\u00f3 de serveis immobiliaris<\/li>\n<\/ul>\n<h2>USUARI I R\u00c8GIM DE RESPONSABILITATS<\/h2>\n<p>La navegaci\u00f3, acc\u00e9s i \u00fas pel lloc web de FINCAS GANDIA SERVICIOS INMOBILIARIOS SLP confereix la condici\u00f3 d&#8217;usuari, per la qual s&#8217;accepten, des de la navegaci\u00f3 pel lloc web de FINCAS GANDIA SERVICIOS INMOBILIARIOS SLP, totes les condicions d&#8217;\u00fas establertes aqu\u00ed sense perjudici de l&#8217;aplicaci\u00f3 de la corresponent normativa de compliment legal obligat segons el cas.<\/p>\n<p>El lloc web de FINCAS GANDIA SERVICIOS INMOBILIARIOS SLP proporciona gran diversitat d&#8217;informaci\u00f3, serveis i dades. L&#8217;usuari assumeix la responsabilitat en l&#8217;\u00fas correcte del lloc web. Aquesta responsabilitat s&#8217;estendr\u00e0 a:<\/p>\n<ul>\n<li>La veracitat i licitud de les informacions aportades per l&#8217;usuari als formularis estesos per FINCAS GANDIA SERVICIOS INMOBILIARIOS SLP per a l&#8217;acc\u00e9s a certs continguts o serveis oferts pel web.<\/li>\n<li>L&#8217;\u00fas de la informaci\u00f3, serveis i dades ofertes per FINCAS GANDIA SERVICIOS INMOBILIARIOS SLP contr\u00e0riament al que disposen aquestes condicions, la Llei, la moral, els bons costums o l&#8217;ordre p\u00fablic, o que de qualsevol altra manera puguin suposar lesi\u00f3 de els drets de tercers o del mateix funcionament del lloc web.<\/li>\n<\/ul>\n<h2>POL\u00cdTICA D\u2019ENLLA\u00c7OS I EXEMPCIONS DE RESPONSABILITAT<\/h2>\n<p>FINCAS GANDIA SERVICIOS INMOBILIARIOS SLP no es fa responsable del contingut dels llocs web als quals l&#8217;usuari pugui accedir a trav\u00e9s dels enlla\u00e7os establerts al seu lloc web i declara que en cap cas procedir\u00e0 a examinar o exercitar cap tipus de control sobre el contingut altres llocs de la xarxa. Aix\u00ed mateix, tampoc garantir\u00e0 la disponibilitat t\u00e8cnica, exactitud, veracitat, validesa o legalitat de llocs aliens a la seva propietat a qu\u00e8 es pugui accedir per mitj\u00e0 dels enlla\u00e7os.<\/p>\n<p>FINCAS GANDIA SERVICIOS INMOBILIARIOS SLP declara haver adoptat totes les mesures necess\u00e0ries per evitar qualsevol dany als usuaris del seu lloc web, que poguessin derivar-se de la navegaci\u00f3 pel seu lloc web. En conseq\u00fc\u00e8ncia, FINCAS GANDIA SERVICIOS INMOBILIARIOS SLP no es fa responsable, en cap cas, dels danys eventuals que per la navegaci\u00f3 per Internet pogu\u00e9s patir l&#8217;usuari.<\/p>\n<h2>MODIFICACIONS<\/h2>\n<p>FINCAS GANDIA SERVEIS IMMOBILIARIS SLP es reserva el dret a realitzar les modificacions que consideri oportunes, sense previ av\u00eds, en el contingut del seu lloc web. Tant pel que fa als continguts del lloc web, com a les condicions d&#8217;\u00fas del mateix, oa les condicions generals de contractaci\u00f3. Aquestes modificacions podran realitzar-se a trav\u00e9s del seu lloc web per qualsevol forma admissible en dret i seran de compliment obligat durant el temps en qu\u00e8 es trobin publicades al web i fins que no siguin modificades v\u00e0lidament per altres de posteriors.<\/p>\n<h2>PROPIEDAD INTELECTUAL E INDUSTRIAL<\/h2>\n<p>FINCAS GANDIA SERVEIS IMMOBILIARIS SLP per si mateixa o com a cession\u00e0ria, \u00e9s titular de tots els drets de propietat intel\u00b7lectual i industrial de la seva p\u00e0gina web, aix\u00ed com dels elements continguts a la mateixa (a t\u00edtol enunciatiu, imatges, so, \u00e0udio, v\u00eddeo, programari o textos, marques o logotips, combinacions de colors, estructura i disseny, selecci\u00f3 de materials usats, programes d&#8217;ordinador necessaris per al seu funcionament, acc\u00e9s i \u00fas, etc.), titularitat de FINCAS GANDIA SERVEIS IMMOBILIARIS SLP. Seran, per tant, obres protegides com a propietat intel\u00b7lectual per l&#8217;ordenament jur\u00eddic espanyol, i els seran aplicables tant la normativa espanyola i comunit\u00e0ria en aquest camp, com els tractats internacionals relatius a la mat\u00e8ria i subscrits per Espanya.<\/p>\n<p>Tots els drets reservats. En virtut del que disposa la Llei de propietat intel\u00b7lectual, queden expressament prohibides la reproducci\u00f3, la distribuci\u00f3 i la comunicaci\u00f3 p\u00fablica, inclosa la seva modalitat de posada a disposici\u00f3, de la totalitat o part dels continguts d&#8217;aquesta p\u00e0gina web, amb finalitats comercials, en qualsevol suport i per qualsevol mitj\u00e0 t\u00e8cnic, sense l&#8217;autoritzaci\u00f3 de FINCAS GANDIA SERVEIS IMMOBILIARIS SLP.<\/p>\n<p>L&#8217;usuari es compromet a respectar els drets de propietat intel\u00b7lectual i industrial titularitat de FINCAS GANDIA SERVEIS IMMOBILIARIS SLP. Podreu visualitzar els elements del portal i fins i tot imprimir-los, copiar-los i emmagatzemar-los al disc dur del vostre ordinador o en qualsevol altre suport f\u00edsic sempre que sigui, \u00fanica i exclusivament, per al seu \u00fas personal i privat. L&#8217;usuari haur\u00e0 d&#8217;abstenir-se de suprimir, alterar, eludir o manipular qualsevol dispositiu de protecci\u00f3 o sistema de seguretat que estigu\u00e9s instal\u00b7lat a les p\u00e0gines de FINCAS GANDIA SERVEIS IMMOBILIARIS SLP.<\/p>\n<h2>CERTIFICAT SSL (SECURE SOCKETS LAYER)<\/h2>\n<p>El CERTIFICAT SSL proporciona autenticaci\u00f3, privadesa i seguretat de la informaci\u00f3 entre FINCAS GANDIA SERVEIS IMMOBILIARIS SLP i l&#8217;usuari.<\/p>\n<p>FINQUES GANDIA SERVEIS IMMOBILIARIS SLP disposa d&#8217;un certificat de seguretat que s&#8217;utilitza per CERTIFICAT SSL per fer connexions segures.<\/p>\n<p>En aquest proc\u00e9s s&#8217;estableixen diversos par\u00e0metres per realitzar la connexi\u00f3 de forma segura i s&#8217;estableix usant claus preestablertes, codificant i descodificant totes les dades enviades fins que la connexi\u00f3 sigui tancada.<\/p>\n<h2>ACCIONS LEGALS, LEGISLACI\u00d3 APLICABLE I JURISDICCI\u00d3<\/h2>\n<p>FINCAS GANDIA SERVEIS IMMOBILIARIS SLP es reserva, aix\u00ed mateix, la facultat de presentar les accions civils o penals que consideri oportunes per la utilitzaci\u00f3 indeguda del seu lloc web i continguts, o per l&#8217;incompliment de les presents condicions.<\/p>\n<p>La relaci\u00f3 entre l&#8217;usuari i el prestador es regir\u00e0 per la normativa vigent i aplicable al territori espanyol. Si sorgeix qualsevol controv\u00e8rsia, les parts poden sotmetre els seus conflictes a arbitratge o acudir a la jurisdicci\u00f3 ordin\u00e0ria complint amb les normes sobre jurisdicci\u00f3 i compet\u00e8ncia sobre aix\u00f2. FINCAS GANDIA SERVEIS IMMOBILIARIS SLP t\u00e9 el domicili a BARCELONA, Espanya.<\/p>\n<p>Els contractes subscrits per via electr\u00f2nica en qu\u00e8 intervingui com a part un consumidor es presumiran subscrits al lloc on aquest tingui la seva resid\u00e8ncia habitual.<\/p>\n<p>Els contractes electr\u00f2nics entre empresaris o professionals, en defecte de pacte entre les parts, es presumiran subscrits al lloc on estigui establert el prestador de serveis.<\/p>\n<p><strong>\u00daLTIMA ACTUALITZACI\u00d3: 20 de maig de 2022<\/strong>[\/vc_column_text][vc_empty_space height=&#8221;50px&#8221;][\/vc_column][\/vc_row]<\/p>\n","protected":false},"excerpt":{"rendered":"<p>[vc_row css_animation=&#8221;&#8221; row_type=&#8221;row&#8221; use_row_as_full_screen_section=&#8221;no&#8221; type=&#8221;full_width&#8221; angled_section=&#8221;no&#8221; text_align=&#8221;left&#8221; background_image_as_pattern=&#8221;without_pattern&#8221; css=&#8221;.vc_custom_1558020634430{background-image: url(http:\/\/www.fincasgandia.com\/wp-content\/uploads\/2019\/05\/Mesa-de-trabajo-2.png?id=70) !important;}&#8221; z_index=&#8221;&#8221; el_class=&#8221;transparent_170_70&#8243;][vc_column][vc_column_text] AV\u00cdS LEGAL Fincas Gandia [\/vc_column_text][vc_column_text][\/vc_column_text][\/vc_column][\/vc_row][vc_row css_animation=&#8221;&#8221; row_type=&#8221;row&#8221; use_row_as_full_screen_section=&#8221;no&#8221; type=&#8221;grid&#8221; angled_section=&#8221;no&#8221; text_align=&#8221;left&#8221; background_image_as_pattern=&#8221;without_pattern&#8221; el_class=&#8221;white_box_90_140&#8243; z_index=&#8221;&#8221;][vc_column][vc_column_text el_class=&#8221;mb_120&#8243;] INTRODUCCI\u00d3 En compliment de la Llei 34\/2002, de 11 de juliol, de Serveis de la Societat de<\/p>\n","protected":false},"author":1,"featured_media":0,"parent":0,"menu_order":0,"comment_status":"closed","ping_status":"closed","template":"full_width.php","meta":{"footnotes":""},"class_list":["post-1104","page","type-page","status-publish","hentry"],"yoast_head":"<!-- This site is optimized with the Yoast SEO plugin v25.6 - https:\/\/yoast.com\/wordpress\/plugins\/seo\/ -->\n<title>Av\u00eds Legal - Fincas Gand\u00eda<\/title>\n<meta name=\"robots\" content=\"index, follow, max-snippet:-1, max-image-preview:large, max-video-preview:-1\" \/>\n<link rel=\"canonical\" href=\"https:\/\/www.fincasgandia.com\/ca\/avis-legal\/\" \/>\n<meta property=\"og:locale\" content=\"ca_ES\" \/>\n<meta property=\"og:type\" content=\"article\" \/>\n<meta property=\"og:title\" content=\"Av\u00eds Legal - Fincas Gand\u00eda\" \/>\n<meta property=\"og:description\" content=\"[vc_row css_animation=&#8221;&#8221; row_type=&#8221;row&#8221; use_row_as_full_screen_section=&#8221;no&#8221; type=&#8221;full_width&#8221; angled_section=&#8221;no&#8221; text_align=&#8221;left&#8221; background_image_as_pattern=&#8221;without_pattern&#8221; css=&#8221;.vc_custom_1558020634430{background-image: url(http:\/\/www.fincasgandia.com\/wp-content\/uploads\/2019\/05\/Mesa-de-trabajo-2.png?id=70) !important;}&#8221; z_index=&#8221;&#8221; el_class=&#8221;transparent_170_70&#8243;][vc_column][vc_column_text] AV\u00cdS LEGAL Fincas Gandia [\/vc_column_text][vc_column_text][\/vc_column_text][\/vc_column][\/vc_row][vc_row css_animation=&#8221;&#8221; row_type=&#8221;row&#8221; use_row_as_full_screen_section=&#8221;no&#8221; type=&#8221;grid&#8221; angled_section=&#8221;no&#8221; text_align=&#8221;left&#8221; background_image_as_pattern=&#8221;without_pattern&#8221; el_class=&#8221;white_box_90_140&#8243; z_index=&#8221;&#8221;][vc_column][vc_column_text el_class=&#8221;mb_120&#8243;] INTRODUCCI\u00d3 En compliment de la Llei 34\/2002, de 11 de juliol, de Serveis de la Societat de\" \/>\n<meta property=\"og:url\" content=\"https:\/\/www.fincasgandia.com\/ca\/avis-legal\/\" \/>\n<meta property=\"og:site_name\" content=\"Fincas Gand\u00eda\" \/>\n<meta property=\"article:modified_time\" content=\"2022-05-23T11:12:48+00:00\" \/>\n<meta name=\"twitter:card\" content=\"summary_large_image\" \/>\n<meta name=\"twitter:label1\" content=\"Temps estimat de lectura\" \/>\n\t<meta name=\"twitter:data1\" content=\"6 minuts\" \/>\n<script type=\"application\/ld+json\" class=\"yoast-schema-graph\">{\"@context\":\"https:\/\/schema.org\",\"@graph\":[{\"@type\":\"WebPage\",\"@id\":\"https:\/\/www.fincasgandia.com\/ca\/avis-legal\/\",\"url\":\"https:\/\/www.fincasgandia.com\/ca\/avis-legal\/\",\"name\":\"Av\u00eds Legal - Fincas Gand\u00eda\",\"isPartOf\":{\"@id\":\"https:\/\/www.fincasgandia.com\/#website\"},\"datePublished\":\"2019-07-12T07:51:01+00:00\",\"dateModified\":\"2022-05-23T11:12:48+00:00\",\"breadcrumb\":{\"@id\":\"https:\/\/www.fincasgandia.com\/ca\/avis-legal\/#breadcrumb\"},\"inLanguage\":\"ca\",\"potentialAction\":[{\"@type\":\"ReadAction\",\"target\":[\"https:\/\/www.fincasgandia.com\/ca\/avis-legal\/\"]}]},{\"@type\":\"BreadcrumbList\",\"@id\":\"https:\/\/www.fincasgandia.com\/ca\/avis-legal\/#breadcrumb\",\"itemListElement\":[{\"@type\":\"ListItem\",\"position\":1,\"name\":\"Inicio\",\"item\":\"https:\/\/www.fincasgandia.com\/ca\/\"},{\"@type\":\"ListItem\",\"position\":2,\"name\":\"Av\u00eds Legal\"}]},{\"@type\":\"WebSite\",\"@id\":\"https:\/\/www.fincasgandia.com\/#website\",\"url\":\"https:\/\/www.fincasgandia.com\/\",\"name\":\"Fincas Gand\u00eda\",\"description\":\"\u00bfPlanificas un cambio? Cuenta con nosotros\",\"publisher\":{\"@id\":\"https:\/\/www.fincasgandia.com\/#organization\"},\"potentialAction\":[{\"@type\":\"SearchAction\",\"target\":{\"@type\":\"EntryPoint\",\"urlTemplate\":\"https:\/\/www.fincasgandia.com\/?s={search_term_string}\"},\"query-input\":{\"@type\":\"PropertyValueSpecification\",\"valueRequired\":true,\"valueName\":\"search_term_string\"}}],\"inLanguage\":\"ca\"},{\"@type\":\"Organization\",\"@id\":\"https:\/\/www.fincasgandia.com\/#organization\",\"name\":\"Fincas Gandia\",\"url\":\"https:\/\/www.fincasgandia.com\/\",\"logo\":{\"@type\":\"ImageObject\",\"inLanguage\":\"ca\",\"@id\":\"https:\/\/www.fincasgandia.com\/#\/schema\/logo\/image\/\",\"url\":\"https:\/\/www.fincasgandia.com\/wp-content\/uploads\/2019\/05\/favicon_2.jpg\",\"contentUrl\":\"https:\/\/www.fincasgandia.com\/wp-content\/uploads\/2019\/05\/favicon_2.jpg\",\"width\":500,\"height\":500,\"caption\":\"Fincas Gandia\"},\"image\":{\"@id\":\"https:\/\/www.fincasgandia.com\/#\/schema\/logo\/image\/\"}}]}<\/script>\n<!-- \/ Yoast SEO plugin. -->","yoast_head_json":{"title":"Av\u00eds Legal - Fincas Gand\u00eda","robots":{"index":"index","follow":"follow","max-snippet":"max-snippet:-1","max-image-preview":"max-image-preview:large","max-video-preview":"max-video-preview:-1"},"canonical":"https:\/\/www.fincasgandia.com\/ca\/avis-legal\/","og_locale":"ca_ES","og_type":"article","og_title":"Av\u00eds Legal - Fincas Gand\u00eda","og_description":"[vc_row css_animation=&#8221;&#8221; row_type=&#8221;row&#8221; use_row_as_full_screen_section=&#8221;no&#8221; type=&#8221;full_width&#8221; angled_section=&#8221;no&#8221; text_align=&#8221;left&#8221; background_image_as_pattern=&#8221;without_pattern&#8221; css=&#8221;.vc_custom_1558020634430{background-image: url(http:\/\/www.fincasgandia.com\/wp-content\/uploads\/2019\/05\/Mesa-de-trabajo-2.png?id=70) !important;}&#8221; z_index=&#8221;&#8221; el_class=&#8221;transparent_170_70&#8243;][vc_column][vc_column_text] AV\u00cdS LEGAL Fincas Gandia [\/vc_column_text][vc_column_text][\/vc_column_text][\/vc_column][\/vc_row][vc_row css_animation=&#8221;&#8221; row_type=&#8221;row&#8221; use_row_as_full_screen_section=&#8221;no&#8221; type=&#8221;grid&#8221; angled_section=&#8221;no&#8221; text_align=&#8221;left&#8221; background_image_as_pattern=&#8221;without_pattern&#8221; el_class=&#8221;white_box_90_140&#8243; z_index=&#8221;&#8221;][vc_column][vc_column_text el_class=&#8221;mb_120&#8243;] INTRODUCCI\u00d3 En compliment de la Llei 34\/2002, de 11 de juliol, de Serveis de la Societat de","og_url":"https:\/\/www.fincasgandia.com\/ca\/avis-legal\/","og_site_name":"Fincas Gand\u00eda","article_modified_time":"2022-05-23T11:12:48+00:00","twitter_card":"summary_large_image","twitter_misc":{"Temps estimat de lectura":"6 minuts"},"schema":{"@context":"https:\/\/schema.org","@graph":[{"@type":"WebPage","@id":"https:\/\/www.fincasgandia.com\/ca\/avis-legal\/","url":"https:\/\/www.fincasgandia.com\/ca\/avis-legal\/","name":"Av\u00eds Legal - Fincas Gand\u00eda","isPartOf":{"@id":"https:\/\/www.fincasgandia.com\/#website"},"datePublished":"2019-07-12T07:51:01+00:00","dateModified":"2022-05-23T11:12:48+00:00","breadcrumb":{"@id":"https:\/\/www.fincasgandia.com\/ca\/avis-legal\/#breadcrumb"},"inLanguage":"ca","potentialAction":[{"@type":"ReadAction","target":["https:\/\/www.fincasgandia.com\/ca\/avis-legal\/"]}]},{"@type":"BreadcrumbList","@id":"https:\/\/www.fincasgandia.com\/ca\/avis-legal\/#breadcrumb","itemListElement":[{"@type":"ListItem","position":1,"name":"Inicio","item":"https:\/\/www.fincasgandia.com\/ca\/"},{"@type":"ListItem","position":2,"name":"Av\u00eds Legal"}]},{"@type":"WebSite","@id":"https:\/\/www.fincasgandia.com\/#website","url":"https:\/\/www.fincasgandia.com\/","name":"Fincas Gand\u00eda","description":"\u00bfPlanificas un cambio? Cuenta con nosotros","publisher":{"@id":"https:\/\/www.fincasgandia.com\/#organization"},"potentialAction":[{"@type":"SearchAction","target":{"@type":"EntryPoint","urlTemplate":"https:\/\/www.fincasgandia.com\/?s={search_term_string}"},"query-input":{"@type":"PropertyValueSpecification","valueRequired":true,"valueName":"search_term_string"}}],"inLanguage":"ca"},{"@type":"Organization","@id":"https:\/\/www.fincasgandia.com\/#organization","name":"Fincas Gandia","url":"https:\/\/www.fincasgandia.com\/","logo":{"@type":"ImageObject","inLanguage":"ca","@id":"https:\/\/www.fincasgandia.com\/#\/schema\/logo\/image\/","url":"https:\/\/www.fincasgandia.com\/wp-content\/uploads\/2019\/05\/favicon_2.jpg","contentUrl":"https:\/\/www.fincasgandia.com\/wp-content\/uploads\/2019\/05\/favicon_2.jpg","width":500,"height":500,"caption":"Fincas Gandia"},"image":{"@id":"https:\/\/www.fincasgandia.com\/#\/schema\/logo\/image\/"}}]}},"_links":{"self":[{"href":"https:\/\/www.fincasgandia.com\/ca\/wp-json\/wp\/v2\/pages\/1104"}],"collection":[{"href":"https:\/\/www.fincasgandia.com\/ca\/wp-json\/wp\/v2\/pages"}],"about":[{"href":"https:\/\/www.fincasgandia.com\/ca\/wp-json\/wp\/v2\/types\/page"}],"author":[{"embeddable":true,"href":"https:\/\/www.fincasgandia.com\/ca\/wp-json\/wp\/v2\/users\/1"}],"replies":[{"embeddable":true,"href":"https:\/\/www.fincasgandia.com\/ca\/wp-json\/wp\/v2\/comments?post=1104"}],"version-history":[{"count":4,"href":"https:\/\/www.fincasgandia.com\/ca\/wp-json\/wp\/v2\/pages\/1104\/revisions"}],"predecessor-version":[{"id":1429,"href":"https:\/\/www.fincasgandia.com\/ca\/wp-json\/wp\/v2\/pages\/1104\/revisions\/1429"}],"wp:attachment":[{"href":"https:\/\/www.fincasgandia.com\/ca\/wp-json\/wp\/v2\/media?parent=1104"}],"curies":[{"name":"wp","href":"https:\/\/api.w.org\/{rel}","templated":true}]}}