{"id":1375,"date":"2022-05-20T11:38:35","date_gmt":"2022-05-20T09:38:35","guid":{"rendered":"https:\/\/www.fincasgandia.com\/?page_id=1375"},"modified":"2022-05-23T13:01:56","modified_gmt":"2022-05-23T11:01:56","slug":"politica-de-privadesa-xarxes-socials","status":"publish","type":"page","link":"https:\/\/www.fincasgandia.com\/ca\/politica-de-privadesa-xarxes-socials\/","title":{"rendered":"Pol\u00edtica de Privadesa Xarxes Socials"},"content":{"rendered":"<p>[vc_row css_animation=&#8221;&#8221; row_type=&#8221;row&#8221; use_row_as_full_screen_section=&#8221;no&#8221; type=&#8221;full_width&#8221; angled_section=&#8221;no&#8221; text_align=&#8221;left&#8221; background_image_as_pattern=&#8221;without_pattern&#8221; css=&#8221;.vc_custom_1558020634430{background-image: url(http:\/\/www.fincasgandia.com\/wp-content\/uploads\/2019\/05\/Mesa-de-trabajo-2.png?id=70) !important;}&#8221; z_index=&#8221;&#8221; el_class=&#8221;transparent_170_70&#8243;][vc_column][vc_column_text]<\/p>\n<h1 class=\"titular_white\" style=\"text-align: center;\">POL\u00cdTICA DE PRIVACITAT XARXES SOCIALS<\/h1>\n<p class=\"white\" style=\"text-align: center;\">Fincas Gandia<\/p>\n<p>[\/vc_column_text][vc_column_text]<img decoding=\"async\" class=\"flecha_cabecera aligncenter\" src=\"\/wp-content\/uploads\/2019\/05\/flecha.png\" \/>[\/vc_column_text][\/vc_column][\/vc_row][vc_row css_animation=&#8221;&#8221; row_type=&#8221;row&#8221; use_row_as_full_screen_section=&#8221;no&#8221; type=&#8221;grid&#8221; angled_section=&#8221;no&#8221; text_align=&#8221;left&#8221; background_image_as_pattern=&#8221;without_pattern&#8221; el_class=&#8221;white_box_90_140&#8243; z_index=&#8221;&#8221;][vc_column][vc_column_text el_class=&#8221;mb_120&#8243;]De conformitat amb el que estableix la normativa vigent i aplicable de protecci\u00f3 de dades de car\u00e0cter personal i la Llei 34\/2002, d&#8217;11 de juliol, de Serveis de la Societat de la Informaci\u00f3 i de Comer\u00e7 Electr\u00f2nic (LSSI-CE), FINCAS GANDIA SERVICIOS INMOBILIARIOS SLP informa els usuaris, que ha procedit a crear un perfil a les Xarxes Socials Instagram i Linkedin, amb la finalitat principal de publicitar els seus productes i serveis.<\/p>\n<p>Dades de FINCAS GANDIA SERVICIOS INMOBILIARIOS SLP:<\/p>\n<ul>\n<li>NIF: B64553589<\/li>\n<li>DIRECCI\u00d3: RAMBLA CATALUNYA 81 4 2 08008, BARCELONA<\/li>\n<li>CORREU ELECTR\u00d2NIC: <a href=\"mailto:hola@fincasgandia.com\">hola@fincasgandia.com<\/a><\/li>\n<li>DOMINI WEB: <a href=\"http:\/\/www.fincasgandia.com\" target=\"_blank\" rel=\"noopener noreferrer\">www.fincasgandia.com<\/a><\/li>\n<\/ul>\n<p>L&#8217;usuari disposa d&#8217;un perfil a la mateixa Xarxa Social i ha decidit unir-se a la p\u00e0gina creada per FINCAS GANDIA SERVICIOS INMOBILIARIOS SLP, mostrant aix\u00ed inter\u00e8s en la informaci\u00f3 que es publiciti a la Xarxa. En unir-se a la nostra p\u00e0gina, ens facilita el seu consentiment per a tractament d&#8217;aquelles dades personals publicades al seu perfil.<\/p>\n<p>L&#8217;usuari pot accedir en tot moment a les pol\u00edtiques de privadesa de la pr\u00f2pia Xarxa Social, aix\u00ed com configurar el seu perfil per garantir la seva privadesa.<\/p>\n<p>FINCAS GANDIA SERVICIOS INMOBILIARIOS SLP t\u00e9 acc\u00e9s i tracta aquella informaci\u00f3 p\u00fablica de l&#8217;usuari, en especial, el nom de contacte. Aquestes dades nom\u00e9s s\u00f3n utilitzades dins de la pr\u00f2pia Xarxa Social. No s\u00f3n incorporats a cap sistema de tractament.<\/p>\n<h2>Drets dels interessats<\/h2>\n<p>En relaci\u00f3 amb els drets d&#8217;acc\u00e9s, rectificaci\u00f3, limitaci\u00f3 de tractament, supressi\u00f3, portabilitat i oposici\u00f3 al tractament de les vostres dades de car\u00e0cter personal, de qu\u00e8 disposeu i que poden ser exercitats davant FINCAS GANDIA SERVICIOS INMOBILIARIOS SLP, d&#8217;acord amb la RGPD , ha de tenir en compte els matisos seg\u00fcents:<\/p>\n<ul>\n<li><strong>Dret d&#8217;acc\u00e9s<\/strong>: \u00c9s el dret de l&#8217;usuari a obtenir informaci\u00f3 sobre les vostres dades concretes de car\u00e0cter personal i del tractament que s&#8217;hagi realitzat o realitzi, aix\u00ed com de la informaci\u00f3 disponible sobre l&#8217;origen d&#8217;aquestes dades i les comunicacions realitzades o previstes mateixos.<\/li>\n<li><strong>Dret de Rectificaci\u00f3<\/strong>: \u00c9s el dret de l&#8217;afectat a qu\u00e8 es modifiquin les dades que resultin ser inexactes o incompletes. Nom\u00e9s es podr\u00e0 satisfer en relaci\u00f3 amb aquella informaci\u00f3 que es trobe sota el control de FINCAS GANDIA SERVICIOS INMOBILIARIOS SLP, per exemple, eliminar comentaris publicats a la pr\u00f2pia p\u00e0gina, imatges o continguts web on constin dades de car\u00e0cter personal de l&#8217;usuari.<\/li>\n<li><strong>Dret a la Limitaci\u00f3 de tractament<\/strong>: \u00c9s el dret que es limitin les finalitats del tractament previstes de forma original pel responsable del tractament.<\/li>\n<li><strong>Dret de Supressi\u00f3<\/strong>: \u00c9s el dret a suprimir les dades de car\u00e0cter personal de l&#8217;usuari, a excepci\u00f3 del que preveu el mateix RGPD o altres normatives aplicables que determinin l&#8217;obligatorietat de la seva conservaci\u00f3, en temps i forma.<\/li>\n<li><strong>Dret de portabilitat<\/strong>: El dret a rebre les dades personals que l&#8217;usuari hagi facilitat, en un format estructurat, d&#8217;\u00fas com\u00fa i de lectura mec\u00e0nica, ia transmetre-les a un altre responsable.<\/li>\n<li><strong>Dret d&#8217;Oposici\u00f3<\/strong>: \u00c9s el dret de l&#8217;usuari a qu\u00e8 no es dugui a terme el tractament de les seves dades de car\u00e0cter personal o se&#8217;n cessi el tractament per part de FINCAS GANDIA SERVICIOS INMOBILIARIOS SLP.<\/li>\n<\/ul>\n<p>FINCAS GANDIA SERVICIOS INMOBILIARIOS SLP realitzar\u00e0 les actuacions seg\u00fcents:<\/p>\n<ul>\n<li>Acc\u00e9s a la informaci\u00f3 p\u00fablica del perfil.<\/li>\n<li>Publicaci\u00f3 al perfil de l&#8217;usuari de tota aquella informaci\u00f3 ja publicada a la p\u00e0gina de FINCAS GANDIA SERVEIS IMMOBILIARIS SLP.<\/li>\n<li>Enviar missatges personals i individuals a trav\u00e9s dels canals de la Xarxa Social.<\/li>\n<li>Actualitzacions de l&#8217;estat de la p\u00e0gina que es publicaran al perfil de l&#8217;usuari.<\/li>\n<\/ul>\n<p>L&#8217;usuari sempre pot controlar les connexions, eliminar els continguts que deixin d&#8217;interessar-li i restringir amb qui comparteix les connexions, per aix\u00f2 haur\u00e0 d&#8217;accedir a la seva configuraci\u00f3 de privadesa.<\/p>\n<h2>Publicacions<\/h2>\n<p>L&#8217;usuari, un cop unit a la p\u00e0gina de FINCAS GANDIA SERVICIOS INMOBILIARIOS SLP, podr\u00e0 publicar en aquesta \u00faltima comentaris, enlla\u00e7os, imatges o fotografies o qualsevol altre tipus de contingut multim\u00e8dia suportat per la Xarxa Social. L&#8217;usuari, en tots els casos, ha de ser-ne el titular, gaudir dels drets d&#8217;autor i de propietat intel\u00b7lectual o comptar amb el consentiment dels tercers afectats. Es prohibeix expressament qualsevol publicaci\u00f3 a la p\u00e0gina, ja siguin textos, gr\u00e0fics, fotografies, v\u00eddeos, etc. que atemptin o siguin susceptibles d&#8217;atemptar contra la moral, l&#8217;\u00e8tica, el bon gust o el dec\u00f2rum, i\/o que infringeixin, violin o trenquen els drets de propietat intel\u00b7lectual o industrial, el dret a la imatge o la Llei. En aquests casos , FINCAS GANDIA SERVICIOS INMOBILIARIOS SLP es reserva el dret a retirar immediatament el contingut, podent sol\u00b7licitar el bloqueig permanent de l&#8217;usuari.<\/p>\n<p>FINCAS GANDIA SERVICIOS INMOBILIARIOS SLP no es far\u00e0 responsable dels continguts que lliurement ha publicat un usuari.<\/p>\n<p>L&#8217;usuari ha de tenir present que les seves publicacions seran conegudes pels altres usuaris, per la qual cosa ell mateix \u00e9s el principal responsable de la seva privadesa.<\/p>\n<p>Les imatges que puguin publicar-se a la p\u00e0gina no seran emmagatzemades en cap sistema de tractament per part de FINCAS GANDIA SERVICIOS INMOBILIARIOS SLP, per\u00f2 s\u00ed que romandran a la Xarxa Social.<\/p>\n<h2>Concursos i promocions<\/h2>\n<p>FINCAS GANDIA SERVICIOS INMOBILIARIOS SLP es reserva el dret a realitzar concursos i promocions, en qu\u00e8 podr\u00e0 participar l&#8217;usuari unit a la seva p\u00e0gina. Les bases de cadascun d&#8217;ells, quan s&#8217;utilitzi la plataforma de la Xarxa Social, seran publicades en aquesta. Complint sempre amb la LSSI-CE i amb qualsevol altra norma que li sigui aplicable.<\/p>\n<p>La Xarxa Social no patrocina, avala ni administra, de cap manera, cap de les nostres promocions, ni est\u00e0 associada a cap.<\/p>\n<h2>Publicitat<\/h2>\n<p>FINCAS GANDIA SERVICIOS INMOBILIARIOS SLP utilitzar\u00e0 la Xarxa Social per publicitar els seus productes i serveis, en tot cas, si decideix tractar les seves dades de contacte per realitzar accions directes de prospecci\u00f3 comercial, ser\u00e0 sempre, complint amb les exig\u00e8ncies legals del RGPD i de la LSSI- CE.<\/p>\n<p>No es considerar\u00e0 publicitat el fet de recomanar a altres usuaris la p\u00e0gina de FINCAS GANDIA SERVICIOS INMOBILIARIOS SLP perqu\u00e8 tamb\u00e9 ells puguin gaudir de les promocions o estar informats de la seva activitat.<\/p>\n<p>A continuaci\u00f3 detallem l&#8217;enlla\u00e7 a la pol\u00edtica de privadesa de la Xarxa Social:<\/p>\n<p>\u2022 Instagram:<a href=\"http:\/\/instagram.com\/about\/legal\/privacy\/\" target=\"_blank\" rel=\"noopener noreferrer\"> http:\/\/instagram.com\/about\/legal\/privacy\/<\/a><\/p>\n<p>\u2022 Linkedin: <a href=\"http:\/\/www.linkedin.com\/legal\/privacy-policy?trk=hb_ft_priv\" target=\"_blank\" rel=\"noopener noreferrer\">http:\/\/www.linkedin.com\/legal\/privacy-policy?trk=hb_ft_priv<\/a><\/p>\n<p><strong>\u00daLTIMA ACTUALITZACI\u00d3: 20 de maig de 2022<\/strong>[\/vc_column_text][vc_empty_space height=&#8221;50px&#8221;][\/vc_column][\/vc_row]<\/p>\n","protected":false},"excerpt":{"rendered":"<p>[vc_row css_animation=&#8221;&#8221; row_type=&#8221;row&#8221; use_row_as_full_screen_section=&#8221;no&#8221; type=&#8221;full_width&#8221; angled_section=&#8221;no&#8221; text_align=&#8221;left&#8221; background_image_as_pattern=&#8221;without_pattern&#8221; css=&#8221;.vc_custom_1558020634430{background-image: url(http:\/\/www.fincasgandia.com\/wp-content\/uploads\/2019\/05\/Mesa-de-trabajo-2.png?id=70) !important;}&#8221; z_index=&#8221;&#8221; el_class=&#8221;transparent_170_70&#8243;][vc_column][vc_column_text] POL\u00cdTICA DE PRIVACITAT XARXES SOCIALS Fincas Gandia [\/vc_column_text][vc_column_text][\/vc_column_text][\/vc_column][\/vc_row][vc_row css_animation=&#8221;&#8221; row_type=&#8221;row&#8221; use_row_as_full_screen_section=&#8221;no&#8221; type=&#8221;grid&#8221; angled_section=&#8221;no&#8221; text_align=&#8221;left&#8221; background_image_as_pattern=&#8221;without_pattern&#8221; el_class=&#8221;white_box_90_140&#8243; z_index=&#8221;&#8221;][vc_column][vc_column_text el_class=&#8221;mb_120&#8243;]De conformitat amb el que estableix la normativa vigent i aplicable de protecci\u00f3 de dades<\/p>\n","protected":false},"author":1,"featured_media":0,"parent":0,"menu_order":0,"comment_status":"closed","ping_status":"closed","template":"full_width.php","meta":{"footnotes":""},"class_list":["post-1375","page","type-page","status-publish","hentry"],"yoast_head":"<!-- This site is optimized with the Yoast SEO plugin v25.6 - https:\/\/yoast.com\/wordpress\/plugins\/seo\/ -->\n<title>Pol\u00edtica de Privadesa Xarxes Socials - Fincas Gand\u00eda<\/title>\n<meta name=\"robots\" content=\"index, follow, max-snippet:-1, max-image-preview:large, max-video-preview:-1\" \/>\n<link rel=\"canonical\" href=\"https:\/\/www.fincasgandia.com\/ca\/politica-de-privadesa-xarxes-socials\/\" \/>\n<meta property=\"og:locale\" content=\"ca_ES\" \/>\n<meta property=\"og:type\" content=\"article\" \/>\n<meta property=\"og:title\" content=\"Pol\u00edtica de Privadesa Xarxes Socials - Fincas Gand\u00eda\" \/>\n<meta property=\"og:description\" content=\"[vc_row css_animation=&#8221;&#8221; row_type=&#8221;row&#8221; use_row_as_full_screen_section=&#8221;no&#8221; type=&#8221;full_width&#8221; angled_section=&#8221;no&#8221; text_align=&#8221;left&#8221; background_image_as_pattern=&#8221;without_pattern&#8221; css=&#8221;.vc_custom_1558020634430{background-image: url(http:\/\/www.fincasgandia.com\/wp-content\/uploads\/2019\/05\/Mesa-de-trabajo-2.png?id=70) !important;}&#8221; z_index=&#8221;&#8221; el_class=&#8221;transparent_170_70&#8243;][vc_column][vc_column_text] POL\u00cdTICA DE PRIVACITAT XARXES SOCIALS Fincas Gandia [\/vc_column_text][vc_column_text][\/vc_column_text][\/vc_column][\/vc_row][vc_row css_animation=&#8221;&#8221; row_type=&#8221;row&#8221; use_row_as_full_screen_section=&#8221;no&#8221; type=&#8221;grid&#8221; angled_section=&#8221;no&#8221; text_align=&#8221;left&#8221; background_image_as_pattern=&#8221;without_pattern&#8221; el_class=&#8221;white_box_90_140&#8243; z_index=&#8221;&#8221;][vc_column][vc_column_text el_class=&#8221;mb_120&#8243;]De conformitat amb el que estableix la normativa vigent i aplicable de protecci\u00f3 de dades\" \/>\n<meta property=\"og:url\" content=\"https:\/\/www.fincasgandia.com\/ca\/politica-de-privadesa-xarxes-socials\/\" \/>\n<meta property=\"og:site_name\" content=\"Fincas Gand\u00eda\" \/>\n<meta property=\"article:modified_time\" content=\"2022-05-23T11:01:56+00:00\" \/>\n<meta name=\"twitter:card\" content=\"summary_large_image\" \/>\n<meta name=\"twitter:label1\" content=\"Temps estimat de lectura\" \/>\n\t<meta name=\"twitter:data1\" content=\"6 minuts\" \/>\n<script type=\"application\/ld+json\" class=\"yoast-schema-graph\">{\"@context\":\"https:\/\/schema.org\",\"@graph\":[{\"@type\":\"WebPage\",\"@id\":\"https:\/\/www.fincasgandia.com\/ca\/politica-de-privadesa-xarxes-socials\/\",\"url\":\"https:\/\/www.fincasgandia.com\/ca\/politica-de-privadesa-xarxes-socials\/\",\"name\":\"Pol\u00edtica de Privadesa Xarxes Socials - Fincas Gand\u00eda\",\"isPartOf\":{\"@id\":\"https:\/\/www.fincasgandia.com\/#website\"},\"datePublished\":\"2022-05-20T09:38:35+00:00\",\"dateModified\":\"2022-05-23T11:01:56+00:00\",\"breadcrumb\":{\"@id\":\"https:\/\/www.fincasgandia.com\/ca\/politica-de-privadesa-xarxes-socials\/#breadcrumb\"},\"inLanguage\":\"ca\",\"potentialAction\":[{\"@type\":\"ReadAction\",\"target\":[\"https:\/\/www.fincasgandia.com\/ca\/politica-de-privadesa-xarxes-socials\/\"]}]},{\"@type\":\"BreadcrumbList\",\"@id\":\"https:\/\/www.fincasgandia.com\/ca\/politica-de-privadesa-xarxes-socials\/#breadcrumb\",\"itemListElement\":[{\"@type\":\"ListItem\",\"position\":1,\"name\":\"Inicio\",\"item\":\"https:\/\/www.fincasgandia.com\/ca\/\"},{\"@type\":\"ListItem\",\"position\":2,\"name\":\"Pol\u00edtica de Privadesa Xarxes Socials\"}]},{\"@type\":\"WebSite\",\"@id\":\"https:\/\/www.fincasgandia.com\/#website\",\"url\":\"https:\/\/www.fincasgandia.com\/\",\"name\":\"Fincas Gand\u00eda\",\"description\":\"\u00bfPlanificas un cambio? Cuenta con nosotros\",\"publisher\":{\"@id\":\"https:\/\/www.fincasgandia.com\/#organization\"},\"potentialAction\":[{\"@type\":\"SearchAction\",\"target\":{\"@type\":\"EntryPoint\",\"urlTemplate\":\"https:\/\/www.fincasgandia.com\/?s={search_term_string}\"},\"query-input\":{\"@type\":\"PropertyValueSpecification\",\"valueRequired\":true,\"valueName\":\"search_term_string\"}}],\"inLanguage\":\"ca\"},{\"@type\":\"Organization\",\"@id\":\"https:\/\/www.fincasgandia.com\/#organization\",\"name\":\"Fincas Gandia\",\"url\":\"https:\/\/www.fincasgandia.com\/\",\"logo\":{\"@type\":\"ImageObject\",\"inLanguage\":\"ca\",\"@id\":\"https:\/\/www.fincasgandia.com\/#\/schema\/logo\/image\/\",\"url\":\"https:\/\/www.fincasgandia.com\/wp-content\/uploads\/2019\/05\/favicon_2.jpg\",\"contentUrl\":\"https:\/\/www.fincasgandia.com\/wp-content\/uploads\/2019\/05\/favicon_2.jpg\",\"width\":500,\"height\":500,\"caption\":\"Fincas Gandia\"},\"image\":{\"@id\":\"https:\/\/www.fincasgandia.com\/#\/schema\/logo\/image\/\"}}]}<\/script>\n<!-- \/ Yoast SEO plugin. -->","yoast_head_json":{"title":"Pol\u00edtica de Privadesa Xarxes Socials - Fincas Gand\u00eda","robots":{"index":"index","follow":"follow","max-snippet":"max-snippet:-1","max-image-preview":"max-image-preview:large","max-video-preview":"max-video-preview:-1"},"canonical":"https:\/\/www.fincasgandia.com\/ca\/politica-de-privadesa-xarxes-socials\/","og_locale":"ca_ES","og_type":"article","og_title":"Pol\u00edtica de Privadesa Xarxes Socials - Fincas Gand\u00eda","og_description":"[vc_row css_animation=&#8221;&#8221; row_type=&#8221;row&#8221; use_row_as_full_screen_section=&#8221;no&#8221; type=&#8221;full_width&#8221; angled_section=&#8221;no&#8221; text_align=&#8221;left&#8221; background_image_as_pattern=&#8221;without_pattern&#8221; css=&#8221;.vc_custom_1558020634430{background-image: url(http:\/\/www.fincasgandia.com\/wp-content\/uploads\/2019\/05\/Mesa-de-trabajo-2.png?id=70) !important;}&#8221; z_index=&#8221;&#8221; el_class=&#8221;transparent_170_70&#8243;][vc_column][vc_column_text] POL\u00cdTICA DE PRIVACITAT XARXES SOCIALS Fincas Gandia [\/vc_column_text][vc_column_text][\/vc_column_text][\/vc_column][\/vc_row][vc_row css_animation=&#8221;&#8221; row_type=&#8221;row&#8221; use_row_as_full_screen_section=&#8221;no&#8221; type=&#8221;grid&#8221; angled_section=&#8221;no&#8221; text_align=&#8221;left&#8221; background_image_as_pattern=&#8221;without_pattern&#8221; el_class=&#8221;white_box_90_140&#8243; z_index=&#8221;&#8221;][vc_column][vc_column_text el_class=&#8221;mb_120&#8243;]De conformitat amb el que estableix la normativa vigent i aplicable de protecci\u00f3 de dades","og_url":"https:\/\/www.fincasgandia.com\/ca\/politica-de-privadesa-xarxes-socials\/","og_site_name":"Fincas Gand\u00eda","article_modified_time":"2022-05-23T11:01:56+00:00","twitter_card":"summary_large_image","twitter_misc":{"Temps estimat de lectura":"6 minuts"},"schema":{"@context":"https:\/\/schema.org","@graph":[{"@type":"WebPage","@id":"https:\/\/www.fincasgandia.com\/ca\/politica-de-privadesa-xarxes-socials\/","url":"https:\/\/www.fincasgandia.com\/ca\/politica-de-privadesa-xarxes-socials\/","name":"Pol\u00edtica de Privadesa Xarxes Socials - Fincas Gand\u00eda","isPartOf":{"@id":"https:\/\/www.fincasgandia.com\/#website"},"datePublished":"2022-05-20T09:38:35+00:00","dateModified":"2022-05-23T11:01:56+00:00","breadcrumb":{"@id":"https:\/\/www.fincasgandia.com\/ca\/politica-de-privadesa-xarxes-socials\/#breadcrumb"},"inLanguage":"ca","potentialAction":[{"@type":"ReadAction","target":["https:\/\/www.fincasgandia.com\/ca\/politica-de-privadesa-xarxes-socials\/"]}]},{"@type":"BreadcrumbList","@id":"https:\/\/www.fincasgandia.com\/ca\/politica-de-privadesa-xarxes-socials\/#breadcrumb","itemListElement":[{"@type":"ListItem","position":1,"name":"Inicio","item":"https:\/\/www.fincasgandia.com\/ca\/"},{"@type":"ListItem","position":2,"name":"Pol\u00edtica de Privadesa Xarxes Socials"}]},{"@type":"WebSite","@id":"https:\/\/www.fincasgandia.com\/#website","url":"https:\/\/www.fincasgandia.com\/","name":"Fincas Gand\u00eda","description":"\u00bfPlanificas un cambio? Cuenta con nosotros","publisher":{"@id":"https:\/\/www.fincasgandia.com\/#organization"},"potentialAction":[{"@type":"SearchAction","target":{"@type":"EntryPoint","urlTemplate":"https:\/\/www.fincasgandia.com\/?s={search_term_string}"},"query-input":{"@type":"PropertyValueSpecification","valueRequired":true,"valueName":"search_term_string"}}],"inLanguage":"ca"},{"@type":"Organization","@id":"https:\/\/www.fincasgandia.com\/#organization","name":"Fincas Gandia","url":"https:\/\/www.fincasgandia.com\/","logo":{"@type":"ImageObject","inLanguage":"ca","@id":"https:\/\/www.fincasgandia.com\/#\/schema\/logo\/image\/","url":"https:\/\/www.fincasgandia.com\/wp-content\/uploads\/2019\/05\/favicon_2.jpg","contentUrl":"https:\/\/www.fincasgandia.com\/wp-content\/uploads\/2019\/05\/favicon_2.jpg","width":500,"height":500,"caption":"Fincas Gandia"},"image":{"@id":"https:\/\/www.fincasgandia.com\/#\/schema\/logo\/image\/"}}]}},"_links":{"self":[{"href":"https:\/\/www.fincasgandia.com\/ca\/wp-json\/wp\/v2\/pages\/1375"}],"collection":[{"href":"https:\/\/www.fincasgandia.com\/ca\/wp-json\/wp\/v2\/pages"}],"about":[{"href":"https:\/\/www.fincasgandia.com\/ca\/wp-json\/wp\/v2\/types\/page"}],"author":[{"embeddable":true,"href":"https:\/\/www.fincasgandia.com\/ca\/wp-json\/wp\/v2\/users\/1"}],"replies":[{"embeddable":true,"href":"https:\/\/www.fincasgandia.com\/ca\/wp-json\/wp\/v2\/comments?post=1375"}],"version-history":[{"count":8,"href":"https:\/\/www.fincasgandia.com\/ca\/wp-json\/wp\/v2\/pages\/1375\/revisions"}],"predecessor-version":[{"id":1419,"href":"https:\/\/www.fincasgandia.com\/ca\/wp-json\/wp\/v2\/pages\/1375\/revisions\/1419"}],"wp:attachment":[{"href":"https:\/\/www.fincasgandia.com\/ca\/wp-json\/wp\/v2\/media?parent=1375"}],"curies":[{"name":"wp","href":"https:\/\/api.w.org\/{rel}","templated":true}]}}