{"id":648,"date":"2019-07-02T12:11:39","date_gmt":"2019-07-02T10:11:39","guid":{"rendered":"https:\/\/www.fincasgandia.com\/?page_id=648"},"modified":"2019-07-02T12:11:39","modified_gmt":"2019-07-02T10:11:39","slug":"blog","status":"publish","type":"page","link":"https:\/\/www.fincasgandia.com\/ca\/blog\/","title":{"rendered":"Blog"},"content":{"rendered":"<p>[vc_row css_animation=&#8221;&#8221; row_type=&#8221;row&#8221; use_row_as_full_screen_section=&#8221;no&#8221; type=&#8221;full_width&#8221; angled_section=&#8221;no&#8221; text_align=&#8221;left&#8221; background_image_as_pattern=&#8221;without_pattern&#8221; el_class=&#8221;white_box_90_140&#8243; z_index=&#8221;&#8221;][vc_column][vc_column_text el_class=&#8221;mb_120&#8243;]<\/p>\n<h2 class=\"titular\" style=\"text-align: center;\">Blog<\/h2>\n<div class=\"separador\"><\/div>\n<p>[\/vc_column_text][vc_row_inner row_type=&#8221;row&#8221; type=&#8221;grid&#8221; text_align=&#8221;left&#8221; css_animation=&#8221;&#8221; css=&#8221;.vc_custom_1558001172921{margin-top: 30px !important;}&#8221;][vc_column_inner]<div id=\"mpc_grid_posts_5469eb612e42692\" class=\"mpc-grid-posts mpc-init mpc-init mpc-transition mpc-overlay--fade mpc-item--fade mpc-layout--style_3  \"  data-grid-cols=\"3\"><div class=\"mpc-grid-sizer\"><\/div><div onclick=\"\" class=\"mpc-post\"><div class=\"mpc-post__wrapper\"><div class=\"mpc-post__thumbnail\" data-mpc_src=\"https:\/\/www.fincasgandia.com\/wp-content\/uploads\/2019\/05\/CedulaHabitabilidad-1024x737.jpg\" data-mpc_link=\"https:\/\/www.fincasgandia.com\/ca\/que-es-la-cedula-dhabitabilitat-i-quin-cost-te\/\"><div class=\"mpc-post__overlay mpc-transition\"><div class=\"mpc-post--vertical-wrap\"><div class=\"mpc-post--vertical\" data-mpc_link=\"https:\/\/www.fincasgandia.com\/ca\/que-es-la-cedula-dhabitabilitat-i-quin-cost-te\/\"><a href=\"https:\/\/www.fincasgandia.com\/wp-content\/uploads\/2019\/05\/CedulaHabitabilidad.jpg\" title=\"QU\u00c8 \u00c9S LA C\u00c8DULA D\u2019HABITABILITAT I QUIN COST T\u00c9?\" class=\"mpc-lightbox mpc-icon-anchor mpc-magnific-popup\"><\/a><a href=\"https:\/\/www.fincasgandia.com\/ca\/que-es-la-cedula-dhabitabilitat-i-quin-cost-te\/\" title=\"Read more about QU\u00c8 \u00c9S LA C\u00c8DULA D\u2019HABITABILITAT I QUIN COST T\u00c9?\" class=\"mpc-icon-anchor\"><\/a><\/div><\/div><\/div><\/div><div class=\"mpc-post__content mpc-transition\"><span class=\"mpc-post__date mpc-date__wrapper\"><a href=\"https:\/\/www.fincasgandia.com\/ca\/2019\/05\/29\/\"><div class=\"mpc-date__days\">29<\/div><div class=\"mpc-date__month\">maig<\/div><\/a><\/span><div class=\"mpc-wrapper\"><h3 class=\"mpc-post__heading mpc-transition mpc-text-overflow\"><a href=\"https:\/\/www.fincasgandia.com\/ca\/que-es-la-cedula-dhabitabilitat-i-quin-cost-te\/\" title=\"QU\u00c8 \u00c9S LA C\u00c8DULA D\u2019HABITABILITAT I QUIN COST T\u00c9?\">QU\u00c8 \u00c9S LA C\u00c8DULA D\u2019HABITABILITAT I QUIN COST T\u00c9?<\/a><\/h3><div class=\"mpc-post__meta mpc-transition\"><span class=\"mpc-post__author\">by <a href=\"https:\/\/www.fincasgandia.com\/ca\/author\/admin\/\" title=\"admin\">admin<\/a><\/span>, <span class=\"mpc-post__tax\">in <a href=\"https:\/\/www.fincasgandia.com\/ca\/category\/legal-ca\/\" rel=\"category tag\">Legal<\/a><\/span><\/div><\/div><div class=\"mpc-post__description\">La C\u00e8dula d\u2019Habitabilitat d\u2019un habitatge \u00e9s un document que acredita que un habitatge compleix amb les condicions m\u00ednimes d\u2019habitabilitat i solidesa fixats per Decret. En aquesta acreditaci\u00f3 es regula la superf\u00edcie \u00fatil dels espais de l\u2019habitatge aix\u00ed com l\u2019equipament m\u00ednim que ha de tenir: v\u00e0ter,<\/div><a href=\"https:\/\/www.fincasgandia.com\/ca\/que-es-la-cedula-dhabitabilitat-i-quin-cost-te\/\" title=\"QU\u00c8 \u00c9S LA C\u00c8DULA D\u2019HABITABILITAT I QUIN COST T\u00c9?\"  class=\"mpc-button mpc-init mpc-transition \" ><div class=\"mpc-button__content mpc-effect-type--none mpc-effect-side--none\"><span class=\"mpc-button__title mpc-transition\">Llegir m\u00e9s<\/span><\/div><div class=\"mpc-button__background mpc-transition mpc-effect-type--fade mpc-effect-side--in\"><\/div><\/a><\/div><\/div><\/div><div onclick=\"\" class=\"mpc-post\"><div class=\"mpc-post__wrapper\"><div class=\"mpc-post__thumbnail\" data-mpc_src=\"https:\/\/www.fincasgandia.com\/wp-content\/uploads\/2019\/05\/RENT-1024x683.jpg\" data-mpc_link=\"https:\/\/www.fincasgandia.com\/ca\/per-que-viure-de-lloguer\/\"><div class=\"mpc-post__overlay mpc-transition\"><div class=\"mpc-post--vertical-wrap\"><div class=\"mpc-post--vertical\" data-mpc_link=\"https:\/\/www.fincasgandia.com\/ca\/per-que-viure-de-lloguer\/\"><a href=\"https:\/\/www.fincasgandia.com\/wp-content\/uploads\/2019\/05\/RENT.jpg\" title=\"PER QU\u00c8 VIURE DE LLOGUER?\" class=\"mpc-lightbox mpc-icon-anchor mpc-magnific-popup\"><\/a><a href=\"https:\/\/www.fincasgandia.com\/ca\/per-que-viure-de-lloguer\/\" title=\"Read more about PER QU\u00c8 VIURE DE LLOGUER?\" class=\"mpc-icon-anchor\"><\/a><\/div><\/div><\/div><\/div><div class=\"mpc-post__content mpc-transition\"><span class=\"mpc-post__date mpc-date__wrapper\"><a href=\"https:\/\/www.fincasgandia.com\/ca\/2019\/06\/05\/\"><div class=\"mpc-date__days\">05<\/div><div class=\"mpc-date__month\">juny<\/div><\/a><\/span><div class=\"mpc-wrapper\"><h3 class=\"mpc-post__heading mpc-transition mpc-text-overflow\"><a href=\"https:\/\/www.fincasgandia.com\/ca\/per-que-viure-de-lloguer\/\" title=\"PER QU\u00c8 VIURE DE LLOGUER?\">PER QU\u00c8 VIURE DE LLOGUER?<\/a><\/h3><div class=\"mpc-post__meta mpc-transition\"><span class=\"mpc-post__author\">by <a href=\"https:\/\/www.fincasgandia.com\/ca\/author\/admin\/\" title=\"admin\">admin<\/a><\/span>, <span class=\"mpc-post__tax\">in <a href=\"https:\/\/www.fincasgandia.com\/ca\/category\/opinio\/\" rel=\"category tag\">Opini\u00f3<\/a><\/span><\/div><\/div><div class=\"mpc-post__description\">Quan arriba l\u2019hora d\u2019independitzar-se o de mudar-se a una nova ciutat, la primera pregunta que et planteges \u00e9s si comprar o llogar un pis. L\u2019objectiu \u00e9s clar: trobar el pis ideal que et permeti gaudir de la teva vida i del teu temps. Sense embargaments,<\/div><a href=\"https:\/\/www.fincasgandia.com\/ca\/per-que-viure-de-lloguer\/\" title=\"PER QU\u00c8 VIURE DE LLOGUER?\"  class=\"mpc-button mpc-init mpc-transition \" ><div class=\"mpc-button__content mpc-effect-type--none mpc-effect-side--none\"><span class=\"mpc-button__title mpc-transition\">Llegir m\u00e9s<\/span><\/div><div class=\"mpc-button__background mpc-transition mpc-effect-type--fade mpc-effect-side--in\"><\/div><\/a><\/div><\/div><\/div><div onclick=\"\" class=\"mpc-post\"><div class=\"mpc-post__wrapper\"><div class=\"mpc-post__thumbnail\" data-mpc_src=\"https:\/\/www.fincasgandia.com\/wp-content\/uploads\/2019\/05\/Domotica-1024x622.jpeg\" data-mpc_link=\"https:\/\/www.fincasgandia.com\/ca\/haig-de-posar-domotica-a-la-meva-propietat\/\"><div class=\"mpc-post__overlay mpc-transition\"><div class=\"mpc-post--vertical-wrap\"><div class=\"mpc-post--vertical\" data-mpc_link=\"https:\/\/www.fincasgandia.com\/ca\/haig-de-posar-domotica-a-la-meva-propietat\/\"><a href=\"https:\/\/www.fincasgandia.com\/wp-content\/uploads\/2019\/05\/Domotica.jpeg\" title=\"HAIG DE POSAR DOM\u00d2TICA A LA MEVA PROPIETAT?\" class=\"mpc-lightbox mpc-icon-anchor mpc-magnific-popup\"><\/a><a href=\"https:\/\/www.fincasgandia.com\/ca\/haig-de-posar-domotica-a-la-meva-propietat\/\" title=\"Read more about HAIG DE POSAR DOM\u00d2TICA A LA MEVA PROPIETAT?\" class=\"mpc-icon-anchor\"><\/a><\/div><\/div><\/div><\/div><div class=\"mpc-post__content mpc-transition\"><span class=\"mpc-post__date mpc-date__wrapper\"><a href=\"https:\/\/www.fincasgandia.com\/ca\/2019\/06\/12\/\"><div class=\"mpc-date__days\">12<\/div><div class=\"mpc-date__month\">juny<\/div><\/a><\/span><div class=\"mpc-wrapper\"><h3 class=\"mpc-post__heading mpc-transition mpc-text-overflow\"><a href=\"https:\/\/www.fincasgandia.com\/ca\/haig-de-posar-domotica-a-la-meva-propietat\/\" title=\"HAIG DE POSAR DOM\u00d2TICA A LA MEVA PROPIETAT?\">HAIG DE POSAR DOM\u00d2TICA A LA MEVA PROPIETAT?<\/a><\/h3><div class=\"mpc-post__meta mpc-transition\"><span class=\"mpc-post__author\">by <a href=\"https:\/\/www.fincasgandia.com\/ca\/author\/admin\/\" title=\"admin\">admin<\/a><\/span>, <span class=\"mpc-post__tax\">in <a href=\"https:\/\/www.fincasgandia.com\/ca\/category\/tecnologia-ca\/\" rel=\"category tag\">Tecnologia<\/a><\/span><\/div><\/div><div class=\"mpc-post__description\">El \u201cInternet of Things (IOT)\u201d o \u201cInternet de les Coses\u201d est\u00e0 revolucionant les relacions dels objectes que es connecten a Internet entre si i d\u2019aquests amb les persones, oferint una infinitat de dades \u00fatils en temps real. La seva evoluci\u00f3 est\u00e0 determinant significatius canvis en<\/div><a href=\"https:\/\/www.fincasgandia.com\/ca\/haig-de-posar-domotica-a-la-meva-propietat\/\" title=\"HAIG DE POSAR DOM\u00d2TICA A LA MEVA PROPIETAT?\"  class=\"mpc-button mpc-init mpc-transition \" ><div class=\"mpc-button__content mpc-effect-type--none mpc-effect-side--none\"><span class=\"mpc-button__title mpc-transition\">Llegir m\u00e9s<\/span><\/div><div class=\"mpc-button__background mpc-transition mpc-effect-type--fade mpc-effect-side--in\"><\/div><\/a><\/div><\/div><\/div><\/div>[\/vc_column_inner][\/vc_row_inner][\/vc_column][\/vc_row]<\/p>\n","protected":false},"excerpt":{"rendered":"<p>[vc_row css_animation=&#8221;&#8221; row_type=&#8221;row&#8221; use_row_as_full_screen_section=&#8221;no&#8221; type=&#8221;full_width&#8221; angled_section=&#8221;no&#8221; text_align=&#8221;left&#8221; background_image_as_pattern=&#8221;without_pattern&#8221; el_class=&#8221;white_box_90_140&#8243; z_index=&#8221;&#8221;][vc_column][vc_column_text el_class=&#8221;mb_120&#8243;] Blog [\/vc_column_text][vc_row_inner row_type=&#8221;row&#8221; type=&#8221;grid&#8221; text_align=&#8221;left&#8221; css_animation=&#8221;&#8221; css=&#8221;.vc_custom_1558001172921{margin-top: 30px !important;}&#8221;][vc_column_inner][\/vc_column_inner][\/vc_row_inner][\/vc_column][\/vc_row]<\/p>\n","protected":false},"author":1,"featured_media":0,"parent":0,"menu_order":0,"comment_status":"closed","ping_status":"closed","template":"full_width.php","meta":{"footnotes":""},"class_list":["post-648","page","type-page","status-publish","hentry"],"yoast_head":"<!-- This site is optimized with the Yoast SEO plugin v25.6 - https:\/\/yoast.com\/wordpress\/plugins\/seo\/ -->\n<title>Blog - Fincas Gand\u00eda<\/title>\n<meta name=\"robots\" content=\"index, follow, max-snippet:-1, max-image-preview:large, max-video-preview:-1\" \/>\n<link rel=\"canonical\" href=\"https:\/\/www.fincasgandia.com\/ca\/blog\/\" \/>\n<meta property=\"og:locale\" content=\"ca_ES\" \/>\n<meta property=\"og:type\" content=\"article\" \/>\n<meta property=\"og:title\" content=\"Blog - Fincas Gand\u00eda\" \/>\n<meta property=\"og:description\" content=\"[vc_row css_animation=&#8221;&#8221; row_type=&#8221;row&#8221; use_row_as_full_screen_section=&#8221;no&#8221; type=&#8221;full_width&#8221; angled_section=&#8221;no&#8221; text_align=&#8221;left&#8221; background_image_as_pattern=&#8221;without_pattern&#8221; el_class=&#8221;white_box_90_140&#8243; z_index=&#8221;&#8221;][vc_column][vc_column_text el_class=&#8221;mb_120&#8243;] Blog [\/vc_column_text][vc_row_inner row_type=&#8221;row&#8221; type=&#8221;grid&#8221; text_align=&#8221;left&#8221; css_animation=&#8221;&#8221; css=&#8221;.vc_custom_1558001172921{margin-top: 30px !important;}&#8221;][vc_column_inner][\/vc_column_inner][\/vc_row_inner][\/vc_column][\/vc_row]\" \/>\n<meta property=\"og:url\" content=\"https:\/\/www.fincasgandia.com\/ca\/blog\/\" \/>\n<meta property=\"og:site_name\" content=\"Fincas Gand\u00eda\" \/>\n<meta name=\"twitter:card\" content=\"summary_large_image\" \/>\n<meta name=\"twitter:label1\" content=\"Temps estimat de lectura\" \/>\n\t<meta name=\"twitter:data1\" content=\"1 minut\" \/>\n<script type=\"application\/ld+json\" class=\"yoast-schema-graph\">{\"@context\":\"https:\/\/schema.org\",\"@graph\":[{\"@type\":\"WebPage\",\"@id\":\"https:\/\/www.fincasgandia.com\/ca\/blog\/\",\"url\":\"https:\/\/www.fincasgandia.com\/ca\/blog\/\",\"name\":\"Blog - Fincas Gand\u00eda\",\"isPartOf\":{\"@id\":\"https:\/\/www.fincasgandia.com\/#website\"},\"datePublished\":\"2019-07-02T10:11:39+00:00\",\"breadcrumb\":{\"@id\":\"https:\/\/www.fincasgandia.com\/ca\/blog\/#breadcrumb\"},\"inLanguage\":\"ca\",\"potentialAction\":[{\"@type\":\"ReadAction\",\"target\":[\"https:\/\/www.fincasgandia.com\/ca\/blog\/\"]}]},{\"@type\":\"BreadcrumbList\",\"@id\":\"https:\/\/www.fincasgandia.com\/ca\/blog\/#breadcrumb\",\"itemListElement\":[{\"@type\":\"ListItem\",\"position\":1,\"name\":\"Inicio\",\"item\":\"https:\/\/www.fincasgandia.com\/ca\/\"},{\"@type\":\"ListItem\",\"position\":2,\"name\":\"Blog\"}]},{\"@type\":\"WebSite\",\"@id\":\"https:\/\/www.fincasgandia.com\/#website\",\"url\":\"https:\/\/www.fincasgandia.com\/\",\"name\":\"Fincas Gand\u00eda\",\"description\":\"\u00bfPlanificas un cambio? Cuenta con nosotros\",\"publisher\":{\"@id\":\"https:\/\/www.fincasgandia.com\/#organization\"},\"potentialAction\":[{\"@type\":\"SearchAction\",\"target\":{\"@type\":\"EntryPoint\",\"urlTemplate\":\"https:\/\/www.fincasgandia.com\/?s={search_term_string}\"},\"query-input\":{\"@type\":\"PropertyValueSpecification\",\"valueRequired\":true,\"valueName\":\"search_term_string\"}}],\"inLanguage\":\"ca\"},{\"@type\":\"Organization\",\"@id\":\"https:\/\/www.fincasgandia.com\/#organization\",\"name\":\"Fincas Gandia\",\"url\":\"https:\/\/www.fincasgandia.com\/\",\"logo\":{\"@type\":\"ImageObject\",\"inLanguage\":\"ca\",\"@id\":\"https:\/\/www.fincasgandia.com\/#\/schema\/logo\/image\/\",\"url\":\"https:\/\/www.fincasgandia.com\/wp-content\/uploads\/2019\/05\/favicon_2.jpg\",\"contentUrl\":\"https:\/\/www.fincasgandia.com\/wp-content\/uploads\/2019\/05\/favicon_2.jpg\",\"width\":500,\"height\":500,\"caption\":\"Fincas Gandia\"},\"image\":{\"@id\":\"https:\/\/www.fincasgandia.com\/#\/schema\/logo\/image\/\"}}]}<\/script>\n<!-- \/ Yoast SEO plugin. -->","yoast_head_json":{"title":"Blog - Fincas Gand\u00eda","robots":{"index":"index","follow":"follow","max-snippet":"max-snippet:-1","max-image-preview":"max-image-preview:large","max-video-preview":"max-video-preview:-1"},"canonical":"https:\/\/www.fincasgandia.com\/ca\/blog\/","og_locale":"ca_ES","og_type":"article","og_title":"Blog - Fincas Gand\u00eda","og_description":"[vc_row css_animation=&#8221;&#8221; row_type=&#8221;row&#8221; use_row_as_full_screen_section=&#8221;no&#8221; type=&#8221;full_width&#8221; angled_section=&#8221;no&#8221; text_align=&#8221;left&#8221; background_image_as_pattern=&#8221;without_pattern&#8221; el_class=&#8221;white_box_90_140&#8243; z_index=&#8221;&#8221;][vc_column][vc_column_text el_class=&#8221;mb_120&#8243;] Blog [\/vc_column_text][vc_row_inner row_type=&#8221;row&#8221; type=&#8221;grid&#8221; text_align=&#8221;left&#8221; css_animation=&#8221;&#8221; css=&#8221;.vc_custom_1558001172921{margin-top: 30px !important;}&#8221;][vc_column_inner][\/vc_column_inner][\/vc_row_inner][\/vc_column][\/vc_row]","og_url":"https:\/\/www.fincasgandia.com\/ca\/blog\/","og_site_name":"Fincas Gand\u00eda","twitter_card":"summary_large_image","twitter_misc":{"Temps estimat de lectura":"1 minut"},"schema":{"@context":"https:\/\/schema.org","@graph":[{"@type":"WebPage","@id":"https:\/\/www.fincasgandia.com\/ca\/blog\/","url":"https:\/\/www.fincasgandia.com\/ca\/blog\/","name":"Blog - Fincas Gand\u00eda","isPartOf":{"@id":"https:\/\/www.fincasgandia.com\/#website"},"datePublished":"2019-07-02T10:11:39+00:00","breadcrumb":{"@id":"https:\/\/www.fincasgandia.com\/ca\/blog\/#breadcrumb"},"inLanguage":"ca","potentialAction":[{"@type":"ReadAction","target":["https:\/\/www.fincasgandia.com\/ca\/blog\/"]}]},{"@type":"BreadcrumbList","@id":"https:\/\/www.fincasgandia.com\/ca\/blog\/#breadcrumb","itemListElement":[{"@type":"ListItem","position":1,"name":"Inicio","item":"https:\/\/www.fincasgandia.com\/ca\/"},{"@type":"ListItem","position":2,"name":"Blog"}]},{"@type":"WebSite","@id":"https:\/\/www.fincasgandia.com\/#website","url":"https:\/\/www.fincasgandia.com\/","name":"Fincas Gand\u00eda","description":"\u00bfPlanificas un cambio? Cuenta con nosotros","publisher":{"@id":"https:\/\/www.fincasgandia.com\/#organization"},"potentialAction":[{"@type":"SearchAction","target":{"@type":"EntryPoint","urlTemplate":"https:\/\/www.fincasgandia.com\/?s={search_term_string}"},"query-input":{"@type":"PropertyValueSpecification","valueRequired":true,"valueName":"search_term_string"}}],"inLanguage":"ca"},{"@type":"Organization","@id":"https:\/\/www.fincasgandia.com\/#organization","name":"Fincas Gandia","url":"https:\/\/www.fincasgandia.com\/","logo":{"@type":"ImageObject","inLanguage":"ca","@id":"https:\/\/www.fincasgandia.com\/#\/schema\/logo\/image\/","url":"https:\/\/www.fincasgandia.com\/wp-content\/uploads\/2019\/05\/favicon_2.jpg","contentUrl":"https:\/\/www.fincasgandia.com\/wp-content\/uploads\/2019\/05\/favicon_2.jpg","width":500,"height":500,"caption":"Fincas Gandia"},"image":{"@id":"https:\/\/www.fincasgandia.com\/#\/schema\/logo\/image\/"}}]}},"_links":{"self":[{"href":"https:\/\/www.fincasgandia.com\/ca\/wp-json\/wp\/v2\/pages\/648"}],"collection":[{"href":"https:\/\/www.fincasgandia.com\/ca\/wp-json\/wp\/v2\/pages"}],"about":[{"href":"https:\/\/www.fincasgandia.com\/ca\/wp-json\/wp\/v2\/types\/page"}],"author":[{"embeddable":true,"href":"https:\/\/www.fincasgandia.com\/ca\/wp-json\/wp\/v2\/users\/1"}],"replies":[{"embeddable":true,"href":"https:\/\/www.fincasgandia.com\/ca\/wp-json\/wp\/v2\/comments?post=648"}],"version-history":[{"count":0,"href":"https:\/\/www.fincasgandia.com\/ca\/wp-json\/wp\/v2\/pages\/648\/revisions"}],"wp:attachment":[{"href":"https:\/\/www.fincasgandia.com\/ca\/wp-json\/wp\/v2\/media?parent=648"}],"curies":[{"name":"wp","href":"https:\/\/api.w.org\/{rel}","templated":true}]}}