{"id":1206,"date":"2020-02-24T11:53:33","date_gmt":"2020-02-24T10:53:33","guid":{"rendered":"https:\/\/www.fincasgandia.com\/?page_id=1206"},"modified":"2020-03-03T09:21:07","modified_gmt":"2020-03-03T08:21:07","slug":"conseil-immobilier","status":"publish","type":"page","link":"https:\/\/www.fincasgandia.com\/fr\/conseil-immobilier\/","title":{"rendered":"Conseil Immobilier"},"content":{"rendered":"<p>[vc_row css_animation=\u00a0\u00bb\u00a0\u00bb row_type=\u00a0\u00bbrow\u00a0\u00bb use_row_as_full_screen_section=\u00a0\u00bbno\u00a0\u00bb type=\u00a0\u00bbfull_width\u00a0\u00bb angled_section=\u00a0\u00bbno\u00a0\u00bb text_align=\u00a0\u00bbleft\u00a0\u00bb background_image_as_pattern=\u00a0\u00bbwithout_pattern\u00a0\u00bb css=\u00a0\u00bb.vc_custom_1560757529712{background-image: url(http:\/\/www.fincasgandia.com\/wp-content\/uploads\/2019\/06\/blau.jpg?id=576) !important;}\u00a0\u00bb z_index=\u00a0\u00bb\u00a0\u00bb el_class=\u00a0\u00bbtransparent_170_70&Prime;][vc_column][vc_column_text]<\/p>\n<h2 class=\"titular_white\" style=\"text-align: center;\">Tirez profit de notre exp\u00e9rience et de notre bon jugement!<\/h2>\n<p class=\"white\" style=\"text-align: center;\">Nous aidons nos clients \u00e0 prendre les meilleures d\u00e9cisions depuis de nombreuses ann\u00e9es.<\/p>\n<p>[\/vc_column_text][vc_column_text]<img decoding=\"async\" class=\"flecha_cabecera aligncenter\" src=\"\/wp-content\/uploads\/2019\/05\/flecha.png\" \/>[\/vc_column_text][\/vc_column][\/vc_row][vc_row css_animation=\u00a0\u00bb\u00a0\u00bb row_type=\u00a0\u00bbrow\u00a0\u00bb use_row_as_full_screen_section=\u00a0\u00bbno\u00a0\u00bb type=\u00a0\u00bbfull_width\u00a0\u00bb angled_section=\u00a0\u00bbno\u00a0\u00bb text_align=\u00a0\u00bbleft\u00a0\u00bb background_image_as_pattern=\u00a0\u00bbwithout_pattern\u00a0\u00bb][vc_column][vc_empty_space height=\u00a0\u00bb50px\u00a0\u00bb][\/vc_column][\/vc_row][vc_row css_animation=\u00a0\u00bb\u00a0\u00bb row_type=\u00a0\u00bbrow\u00a0\u00bb use_row_as_full_screen_section=\u00a0\u00bbno\u00a0\u00bb type=\u00a0\u00bbfull_width\u00a0\u00bb angled_section=\u00a0\u00bbno\u00a0\u00bb text_align=\u00a0\u00bbleft\u00a0\u00bb background_image_as_pattern=\u00a0\u00bbwithout_pattern\u00a0\u00bb z_index=\u00a0\u00bb\u00a0\u00bb el_class=\u00a0\u00bbbloque_imagen_texto\u00a0\u00bb][vc_column width=\u00a0\u00bb1\/2&Prime;][vc_single_image image=\u00a0\u00bb504&Prime; img_size=\u00a0\u00bbfull\u00a0\u00bb alignment=\u00a0\u00bbcenter\u00a0\u00bb qode_css_animation=\u00a0\u00bb\u00a0\u00bb][\/vc_column][vc_column width=\u00a0\u00bb1\/2&Prime; el_class=\u00a0\u00bbbloque_contenido_interno\u00a0\u00bb][vc_column_text]<\/p>\n<h3 class=\"sobre_titulo\">NOUS VOUS AIDONS \u00c0 PRENDRE LA MEILLEURE D\u00c9CISION<\/h3>\n<h1 class=\"titular\">Conseil immobilier<\/h1>\n<p>Nous avons plus de 50 ans d\u2019exp\u00e9rience \u00e0 notre actif en tant que conseillers immobiliers qui nous permettent de trouver les meilleurs investissements dans la ville de Barcelone.<br \/>\nNous sommes convaincus qu\u2019il est important d\u2019\u00e9couter les besoins et les d\u00e9sirs de nos clients, afin d\u2019apporter de la valeur \u00e0 leur exp\u00e9rience de <a href=\"https:\/\/www.fincasgandia.com\/fr\/gestion-patrimoine\/\">gestion du patrimoine immobilier<\/a>.<\/p>\n<p>La passion pour notre travail leur apporte un niveau de tranquillit\u00e9 qui leur permet de vivre le processus de d\u00e9cision, dans le domaine immobilier, en toute s\u00e9curit\u00e9 et avec des garanties:<\/p>\n<ul>\n<li>Nous d\u00e9finirons ensemble vos objectifs<\/li>\n<li>Nous \u00e9valuerons les diff\u00e9rentes strat\u00e9gies qui nous permettront de les atteindre en fonction de la situation actuelle du march\u00e9<\/li>\n<li>Nous vous recommanderons la meilleure option<\/li>\n<li>Vous prendrez la meilleure d\u00e9cision<\/li>\n<li>Vous prendrez plaisir \u00e0 cette exp\u00e9rience.<\/li>\n<\/ul>\n<h3 style=\"text-align: center;\">VOUS PENSEZ R\u00c9ALISER UN INVESTISSEMENT IMMOBILIER \u00c0 BARCELONE ?<\/h3>\n<p>[\/vc_column_text][vc_empty_space height=\u00a0\u00bb10px\u00a0\u00bb][vc_column_text]<\/p>\n<p style=\"text-align: center; margin-top: 20px;\"><a class=\"boton_flecha_azul\" href=\"\/fr\/contact\/\">CONTACTEZ-NOUS<i class=\"fa-icon-long-arrow-right\"><\/i><\/a><\/p>\n<p>[\/vc_column_text][vc_empty_space height=\u00a0\u00bb50px\u00a0\u00bb][\/vc_column][\/vc_row][vc_row css_animation=\u00a0\u00bb\u00a0\u00bb row_type=\u00a0\u00bbrow\u00a0\u00bb use_row_as_full_screen_section=\u00a0\u00bbno\u00a0\u00bb type=\u00a0\u00bbfull_width\u00a0\u00bb angled_section=\u00a0\u00bbno\u00a0\u00bb text_align=\u00a0\u00bbleft\u00a0\u00bb background_image_as_pattern=\u00a0\u00bbwithout_pattern\u00a0\u00bb el_class=\u00a0\u00bbwhite_box_90_140&Prime; z_index=\u00a0\u00bb\u00a0\u00bb][vc_column][vc_column_text el_class=\u00a0\u00bbmb_120&Prime;]<\/p>\n<h2 class=\"titular\" style=\"text-align: center;\">Nous vous conseillons<br \/>\npour prendre<br \/>\nla meilleure d\u00e9cision sur&#8230;<\/h2>\n<div class=\"separador\"><\/div>\n<p>[\/vc_column_text][vc_row_inner row_type=\u00a0\u00bbrow\u00a0\u00bb type=\u00a0\u00bbfull_width\u00a0\u00bb text_align=\u00a0\u00bbleft\u00a0\u00bb css_animation=\u00a0\u00bb\u00a0\u00bb el_class=\u00a0\u00bbgrid_1400&Prime;][vc_column_inner width=\u00a0\u00bb1\/3&Prime;][vc_empty_space height=\u00a0\u00bb50px\u00a0\u00bb][vc_single_image image=\u00a0\u00bb304&Prime; img_size=\u00a0\u00bb\u00a0\u00bb alignment=\u00a0\u00bbcenter\u00a0\u00bb qode_css_animation=\u00a0\u00bb\u00a0\u00bb el_class=\u00a0\u00bbiconos_home\u00a0\u00bb][vc_column_text]<\/p>\n<p class=\"\" style=\"text-align: center;\">La composition<br \/>\net la rentabilit\u00e9<br \/>\nd\u2019un patrimoine<\/p>\n<p>[\/vc_column_text][\/vc_column_inner][vc_column_inner width=\u00a0\u00bb1\/3&Prime;][vc_empty_space height=\u00a0\u00bb50px\u00a0\u00bb][vc_single_image image=\u00a0\u00bb481&Prime; img_size=\u00a0\u00bb\u00a0\u00bb alignment=\u00a0\u00bbcenter\u00a0\u00bb qode_css_animation=\u00a0\u00bb\u00a0\u00bb el_class=\u00a0\u00bbiconos_home\u00a0\u00bb][vc_column_text]<\/p>\n<p style=\"text-align: center;\">L\u2019entretien<br \/>\ndes actifs avec les<br \/>\ninvestissements n\u00e9cessaires<\/p>\n<p>[\/vc_column_text][\/vc_column_inner][vc_column_inner width=\u00a0\u00bb1\/3&Prime;][vc_empty_space height=\u00a0\u00bb50px\u00a0\u00bb][vc_single_image image=\u00a0\u00bb478&Prime; img_size=\u00a0\u00bb\u00a0\u00bb alignment=\u00a0\u00bbcenter\u00a0\u00bb qode_css_animation=\u00a0\u00bb\u00a0\u00bb el_class=\u00a0\u00bbiconos_home\u00a0\u00bb][vc_column_text]<\/p>\n<p style=\"text-align: center;\">La possibilit\u00e9<br \/>\nd\u2019acheter et de vendre<br \/>\nainsi que son co\u00fbt<\/p>\n<p>[\/vc_column_text][\/vc_column_inner][\/vc_row_inner][vc_row_inner row_type=\u00a0\u00bbrow\u00a0\u00bb type=\u00a0\u00bbfull_width\u00a0\u00bb text_align=\u00a0\u00bbleft\u00a0\u00bb css_animation=\u00a0\u00bb\u00a0\u00bb el_class=\u00a0\u00bbgrid_1400&Prime;][vc_column_inner width=\u00a0\u00bb1\/3&Prime;][vc_empty_space height=\u00a0\u00bb50px\u00a0\u00bb][vc_single_image image=\u00a0\u00bb302&Prime; img_size=\u00a0\u00bb\u00a0\u00bb alignment=\u00a0\u00bbcenter\u00a0\u00bb qode_css_animation=\u00a0\u00bb\u00a0\u00bb el_class=\u00a0\u00bbiconos_home\u00a0\u00bb][vc_column_text]<\/p>\n<p style=\"text-align: center;\">L\u2019importance de<br \/>\ndisposer d\u2019un<br \/>\nn\u00e9gociateur expert<\/p>\n<p>[\/vc_column_text][\/vc_column_inner][vc_column_inner width=\u00a0\u00bb1\/3&Prime;][vc_empty_space height=\u00a0\u00bb50px\u00a0\u00bb][vc_single_image image=\u00a0\u00bb305&Prime; img_size=\u00a0\u00bb\u00a0\u00bb alignment=\u00a0\u00bbcenter\u00a0\u00bb qode_css_animation=\u00a0\u00bb\u00a0\u00bb el_class=\u00a0\u00bbiconos_home\u00a0\u00bb][vc_column_text]<\/p>\n<p style=\"text-align: center;\">La planification d\u2019une<br \/>\nbonne transmission<br \/>\nde patrimoine<\/p>\n<p>[\/vc_column_text][\/vc_column_inner][vc_column_inner width=\u00a0\u00bb1\/3&Prime;][vc_empty_space height=\u00a0\u00bb50px\u00a0\u00bb][vc_single_image image=\u00a0\u00bb412&Prime; img_size=\u00a0\u00bb\u00a0\u00bb alignment=\u00a0\u00bbcenter\u00a0\u00bb qode_css_animation=\u00a0\u00bb\u00a0\u00bb el_class=\u00a0\u00bbiconos_home\u00a0\u00bb][vc_column_text]<\/p>\n<p style=\"text-align: center;\">La r\u00e9solution<br \/>\ndes aspects<br \/>\njuridiques<\/p>\n<p>[\/vc_column_text][\/vc_column_inner][\/vc_row_inner][\/vc_column][\/vc_row][vc_row css_animation=\u00a0\u00bb\u00a0\u00bb row_type=\u00a0\u00bbrow\u00a0\u00bb use_row_as_full_screen_section=\u00a0\u00bbno\u00a0\u00bb type=\u00a0\u00bbfull_width\u00a0\u00bb angled_section=\u00a0\u00bbno\u00a0\u00bb text_align=\u00a0\u00bbleft\u00a0\u00bb background_image_as_pattern=\u00a0\u00bbwithout_pattern\u00a0\u00bb][vc_column][vc_empty_space height=\u00a0\u00bb50px\u00a0\u00bb css=\u00a0\u00bb.vc_custom_1560944368668{background-color: #ffffff !important;}\u00a0\u00bb][\/vc_column][\/vc_row][vc_row css_animation=\u00a0\u00bb\u00a0\u00bb row_type=\u00a0\u00bbrow\u00a0\u00bb use_row_as_full_screen_section=\u00a0\u00bbno\u00a0\u00bb type=\u00a0\u00bbfull_width\u00a0\u00bb angled_section=\u00a0\u00bbno\u00a0\u00bb text_align=\u00a0\u00bbleft\u00a0\u00bb background_image_as_pattern=\u00a0\u00bbwithout_pattern\u00a0\u00bb css=\u00a0\u00bb.vc_custom_1558090708573{background-color: #f6f9fc !important;}\u00a0\u00bb z_index=\u00a0\u00bb\u00a0\u00bb][vc_column][vc_row_inner row_type=\u00a0\u00bbrow\u00a0\u00bb type=\u00a0\u00bbfull_width\u00a0\u00bb text_align=\u00a0\u00bbleft\u00a0\u00bb css_animation=\u00a0\u00bb\u00a0\u00bb][vc_column_inner][vc_raw_html]JTIwJTIwJTNDZGl2JTIwY2xhc3MlM0QlMjJjb250ZW5lZG9yX2xvZ29fYWxraWxhbmRvJTIyJTNFJTBBJTNDaW1nJTIwc3JjJTNEJTIyJTJGd3AtY29udGVudCUyRnVwbG9hZHMlMkYyMDE5JTJGMDUlMkZsb2dvX2Fsa2lsYW5kby0zMDB4MTI5LnBuZyUyMiUyMGFsdCUzRCUyMmxvZ28lMjBhbGtpbGFuZG8lMjIlM0UlMEElM0MlMkZkaXYlM0UlMEElM0NkaXYlMjBjbGFzcyUzRCUyMmNvbnRlbmVkb3JfaW5mb19iYW5uZXIlMjIlM0UlMEElMjAlMjAlMjAlMjAlMjAlMjAlMjAlMjAlM0NkaXYlMjBjbGFzcyUzRCUyMmNvbHVtbmFfMV9iYW5uZXIlMjIlM0UlMEElMjAlMjAlMjAlMjAlMjAlMjAlMjAlMjAlMjAlMjAlMjAlMjAlM0NkaXYlMjBjbGFzcyUzRCUyMml0ZW1faW5mb19iYW5uZXIlMjIlM0UlMEElMjAlMjAlMjAlMjAlMjAlMjAlMjAlMjAlMjAlMjAlMjAlMjAlMjAlMjAlMjAlMjAlM0NkaXYlMjBjbGFzcyUzRCUyMmljb25vX251bWVybyUyMiUzRSUyMCUzQ2ltZyUyMHNyYyUzRCUyMiUyRndwLWNvbnRlbnQlMkZ1cGxvYWRzJTJGMjAxOSUyRjA1JTJGMS5wbmclMjIlM0UlMjAlM0MlMkZkaXYlM0UlMEElMjAlMjAlMjAlMjAlMjAlMjAlMjAlMjAlMjAlMjAlMjAlMjAlMjAlMjAlMjAlMjAlM0NkaXYlMjBjbGFzcyUzRCUyMnRleHRvJTIyJTNFJTBBJTIwJTIwJTIwJTIwJTIwJTIwJTIwJTIwJTIwJTIwJTIwJTIwJTIwJTIwJTIwJTIwJTIwJTIwJTIwJTIwJTNDaDMlMjBjbGFzcyUzRCUyMnRpdHVsb19pdGVtX2Jhbm5lcl8xJTIyJTNFR2VzdGklQzMlQjNuJTIwUGF0cmltb25pYWwlM0MlMkZoMyUzRSUwQSUyMCUyMCUyMCUyMCUyMCUyMCUyMCUyMCUyMCUyMCUyMCUyMCUyMCUyMCUyMCUyMCUyMCUyMCUyMCUyMCUzQ3AlMjBjbGFzcyUzRCUyMnRleHRvX2luZm9fYmFubmVyJTIyJTNFVGUlMjBvZnJlY2Vtb3MlMjBudWVzdHJhJTIwZXhwZXJpZW5jaWElMjBlbiUyMGxhJTIwR2VzdGklQzMlQjNuJTIwZGUlMjBQYXRyaW1vbmlvcyUyMElubW9iaWxpYXJpb3MuJTNDJTJGcCUzRSUwQSUyMCUyMCUyMCUyMCUyMCUyMCUyMCUyMCUyMCUyMCUyMCUyMCUyMCUyMCUyMCUyMCUzQyUyRmRpdiUzRSUwQSUyMCUyMCUyMCUyMCUyMCUyMCUyMCUyMCUyMCUyMCUyMCUyMCUzQyUyRmRpdiUzRSUwQSUyMCUyMCUyMCUyMCUyMCUyMCUyMCUyMCUyMCUyMCUyMCUyMCUzQ2RpdiUyMGNsYXNzJTNEJTIyaXRlbV9pbmZvX2Jhbm5lciUyMiUzRSUwQSUyMCUyMCUyMCUyMCUyMCUyMCUyMCUyMCUyMCUyMCUyMCUyMCUyMCUyMCUyMCUyMCUzQ2RpdiUyMGNsYXNzJTNEJTIyaWNvbm9fbnVtZXJvJTIyJTNFJTIwJTNDaW1nJTIwc3JjJTNEJTIyJTJGd3AtY29udGVudCUyRnVwbG9hZHMlMkYyMDE5JTJGMDUlMkYyLnBuZyUyMiUzRSUyMCUzQyUyRmRpdiUzRSUwQSUyMCUyMCUyMCUyMCUyMCUyMCUyMCUyMCUyMCUyMCUyMCUyMCUyMCUyMCUyMCUyMCUzQ2RpdiUyMGNsYXNzJTNEJTIydGV4dG8lMjIlM0UlMEElMjAlMjAlMjAlMjAlMjAlMjAlMjAlMjAlMjAlMjAlMjAlMjAlMjAlMjAlMjAlMjAlMjAlMjAlMjAlMjAlM0NoMyUyMGNsYXNzJTNEJTIydGl0dWxvX2l0ZW1fYmFubmVyXzElMjIlM0UlQzIlQkZRdWllcmVzJTIwaW52ZXJ0aXIlMjBlbiUyMEJhcmNlbG9uYSUzRiUzQyUyRmgzJTNFJTBBJTIwJTIwJTIwJTIwJTIwJTIwJTIwJTIwJTIwJTIwJTIwJTIwJTIwJTIwJTIwJTIwJTIwJTIwJTIwJTIwJTNDcCUyMGNsYXNzJTNEJTIydGV4dG9faW5mb19iYW5uZXIlMjIlM0VUZSUyMGF5dWRhbW9zJTIwYSUyMHRvbWFyJTIwbGFzJTIwbWVqb3JlcyUyMHklMjBtJUMzJUExcyUyMGFjZXJ0YWRhcyUyMGRlY2lzaW9uZXMuJTNDJTJGcCUzRSUwQSUyMCUyMCUyMCUyMCUyMCUyMCUyMCUyMCUyMCUyMCUyMCUyMCUyMCUyMCUyMCUyMCUzQyUyRmRpdiUzRSUwQSUyMCUyMCUyMCUyMCUyMCUyMCUyMCUyMCUyMCUyMCUyMCUyMCUzQyUyRmRpdiUzRSUwQSUyMCUyMCUyMCUyMCUyMCUyMCUyMCUyMCUzQyUyRmRpdiUzRSUwQSUyMCUyMCUyMCUyMCUyMCUyMCUyMCUyMCUzQ2RpdiUyMGNsYXNzJTNEJTIyY29sdW1uYV8yX2Jhbm5lciUyMiUzRSUwQSUyMCUyMCUyMCUyMCUyMCUyMCUyMCUyMCUyMCUyMCUyMCUyMCUzQ2RpdiUyMGNsYXNzJTNEJTIybGluZWFfYmFubmVyJTIyJTNFJTNDJTJGZGl2JTNFJTBBJTIwJTIwJTIwJTIwJTIwJTIwJTIwJTIwJTNDJTJGZGl2JTNFJTBBJTIwJTIwJTIwJTIwJTIwJTIwJTIwJTIwJTNDZGl2JTIwY2xhc3MlM0QlMjJjb2x1bW5hXzNfYmFubmVyJTIyJTNFJTBBJTIwJTIwJTIwJTIwJTIwJTIwJTIwJTIwJTIwJTIwJTIwJTIwJTNDZGl2JTIwY2xhc3MlM0QlMjJpdGVtX2luZm9fYmFubmVyJTIyJTNFJTBBJTIwJTIwJTIwJTIwJTIwJTIwJTIwJTIwJTIwJTIwJTIwJTIwJTIwJTIwJTIwJTIwJTNDZGl2JTIwY2xhc3MlM0QlMjJpY29ub19udW1lcm8lMjIlM0UlMjAlM0NpbWclMjBzcmMlM0QlMjIlMkZ3cC1jb250ZW50JTJGdXBsb2FkcyUyRjIwMTklMkYwNSUyRjMucG5nJTIyJTNFJTIwJTNDJTJGZGl2JTNFJTBBJTIwJTIwJTIwJTIwJTIwJTIwJTIwJTIwJTIwJTIwJTIwJTIwJTIwJTIwJTIwJTIwJTNDZGl2JTIwY2xhc3MlM0QlMjJ0ZXh0byUyMiUzRSUwQSUyMCUyMCUyMCUyMCUyMCUyMCUyMCUyMCUyMCUyMCUyMCUyMCUyMCUyMCUyMCUyMCUyMCUyMCUyMCUyMCUzQ2gzJTIwY2xhc3MlM0QlMjJ0aXR1bG9faXRlbV9iYW5uZXJfMiUyMiUzRSVDMiVCRlF1aWVyZXMlMjBWZW5kZXIlMjAlMkYlMjBBbHF1aWxhciUyMHVuJTIwSW5tdWVibGUlM0YlM0MlMkZoMyUzRSUwQSUyMCUyMCUyMCUyMCUyMCUyMCUyMCUyMCUyMCUyMCUyMCUyMCUyMCUyMCUyMCUyMCUyMCUyMCUyMCUyMCUzQ3AlMjBjbGFzcyUzRCUyMnRleHRvX2luZm9fYmFubmVyJTIyJTNFVGUlMjBvZnJlY2Vtb3MlMjBudWVzdHJhJTIwZGlsYXRhZGElMjBleHBlcmllbmNpYSUyMGVuJTIwZWwlMjBtZXJjYWRvJTIwaW5tb2JpbGlhcmlvLiUyMCUzQyUyRnAlM0UlMEElMjAlMjAlMjAlMjAlMjAlMjAlMjAlMjAlMjAlMjAlMjAlMjAlMjAlMjAlMjAlMjAlM0MlMkZkaXYlM0UlMEElMjAlMjAlMjAlMjAlMjAlMjAlMjAlMjAlMjAlMjAlMjAlMjAlM0MlMkZkaXYlM0UlMEElMjAlMjAlMjAlMjAlMjAlMjAlMjAlMjAlMjAlMjAlMjAlMjAlM0NkaXYlMjBjbGFzcyUzRCUyMml0ZW1faW5mb19iYW5uZXIlMjIlM0UlMEElMjAlMjAlMjAlMjAlMjAlMjAlMjAlMjAlMjAlMjAlMjAlMjAlMjAlMjAlMjAlMjAlM0NkaXYlMjBjbGFzcyUzRCUyMmljb25vX251bWVybyUyMiUzRSUyMCUzQ2ltZyUyMHNyYyUzRCUyMiUyRndwLWNvbnRlbnQlMkZ1cGxvYWRzJTJGMjAxOSUyRjA1JTJGNC5wbmclMjIlM0UlMjAlM0MlMkZkaXYlM0UlMEElMjAlMjAlMjAlMjAlMjAlMjAlMjAlMjAlMjAlMjAlMjAlMjAlMjAlMjAlMjAlMjAlM0NkaXYlMjBjbGFzcyUzRCUyMnRleHRvJTIyJTNFJTBBJTIwJTIwJTIwJTIwJTIwJTIwJTIwJTIwJTIwJTIwJTIwJTIwJTIwJTIwJTIwJTIwJTIwJTIwJTIwJTIwJTNDaDMlMjBjbGFzcyUzRCUyMnRpdHVsb19pdGVtX2Jhbm5lcl8yJTIyJTNFU2VydmljaW8lMjBkZSUyMGF0ZW5jaSVDMyVCM24lMjBhbCUyMGNsaWVudGUlM0MlMkZoMyUzRSUwQSUyMCUyMCUyMCUyMCUyMCUyMCUyMCUyMCUyMCUyMCUyMCUyMCUyMCUyMCUyMCUyMCUyMCUyMCUyMCUyMCUzQ3AlMjBjbGFzcyUzRCUyMnRleHRvX2luZm9fYmFubmVyJTIyJTNFJUMyJUJGRXJlcyUyMGVsJTIwaW5xdWlsaW5vJTIwZGUlMjB1biUyMGlubXVlYmxlJTIwcXVlJTIwdGUlMjBoZW1vcyUyMGFscXVpbGFkbyUyMHklMjB0aWVuZXMlMjB1bmElMjBpbmNpZGVuY2lhJTIwcXVlJTIwZGVzZWFzJTIwcmVwb3J0YXJub3MlM0YlMjAlM0MlMkZwJTNFJTBBJTIwJTIwJTIwJTIwJTIwJTIwJTIwJTIwJTIwJTIwJTIwJTIwJTIwJTIwJTIwJTIwJTNDJTJGZGl2JTNFJTBBJTIwJTIwJTIwJTIwJTIwJTIwJTIwJTIwJTIwJTIwJTIwJTIwJTNDJTJGZGl2JTNFJTBBJTIwJTIwJTIwJTIwJTIwJTIwJTIwJTIwJTNDJTJGZGl2JTNFJTBBJTIwJTIwJTIwJTIwJTNDJTJGZGl2JTNFJTBBJTNDZGl2JTIwY2xhc3MlM0QlMjJib3Rvbl9iYW5uZXIlMjIlM0UlMEElM0NwJTIwc3R5bGUlM0QlMjJ0ZXh0LWFsaWduJTNBJTIwY2VudGVyJTNCJTIyJTNFJTNDYSUyMGhyZWYlM0QlMjIlMjIlMjBjbGFzcyUzRCUyMmJvdG9uX2ZsZWNoYV9henVsJTIyJTNFJTNDaSUyMGNsYXNzJTNEJTIyZmElMjBmYS1zZWFyY2glMjIlM0UlM0MlMkZpJTNFJTIwSVIlMjBBJTIwQUxLSUxBTkRPLkNPTSUyMCUzQ2klMjBjbGFzcyUzRCUyMmZhLWljb24tbG9uZy1hcnJvdy1yaWdodCUyMiUzRSUzQyUyRmklM0UlM0MlMkZhJTNFJTNDJTJGcCUzRSUwQSUzQyUyRmRpdiUzRQ==[\/vc_raw_html][\/vc_column_inner][\/vc_row_inner][\/vc_column][\/vc_row][vc_row css_animation=\u00a0\u00bb\u00a0\u00bb row_type=\u00a0\u00bbrow\u00a0\u00bb use_row_as_full_screen_section=\u00a0\u00bbno\u00a0\u00bb type=\u00a0\u00bbfull_width\u00a0\u00bb angled_section=\u00a0\u00bbno\u00a0\u00bb text_align=\u00a0\u00bbleft\u00a0\u00bb background_image_as_pattern=\u00a0\u00bbwithout_pattern\u00a0\u00bb z_index=\u00a0\u00bb\u00a0\u00bb css=\u00a0\u00bb.vc_custom_1558360168054{background-image: url(http:\/\/www.fincasgandia.com\/wp-content\/uploads\/2019\/05\/back_formulario_banner.jpg?id=176) !important;}\u00a0\u00bb el_class=\u00a0\u00bbtransparent_90_90&Prime;][vc_column][vc_row_inner row_type=\u00a0\u00bbrow\u00a0\u00bb type=\u00a0\u00bbgrid\u00a0\u00bb text_align=\u00a0\u00bbleft\u00a0\u00bb css_animation=\u00a0\u00bb\u00a0\u00bb][vc_column_inner][vc_column_text]<\/p>\n<h2 class=\"titular_white\" style=\"text-align: center;\">Contactez-nous<\/h2>\n<p>[\/vc_column_text][vc_column_text]<\/p>\n<p class=\"white\" style=\"text-align: center;\">Laissez-nous vos coordonn\u00e9es et nous vous r\u00e9pondrons en moins de 24 h.<\/p>\n<p>[\/vc_column_text][vc_empty_space height=\u00a0\u00bb30px\u00a0\u00bb][vc_raw_html]JTVCZm9ybWlkYWJsZSUyMGlkJTNENSU1RA==[\/vc_raw_html][\/vc_column_inner][\/vc_row_inner][\/vc_column][\/vc_row]<\/p>\n","protected":false},"excerpt":{"rendered":"<p>[vc_row css_animation=\u00a0\u00bb\u00a0\u00bb row_type=\u00a0\u00bbrow\u00a0\u00bb use_row_as_full_screen_section=\u00a0\u00bbno\u00a0\u00bb type=\u00a0\u00bbfull_width\u00a0\u00bb angled_section=\u00a0\u00bbno\u00a0\u00bb text_align=\u00a0\u00bbleft\u00a0\u00bb background_image_as_pattern=\u00a0\u00bbwithout_pattern\u00a0\u00bb css=\u00a0\u00bb.vc_custom_1560757529712{background-image: url(http:\/\/www.fincasgandia.com\/wp-content\/uploads\/2019\/06\/blau.jpg?id=576) !important;}\u00a0\u00bb z_index=\u00a0\u00bb\u00a0\u00bb el_class=\u00a0\u00bbtransparent_170_70&Prime;][vc_column][vc_column_text] Tirez profit de notre exp\u00e9rience et de notre bon jugement! Nous aidons nos clients \u00e0 prendre les meilleures d\u00e9cisions depuis de nombreuses ann\u00e9es. [\/vc_column_text][vc_column_text][\/vc_column_text][\/vc_column][\/vc_row][vc_row css_animation=\u00a0\u00bb\u00a0\u00bb row_type=\u00a0\u00bbrow\u00a0\u00bb use_row_as_full_screen_section=\u00a0\u00bbno\u00a0\u00bb type=\u00a0\u00bbfull_width\u00a0\u00bb angled_section=\u00a0\u00bbno\u00a0\u00bb text_align=\u00a0\u00bbleft\u00a0\u00bb background_image_as_pattern=\u00a0\u00bbwithout_pattern\u00a0\u00bb][vc_column][vc_empty_space height=\u00a0\u00bb50px\u00a0\u00bb][\/vc_column][\/vc_row][vc_row<\/p>\n","protected":false},"author":1,"featured_media":0,"parent":0,"menu_order":0,"comment_status":"closed","ping_status":"closed","template":"full_width.php","meta":{"footnotes":""},"class_list":["post-1206","page","type-page","status-publish","hentry"],"yoast_head":"<!-- This site is optimized with the Yoast SEO plugin v25.6 - https:\/\/yoast.com\/wordpress\/plugins\/seo\/ -->\n<title>Conseil Immobilier - Fincas Gand\u00eda<\/title>\n<meta name=\"robots\" content=\"index, follow, max-snippet:-1, max-image-preview:large, max-video-preview:-1\" \/>\n<link rel=\"canonical\" href=\"https:\/\/www.fincasgandia.com\/fr\/conseil-immobilier\/\" \/>\n<meta property=\"og:locale\" content=\"fr_FR\" \/>\n<meta property=\"og:type\" content=\"article\" \/>\n<meta property=\"og:title\" content=\"Conseil Immobilier - Fincas Gand\u00eda\" \/>\n<meta property=\"og:description\" content=\"[vc_row css_animation=\u00a0\u00bb\u00a0\u00bb row_type=\u00a0\u00bbrow\u00a0\u00bb use_row_as_full_screen_section=\u00a0\u00bbno\u00a0\u00bb type=\u00a0\u00bbfull_width\u00a0\u00bb angled_section=\u00a0\u00bbno\u00a0\u00bb text_align=\u00a0\u00bbleft\u00a0\u00bb background_image_as_pattern=\u00a0\u00bbwithout_pattern\u00a0\u00bb css=\u00a0\u00bb.vc_custom_1560757529712{background-image: url(http:\/\/www.fincasgandia.com\/wp-content\/uploads\/2019\/06\/blau.jpg?id=576) !important;}\u00a0\u00bb z_index=\u00a0\u00bb\u00a0\u00bb el_class=\u00a0\u00bbtransparent_170_70&Prime;][vc_column][vc_column_text] Tirez profit de notre exp\u00e9rience et de notre bon jugement! Nous aidons nos clients \u00e0 prendre les meilleures d\u00e9cisions depuis de nombreuses ann\u00e9es. [\/vc_column_text][vc_column_text][\/vc_column_text][\/vc_column][\/vc_row][vc_row css_animation=\u00a0\u00bb\u00a0\u00bb row_type=\u00a0\u00bbrow\u00a0\u00bb use_row_as_full_screen_section=\u00a0\u00bbno\u00a0\u00bb type=\u00a0\u00bbfull_width\u00a0\u00bb angled_section=\u00a0\u00bbno\u00a0\u00bb text_align=\u00a0\u00bbleft\u00a0\u00bb background_image_as_pattern=\u00a0\u00bbwithout_pattern\u00a0\u00bb][vc_column][vc_empty_space height=\u00a0\u00bb50px\u00a0\u00bb][\/vc_column][\/vc_row][vc_row\" \/>\n<meta property=\"og:url\" content=\"https:\/\/www.fincasgandia.com\/fr\/conseil-immobilier\/\" \/>\n<meta property=\"og:site_name\" content=\"Fincas Gand\u00eda\" \/>\n<meta property=\"article:modified_time\" content=\"2020-03-03T08:21:07+00:00\" \/>\n<meta name=\"twitter:card\" content=\"summary_large_image\" \/>\n<meta name=\"twitter:label1\" content=\"Dur\u00e9e de lecture estim\u00e9e\" \/>\n\t<meta name=\"twitter:data1\" content=\"6 minutes\" \/>\n<script type=\"application\/ld+json\" class=\"yoast-schema-graph\">{\"@context\":\"https:\/\/schema.org\",\"@graph\":[{\"@type\":\"WebPage\",\"@id\":\"https:\/\/www.fincasgandia.com\/fr\/conseil-immobilier\/\",\"url\":\"https:\/\/www.fincasgandia.com\/fr\/conseil-immobilier\/\",\"name\":\"Conseil Immobilier - Fincas Gand\u00eda\",\"isPartOf\":{\"@id\":\"https:\/\/www.fincasgandia.com\/#website\"},\"datePublished\":\"2020-02-24T10:53:33+00:00\",\"dateModified\":\"2020-03-03T08:21:07+00:00\",\"breadcrumb\":{\"@id\":\"https:\/\/www.fincasgandia.com\/fr\/conseil-immobilier\/#breadcrumb\"},\"inLanguage\":\"fr-FR\",\"potentialAction\":[{\"@type\":\"ReadAction\",\"target\":[\"https:\/\/www.fincasgandia.com\/fr\/conseil-immobilier\/\"]}]},{\"@type\":\"BreadcrumbList\",\"@id\":\"https:\/\/www.fincasgandia.com\/fr\/conseil-immobilier\/#breadcrumb\",\"itemListElement\":[{\"@type\":\"ListItem\",\"position\":1,\"name\":\"Inicio\",\"item\":\"https:\/\/www.fincasgandia.com\/fr\/\"},{\"@type\":\"ListItem\",\"position\":2,\"name\":\"Conseil Immobilier\"}]},{\"@type\":\"WebSite\",\"@id\":\"https:\/\/www.fincasgandia.com\/#website\",\"url\":\"https:\/\/www.fincasgandia.com\/\",\"name\":\"Fincas Gand\u00eda\",\"description\":\"\u00bfPlanificas un cambio? Cuenta con nosotros\",\"publisher\":{\"@id\":\"https:\/\/www.fincasgandia.com\/#organization\"},\"potentialAction\":[{\"@type\":\"SearchAction\",\"target\":{\"@type\":\"EntryPoint\",\"urlTemplate\":\"https:\/\/www.fincasgandia.com\/?s={search_term_string}\"},\"query-input\":{\"@type\":\"PropertyValueSpecification\",\"valueRequired\":true,\"valueName\":\"search_term_string\"}}],\"inLanguage\":\"fr-FR\"},{\"@type\":\"Organization\",\"@id\":\"https:\/\/www.fincasgandia.com\/#organization\",\"name\":\"Fincas Gandia\",\"url\":\"https:\/\/www.fincasgandia.com\/\",\"logo\":{\"@type\":\"ImageObject\",\"inLanguage\":\"fr-FR\",\"@id\":\"https:\/\/www.fincasgandia.com\/#\/schema\/logo\/image\/\",\"url\":\"https:\/\/www.fincasgandia.com\/wp-content\/uploads\/2019\/05\/favicon_2.jpg\",\"contentUrl\":\"https:\/\/www.fincasgandia.com\/wp-content\/uploads\/2019\/05\/favicon_2.jpg\",\"width\":500,\"height\":500,\"caption\":\"Fincas Gandia\"},\"image\":{\"@id\":\"https:\/\/www.fincasgandia.com\/#\/schema\/logo\/image\/\"}}]}<\/script>\n<!-- \/ Yoast SEO plugin. -->","yoast_head_json":{"title":"Conseil Immobilier - Fincas Gand\u00eda","robots":{"index":"index","follow":"follow","max-snippet":"max-snippet:-1","max-image-preview":"max-image-preview:large","max-video-preview":"max-video-preview:-1"},"canonical":"https:\/\/www.fincasgandia.com\/fr\/conseil-immobilier\/","og_locale":"fr_FR","og_type":"article","og_title":"Conseil Immobilier - Fincas Gand\u00eda","og_description":"[vc_row css_animation=\u00a0\u00bb\u00a0\u00bb row_type=\u00a0\u00bbrow\u00a0\u00bb use_row_as_full_screen_section=\u00a0\u00bbno\u00a0\u00bb type=\u00a0\u00bbfull_width\u00a0\u00bb angled_section=\u00a0\u00bbno\u00a0\u00bb text_align=\u00a0\u00bbleft\u00a0\u00bb background_image_as_pattern=\u00a0\u00bbwithout_pattern\u00a0\u00bb css=\u00a0\u00bb.vc_custom_1560757529712{background-image: url(http:\/\/www.fincasgandia.com\/wp-content\/uploads\/2019\/06\/blau.jpg?id=576) !important;}\u00a0\u00bb z_index=\u00a0\u00bb\u00a0\u00bb el_class=\u00a0\u00bbtransparent_170_70&Prime;][vc_column][vc_column_text] Tirez profit de notre exp\u00e9rience et de notre bon jugement! Nous aidons nos clients \u00e0 prendre les meilleures d\u00e9cisions depuis de nombreuses ann\u00e9es. [\/vc_column_text][vc_column_text][\/vc_column_text][\/vc_column][\/vc_row][vc_row css_animation=\u00a0\u00bb\u00a0\u00bb row_type=\u00a0\u00bbrow\u00a0\u00bb use_row_as_full_screen_section=\u00a0\u00bbno\u00a0\u00bb type=\u00a0\u00bbfull_width\u00a0\u00bb angled_section=\u00a0\u00bbno\u00a0\u00bb text_align=\u00a0\u00bbleft\u00a0\u00bb background_image_as_pattern=\u00a0\u00bbwithout_pattern\u00a0\u00bb][vc_column][vc_empty_space height=\u00a0\u00bb50px\u00a0\u00bb][\/vc_column][\/vc_row][vc_row","og_url":"https:\/\/www.fincasgandia.com\/fr\/conseil-immobilier\/","og_site_name":"Fincas Gand\u00eda","article_modified_time":"2020-03-03T08:21:07+00:00","twitter_card":"summary_large_image","twitter_misc":{"Dur\u00e9e de lecture estim\u00e9e":"6 minutes"},"schema":{"@context":"https:\/\/schema.org","@graph":[{"@type":"WebPage","@id":"https:\/\/www.fincasgandia.com\/fr\/conseil-immobilier\/","url":"https:\/\/www.fincasgandia.com\/fr\/conseil-immobilier\/","name":"Conseil Immobilier - Fincas Gand\u00eda","isPartOf":{"@id":"https:\/\/www.fincasgandia.com\/#website"},"datePublished":"2020-02-24T10:53:33+00:00","dateModified":"2020-03-03T08:21:07+00:00","breadcrumb":{"@id":"https:\/\/www.fincasgandia.com\/fr\/conseil-immobilier\/#breadcrumb"},"inLanguage":"fr-FR","potentialAction":[{"@type":"ReadAction","target":["https:\/\/www.fincasgandia.com\/fr\/conseil-immobilier\/"]}]},{"@type":"BreadcrumbList","@id":"https:\/\/www.fincasgandia.com\/fr\/conseil-immobilier\/#breadcrumb","itemListElement":[{"@type":"ListItem","position":1,"name":"Inicio","item":"https:\/\/www.fincasgandia.com\/fr\/"},{"@type":"ListItem","position":2,"name":"Conseil Immobilier"}]},{"@type":"WebSite","@id":"https:\/\/www.fincasgandia.com\/#website","url":"https:\/\/www.fincasgandia.com\/","name":"Fincas Gand\u00eda","description":"\u00bfPlanificas un cambio? Cuenta con nosotros","publisher":{"@id":"https:\/\/www.fincasgandia.com\/#organization"},"potentialAction":[{"@type":"SearchAction","target":{"@type":"EntryPoint","urlTemplate":"https:\/\/www.fincasgandia.com\/?s={search_term_string}"},"query-input":{"@type":"PropertyValueSpecification","valueRequired":true,"valueName":"search_term_string"}}],"inLanguage":"fr-FR"},{"@type":"Organization","@id":"https:\/\/www.fincasgandia.com\/#organization","name":"Fincas Gandia","url":"https:\/\/www.fincasgandia.com\/","logo":{"@type":"ImageObject","inLanguage":"fr-FR","@id":"https:\/\/www.fincasgandia.com\/#\/schema\/logo\/image\/","url":"https:\/\/www.fincasgandia.com\/wp-content\/uploads\/2019\/05\/favicon_2.jpg","contentUrl":"https:\/\/www.fincasgandia.com\/wp-content\/uploads\/2019\/05\/favicon_2.jpg","width":500,"height":500,"caption":"Fincas Gandia"},"image":{"@id":"https:\/\/www.fincasgandia.com\/#\/schema\/logo\/image\/"}}]}},"_links":{"self":[{"href":"https:\/\/www.fincasgandia.com\/fr\/wp-json\/wp\/v2\/pages\/1206"}],"collection":[{"href":"https:\/\/www.fincasgandia.com\/fr\/wp-json\/wp\/v2\/pages"}],"about":[{"href":"https:\/\/www.fincasgandia.com\/fr\/wp-json\/wp\/v2\/types\/page"}],"author":[{"embeddable":true,"href":"https:\/\/www.fincasgandia.com\/fr\/wp-json\/wp\/v2\/users\/1"}],"replies":[{"embeddable":true,"href":"https:\/\/www.fincasgandia.com\/fr\/wp-json\/wp\/v2\/comments?post=1206"}],"version-history":[{"count":0,"href":"https:\/\/www.fincasgandia.com\/fr\/wp-json\/wp\/v2\/pages\/1206\/revisions"}],"wp:attachment":[{"href":"https:\/\/www.fincasgandia.com\/fr\/wp-json\/wp\/v2\/media?parent=1206"}],"curies":[{"name":"wp","href":"https:\/\/api.w.org\/{rel}","templated":true}]}}