{"id":1306,"date":"2020-02-25T10:12:45","date_gmt":"2020-02-25T09:12:45","guid":{"rendered":"https:\/\/www.fincasgandia.com\/?page_id=1306"},"modified":"2020-02-25T10:12:45","modified_gmt":"2020-02-25T09:12:45","slug":"blog","status":"publish","type":"page","link":"https:\/\/www.fincasgandia.com\/fr\/blog\/","title":{"rendered":"Blog"},"content":{"rendered":"<p>[vc_row css_animation=\u00a0\u00bb\u00a0\u00bb row_type=\u00a0\u00bbrow\u00a0\u00bb use_row_as_full_screen_section=\u00a0\u00bbno\u00a0\u00bb type=\u00a0\u00bbfull_width\u00a0\u00bb angled_section=\u00a0\u00bbno\u00a0\u00bb text_align=\u00a0\u00bbleft\u00a0\u00bb background_image_as_pattern=\u00a0\u00bbwithout_pattern\u00a0\u00bb el_class=\u00a0\u00bbwhite_box_90_140&Prime; z_index=\u00a0\u00bb\u00a0\u00bb][vc_column][vc_column_text el_class=\u00a0\u00bbmb_120&Prime;]<\/p>\n<h2 class=\"titular\" style=\"text-align: center;\">Blog<\/h2>\n<div class=\"separador\"><\/div>\n<p>[\/vc_column_text][vc_row_inner row_type=\u00a0\u00bbrow\u00a0\u00bb type=\u00a0\u00bbgrid\u00a0\u00bb text_align=\u00a0\u00bbleft\u00a0\u00bb css_animation=\u00a0\u00bb\u00a0\u00bb css=\u00a0\u00bb.vc_custom_1558001172921{margin-top: 30px !important;}\u00a0\u00bb][vc_column_inner]<div id=\"mpc_grid_posts_3769d1caec9df4e\" class=\"mpc-grid-posts mpc-init mpc-init mpc-transition mpc-overlay--fade mpc-item--fade mpc-layout--style_3  \"  data-grid-cols=\"3\"><div class=\"mpc-grid-sizer\"><\/div><div onclick=\"\" class=\"mpc-post\"><div class=\"mpc-post__wrapper\"><div class=\"mpc-post__thumbnail\" data-mpc_src=\"https:\/\/www.fincasgandia.com\/wp-content\/uploads\/2019\/05\/CedulaHabitabilidad-1024x737.jpg\" data-mpc_link=\"https:\/\/www.fincasgandia.com\/fr\/quest-ce-que-le-certificat-dhabitabilite\/\"><div class=\"mpc-post__overlay mpc-transition\"><div class=\"mpc-post--vertical-wrap\"><div class=\"mpc-post--vertical\" data-mpc_link=\"https:\/\/www.fincasgandia.com\/fr\/quest-ce-que-le-certificat-dhabitabilite\/\"><a href=\"https:\/\/www.fincasgandia.com\/wp-content\/uploads\/2019\/05\/CedulaHabitabilidad.jpg\" title=\"QU\u2019EST-CE QUE LE CERTIFICAT D\u2019HABITABILIT\u00c9?\" class=\"mpc-lightbox mpc-icon-anchor mpc-magnific-popup\"><\/a><a href=\"https:\/\/www.fincasgandia.com\/fr\/quest-ce-que-le-certificat-dhabitabilite\/\" title=\"Read more about QU\u2019EST-CE QUE LE CERTIFICAT D\u2019HABITABILIT\u00c9?\" class=\"mpc-icon-anchor\"><\/a><\/div><\/div><\/div><\/div><div class=\"mpc-post__content mpc-transition\"><span class=\"mpc-post__date mpc-date__wrapper\"><a href=\"https:\/\/www.fincasgandia.com\/fr\/2019\/05\/29\/\"><div class=\"mpc-date__days\">29<\/div><div class=\"mpc-date__month\">Mai<\/div><\/a><\/span><div class=\"mpc-wrapper\"><h3 class=\"mpc-post__heading mpc-transition mpc-text-overflow\"><a href=\"https:\/\/www.fincasgandia.com\/fr\/quest-ce-que-le-certificat-dhabitabilite\/\" title=\"QU\u2019EST-CE QUE LE CERTIFICAT D\u2019HABITABILIT\u00c9?\">QU\u2019EST-CE QUE LE CERTIFICAT D\u2019HABITABILIT\u00c9?<\/a><\/h3><div class=\"mpc-post__meta mpc-transition\"><span class=\"mpc-post__author\">by <a href=\"https:\/\/www.fincasgandia.com\/fr\/author\/admin\/\" title=\"admin\">admin<\/a><\/span>, <span class=\"mpc-post__tax\">in <a href=\"https:\/\/www.fincasgandia.com\/fr\/category\/legal-fr\/\" rel=\"category tag\">Legal<\/a><\/span><\/div><\/div><div class=\"mpc-post__description\">Le certificat d\u2019habitabilit\u00e9 d\u2019une habitation est un document qui prouve qu\u2019elle est conforme aux conditions minimum d\u2019habitabilit\u00e9 et de solidit\u00e9 \u00e9tablies par d\u00e9cret. Cette attestation permet de r\u00e9guler la surface utile des espaces de l\u2019habitation, ainsi que l\u2019\u00e9quipement minimum dont elle doit disposer: toilettes, cuisine,<\/div><a href=\"https:\/\/www.fincasgandia.com\/fr\/quest-ce-que-le-certificat-dhabitabilite\/\" title=\"QU\u2019EST-CE QUE LE CERTIFICAT D\u2019HABITABILIT\u00c9?\"  class=\"mpc-button mpc-init mpc-transition \" ><div class=\"mpc-button__content mpc-effect-type--none mpc-effect-side--none\"><span class=\"mpc-button__title mpc-transition\">Read More<\/span><\/div><div class=\"mpc-button__background mpc-transition mpc-effect-type--fade mpc-effect-side--in\"><\/div><\/a><\/div><\/div><\/div><div onclick=\"\" class=\"mpc-post\"><div class=\"mpc-post__wrapper\"><div class=\"mpc-post__thumbnail\" data-mpc_src=\"https:\/\/www.fincasgandia.com\/wp-content\/uploads\/2019\/05\/RENT-1024x683.jpg\" data-mpc_link=\"https:\/\/www.fincasgandia.com\/fr\/pourquoi-vivre-en-location\/\"><div class=\"mpc-post__overlay mpc-transition\"><div class=\"mpc-post--vertical-wrap\"><div class=\"mpc-post--vertical\" data-mpc_link=\"https:\/\/www.fincasgandia.com\/fr\/pourquoi-vivre-en-location\/\"><a href=\"https:\/\/www.fincasgandia.com\/wp-content\/uploads\/2019\/05\/RENT.jpg\" title=\"POURQUOI VIVRE EN LOCATION?\" class=\"mpc-lightbox mpc-icon-anchor mpc-magnific-popup\"><\/a><a href=\"https:\/\/www.fincasgandia.com\/fr\/pourquoi-vivre-en-location\/\" title=\"Read more about POURQUOI VIVRE EN LOCATION?\" class=\"mpc-icon-anchor\"><\/a><\/div><\/div><\/div><\/div><div class=\"mpc-post__content mpc-transition\"><span class=\"mpc-post__date mpc-date__wrapper\"><a href=\"https:\/\/www.fincasgandia.com\/fr\/2019\/06\/05\/\"><div class=\"mpc-date__days\">05<\/div><div class=\"mpc-date__month\">Juin<\/div><\/a><\/span><div class=\"mpc-wrapper\"><h3 class=\"mpc-post__heading mpc-transition mpc-text-overflow\"><a href=\"https:\/\/www.fincasgandia.com\/fr\/pourquoi-vivre-en-location\/\" title=\"POURQUOI VIVRE EN LOCATION?\">POURQUOI VIVRE EN LOCATION?<\/a><\/h3><div class=\"mpc-post__meta mpc-transition\"><span class=\"mpc-post__author\">by <a href=\"https:\/\/www.fincasgandia.com\/fr\/author\/admin\/\" title=\"admin\">admin<\/a><\/span>, <span class=\"mpc-post__tax\">in <a href=\"https:\/\/www.fincasgandia.com\/fr\/category\/opinion-fr\/\" rel=\"category tag\">Opinion<\/a><\/span><\/div><\/div><div class=\"mpc-post__description\">Au moment de l\u2019\u00e9mancipation ou d\u2019un d\u00e9m\u00e9nagement dans une nouvelle ville, la premi\u00e8re question qui se pose est d\u2019acheter ou de louer un appartement. L\u2019objectif est clair: trouver le logement id\u00e9al qui vous permettra de profiter de votre vie et de votre temps. Cependant, les<\/div><a href=\"https:\/\/www.fincasgandia.com\/fr\/pourquoi-vivre-en-location\/\" title=\"POURQUOI VIVRE EN LOCATION?\"  class=\"mpc-button mpc-init mpc-transition \" ><div class=\"mpc-button__content mpc-effect-type--none mpc-effect-side--none\"><span class=\"mpc-button__title mpc-transition\">Read More<\/span><\/div><div class=\"mpc-button__background mpc-transition mpc-effect-type--fade mpc-effect-side--in\"><\/div><\/a><\/div><\/div><\/div><div onclick=\"\" class=\"mpc-post\"><div class=\"mpc-post__wrapper\"><div class=\"mpc-post__thumbnail\" data-mpc_src=\"https:\/\/www.fincasgandia.com\/wp-content\/uploads\/2019\/05\/Domotica-1024x622.jpeg\" data-mpc_link=\"https:\/\/www.fincasgandia.com\/fr\/ma-propriete-doit-elle-disposer-dune-installation-domotique\/\"><div class=\"mpc-post__overlay mpc-transition\"><div class=\"mpc-post--vertical-wrap\"><div class=\"mpc-post--vertical\" data-mpc_link=\"https:\/\/www.fincasgandia.com\/fr\/ma-propriete-doit-elle-disposer-dune-installation-domotique\/\"><a href=\"https:\/\/www.fincasgandia.com\/wp-content\/uploads\/2019\/05\/Domotica.jpeg\" title=\"MA PROPRI\u00c9T\u00c9 DOIT-ELLE DISPOSER D\u2019UNE INSTALLATION DOMOTIQUE?\" class=\"mpc-lightbox mpc-icon-anchor mpc-magnific-popup\"><\/a><a href=\"https:\/\/www.fincasgandia.com\/fr\/ma-propriete-doit-elle-disposer-dune-installation-domotique\/\" title=\"Read more about MA PROPRI\u00c9T\u00c9 DOIT-ELLE DISPOSER D\u2019UNE INSTALLATION DOMOTIQUE?\" class=\"mpc-icon-anchor\"><\/a><\/div><\/div><\/div><\/div><div class=\"mpc-post__content mpc-transition\"><span class=\"mpc-post__date mpc-date__wrapper\"><a href=\"https:\/\/www.fincasgandia.com\/fr\/2019\/06\/12\/\"><div class=\"mpc-date__days\">12<\/div><div class=\"mpc-date__month\">Juin<\/div><\/a><\/span><div class=\"mpc-wrapper\"><h3 class=\"mpc-post__heading mpc-transition mpc-text-overflow\"><a href=\"https:\/\/www.fincasgandia.com\/fr\/ma-propriete-doit-elle-disposer-dune-installation-domotique\/\" title=\"MA PROPRI\u00c9T\u00c9 DOIT-ELLE DISPOSER D\u2019UNE INSTALLATION DOMOTIQUE?\">MA PROPRI\u00c9T\u00c9 DOIT-ELLE DISPOSER D\u2019UNE INSTALLATION DOMOTIQUE?<\/a><\/h3><div class=\"mpc-post__meta mpc-transition\"><span class=\"mpc-post__author\">by <a href=\"https:\/\/www.fincasgandia.com\/fr\/author\/admin\/\" title=\"admin\">admin<\/a><\/span>, <span class=\"mpc-post__tax\">in <a href=\"https:\/\/www.fincasgandia.com\/fr\/category\/technologie\/\" rel=\"category tag\">Technologie<\/a><\/span><\/div><\/div><div class=\"mpc-post__description\">\u00abInternet of Things\u00bb (IOT) ou \u00abInternet des Choses\u00bb est en train de r\u00e9volutionner le nombre d\u2019objets qui se connectent \u00e0 Internet, entre eux, ou avec les personnes. Cela offre une grande quantit\u00e9 de donn\u00e9es utiles en temps r\u00e9el. Son \u00e9volution permet d\u2019apporter des changements significatifs<\/div><a href=\"https:\/\/www.fincasgandia.com\/fr\/ma-propriete-doit-elle-disposer-dune-installation-domotique\/\" title=\"MA PROPRI\u00c9T\u00c9 DOIT-ELLE DISPOSER D\u2019UNE INSTALLATION DOMOTIQUE?\"  class=\"mpc-button mpc-init mpc-transition \" ><div class=\"mpc-button__content mpc-effect-type--none mpc-effect-side--none\"><span class=\"mpc-button__title mpc-transition\">Read More<\/span><\/div><div class=\"mpc-button__background mpc-transition mpc-effect-type--fade mpc-effect-side--in\"><\/div><\/a><\/div><\/div><\/div><\/div>[\/vc_column_inner][\/vc_row_inner][\/vc_column][\/vc_row]<\/p>\n","protected":false},"excerpt":{"rendered":"<p>[vc_row css_animation=\u00a0\u00bb\u00a0\u00bb row_type=\u00a0\u00bbrow\u00a0\u00bb use_row_as_full_screen_section=\u00a0\u00bbno\u00a0\u00bb type=\u00a0\u00bbfull_width\u00a0\u00bb angled_section=\u00a0\u00bbno\u00a0\u00bb text_align=\u00a0\u00bbleft\u00a0\u00bb background_image_as_pattern=\u00a0\u00bbwithout_pattern\u00a0\u00bb el_class=\u00a0\u00bbwhite_box_90_140&Prime; z_index=\u00a0\u00bb\u00a0\u00bb][vc_column][vc_column_text el_class=\u00a0\u00bbmb_120&Prime;] Blog [\/vc_column_text][vc_row_inner row_type=\u00a0\u00bbrow\u00a0\u00bb type=\u00a0\u00bbgrid\u00a0\u00bb text_align=\u00a0\u00bbleft\u00a0\u00bb css_animation=\u00a0\u00bb\u00a0\u00bb css=\u00a0\u00bb.vc_custom_1558001172921{margin-top: 30px !important;}\u00a0\u00bb][vc_column_inner][\/vc_column_inner][\/vc_row_inner][\/vc_column][\/vc_row]<\/p>\n","protected":false},"author":1,"featured_media":0,"parent":0,"menu_order":0,"comment_status":"closed","ping_status":"closed","template":"full_width.php","meta":{"footnotes":""},"class_list":["post-1306","page","type-page","status-publish","hentry"],"yoast_head":"<!-- This site is optimized with the Yoast SEO plugin v25.6 - https:\/\/yoast.com\/wordpress\/plugins\/seo\/ -->\n<title>Blog - Fincas Gand\u00eda<\/title>\n<meta name=\"robots\" content=\"index, follow, max-snippet:-1, max-image-preview:large, max-video-preview:-1\" \/>\n<link rel=\"canonical\" href=\"https:\/\/www.fincasgandia.com\/fr\/blog\/\" \/>\n<meta property=\"og:locale\" content=\"fr_FR\" \/>\n<meta property=\"og:type\" content=\"article\" \/>\n<meta property=\"og:title\" content=\"Blog - Fincas Gand\u00eda\" \/>\n<meta property=\"og:description\" content=\"[vc_row css_animation=\u00a0\u00bb\u00a0\u00bb row_type=\u00a0\u00bbrow\u00a0\u00bb use_row_as_full_screen_section=\u00a0\u00bbno\u00a0\u00bb type=\u00a0\u00bbfull_width\u00a0\u00bb angled_section=\u00a0\u00bbno\u00a0\u00bb text_align=\u00a0\u00bbleft\u00a0\u00bb background_image_as_pattern=\u00a0\u00bbwithout_pattern\u00a0\u00bb el_class=\u00a0\u00bbwhite_box_90_140&Prime; z_index=\u00a0\u00bb\u00a0\u00bb][vc_column][vc_column_text el_class=\u00a0\u00bbmb_120&Prime;] Blog [\/vc_column_text][vc_row_inner row_type=\u00a0\u00bbrow\u00a0\u00bb type=\u00a0\u00bbgrid\u00a0\u00bb text_align=\u00a0\u00bbleft\u00a0\u00bb css_animation=\u00a0\u00bb\u00a0\u00bb css=\u00a0\u00bb.vc_custom_1558001172921{margin-top: 30px !important;}\u00a0\u00bb][vc_column_inner][\/vc_column_inner][\/vc_row_inner][\/vc_column][\/vc_row]\" \/>\n<meta property=\"og:url\" content=\"https:\/\/www.fincasgandia.com\/fr\/blog\/\" \/>\n<meta property=\"og:site_name\" content=\"Fincas Gand\u00eda\" \/>\n<meta name=\"twitter:card\" content=\"summary_large_image\" \/>\n<meta name=\"twitter:label1\" content=\"Dur\u00e9e de lecture estim\u00e9e\" \/>\n\t<meta name=\"twitter:data1\" content=\"1 minute\" \/>\n<script type=\"application\/ld+json\" class=\"yoast-schema-graph\">{\"@context\":\"https:\/\/schema.org\",\"@graph\":[{\"@type\":\"WebPage\",\"@id\":\"https:\/\/www.fincasgandia.com\/fr\/blog\/\",\"url\":\"https:\/\/www.fincasgandia.com\/fr\/blog\/\",\"name\":\"Blog - Fincas Gand\u00eda\",\"isPartOf\":{\"@id\":\"https:\/\/www.fincasgandia.com\/#website\"},\"datePublished\":\"2020-02-25T09:12:45+00:00\",\"breadcrumb\":{\"@id\":\"https:\/\/www.fincasgandia.com\/fr\/blog\/#breadcrumb\"},\"inLanguage\":\"fr-FR\",\"potentialAction\":[{\"@type\":\"ReadAction\",\"target\":[\"https:\/\/www.fincasgandia.com\/fr\/blog\/\"]}]},{\"@type\":\"BreadcrumbList\",\"@id\":\"https:\/\/www.fincasgandia.com\/fr\/blog\/#breadcrumb\",\"itemListElement\":[{\"@type\":\"ListItem\",\"position\":1,\"name\":\"Inicio\",\"item\":\"https:\/\/www.fincasgandia.com\/fr\/\"},{\"@type\":\"ListItem\",\"position\":2,\"name\":\"Blog\"}]},{\"@type\":\"WebSite\",\"@id\":\"https:\/\/www.fincasgandia.com\/#website\",\"url\":\"https:\/\/www.fincasgandia.com\/\",\"name\":\"Fincas Gand\u00eda\",\"description\":\"\u00bfPlanificas un cambio? Cuenta con nosotros\",\"publisher\":{\"@id\":\"https:\/\/www.fincasgandia.com\/#organization\"},\"potentialAction\":[{\"@type\":\"SearchAction\",\"target\":{\"@type\":\"EntryPoint\",\"urlTemplate\":\"https:\/\/www.fincasgandia.com\/?s={search_term_string}\"},\"query-input\":{\"@type\":\"PropertyValueSpecification\",\"valueRequired\":true,\"valueName\":\"search_term_string\"}}],\"inLanguage\":\"fr-FR\"},{\"@type\":\"Organization\",\"@id\":\"https:\/\/www.fincasgandia.com\/#organization\",\"name\":\"Fincas Gandia\",\"url\":\"https:\/\/www.fincasgandia.com\/\",\"logo\":{\"@type\":\"ImageObject\",\"inLanguage\":\"fr-FR\",\"@id\":\"https:\/\/www.fincasgandia.com\/#\/schema\/logo\/image\/\",\"url\":\"https:\/\/www.fincasgandia.com\/wp-content\/uploads\/2019\/05\/favicon_2.jpg\",\"contentUrl\":\"https:\/\/www.fincasgandia.com\/wp-content\/uploads\/2019\/05\/favicon_2.jpg\",\"width\":500,\"height\":500,\"caption\":\"Fincas Gandia\"},\"image\":{\"@id\":\"https:\/\/www.fincasgandia.com\/#\/schema\/logo\/image\/\"}}]}<\/script>\n<!-- \/ Yoast SEO plugin. -->","yoast_head_json":{"title":"Blog - Fincas Gand\u00eda","robots":{"index":"index","follow":"follow","max-snippet":"max-snippet:-1","max-image-preview":"max-image-preview:large","max-video-preview":"max-video-preview:-1"},"canonical":"https:\/\/www.fincasgandia.com\/fr\/blog\/","og_locale":"fr_FR","og_type":"article","og_title":"Blog - Fincas Gand\u00eda","og_description":"[vc_row css_animation=\u00a0\u00bb\u00a0\u00bb row_type=\u00a0\u00bbrow\u00a0\u00bb use_row_as_full_screen_section=\u00a0\u00bbno\u00a0\u00bb type=\u00a0\u00bbfull_width\u00a0\u00bb angled_section=\u00a0\u00bbno\u00a0\u00bb text_align=\u00a0\u00bbleft\u00a0\u00bb background_image_as_pattern=\u00a0\u00bbwithout_pattern\u00a0\u00bb el_class=\u00a0\u00bbwhite_box_90_140&Prime; z_index=\u00a0\u00bb\u00a0\u00bb][vc_column][vc_column_text el_class=\u00a0\u00bbmb_120&Prime;] Blog [\/vc_column_text][vc_row_inner row_type=\u00a0\u00bbrow\u00a0\u00bb type=\u00a0\u00bbgrid\u00a0\u00bb text_align=\u00a0\u00bbleft\u00a0\u00bb css_animation=\u00a0\u00bb\u00a0\u00bb css=\u00a0\u00bb.vc_custom_1558001172921{margin-top: 30px !important;}\u00a0\u00bb][vc_column_inner][\/vc_column_inner][\/vc_row_inner][\/vc_column][\/vc_row]","og_url":"https:\/\/www.fincasgandia.com\/fr\/blog\/","og_site_name":"Fincas Gand\u00eda","twitter_card":"summary_large_image","twitter_misc":{"Dur\u00e9e de lecture estim\u00e9e":"1 minute"},"schema":{"@context":"https:\/\/schema.org","@graph":[{"@type":"WebPage","@id":"https:\/\/www.fincasgandia.com\/fr\/blog\/","url":"https:\/\/www.fincasgandia.com\/fr\/blog\/","name":"Blog - Fincas Gand\u00eda","isPartOf":{"@id":"https:\/\/www.fincasgandia.com\/#website"},"datePublished":"2020-02-25T09:12:45+00:00","breadcrumb":{"@id":"https:\/\/www.fincasgandia.com\/fr\/blog\/#breadcrumb"},"inLanguage":"fr-FR","potentialAction":[{"@type":"ReadAction","target":["https:\/\/www.fincasgandia.com\/fr\/blog\/"]}]},{"@type":"BreadcrumbList","@id":"https:\/\/www.fincasgandia.com\/fr\/blog\/#breadcrumb","itemListElement":[{"@type":"ListItem","position":1,"name":"Inicio","item":"https:\/\/www.fincasgandia.com\/fr\/"},{"@type":"ListItem","position":2,"name":"Blog"}]},{"@type":"WebSite","@id":"https:\/\/www.fincasgandia.com\/#website","url":"https:\/\/www.fincasgandia.com\/","name":"Fincas Gand\u00eda","description":"\u00bfPlanificas un cambio? Cuenta con nosotros","publisher":{"@id":"https:\/\/www.fincasgandia.com\/#organization"},"potentialAction":[{"@type":"SearchAction","target":{"@type":"EntryPoint","urlTemplate":"https:\/\/www.fincasgandia.com\/?s={search_term_string}"},"query-input":{"@type":"PropertyValueSpecification","valueRequired":true,"valueName":"search_term_string"}}],"inLanguage":"fr-FR"},{"@type":"Organization","@id":"https:\/\/www.fincasgandia.com\/#organization","name":"Fincas Gandia","url":"https:\/\/www.fincasgandia.com\/","logo":{"@type":"ImageObject","inLanguage":"fr-FR","@id":"https:\/\/www.fincasgandia.com\/#\/schema\/logo\/image\/","url":"https:\/\/www.fincasgandia.com\/wp-content\/uploads\/2019\/05\/favicon_2.jpg","contentUrl":"https:\/\/www.fincasgandia.com\/wp-content\/uploads\/2019\/05\/favicon_2.jpg","width":500,"height":500,"caption":"Fincas Gandia"},"image":{"@id":"https:\/\/www.fincasgandia.com\/#\/schema\/logo\/image\/"}}]}},"_links":{"self":[{"href":"https:\/\/www.fincasgandia.com\/fr\/wp-json\/wp\/v2\/pages\/1306"}],"collection":[{"href":"https:\/\/www.fincasgandia.com\/fr\/wp-json\/wp\/v2\/pages"}],"about":[{"href":"https:\/\/www.fincasgandia.com\/fr\/wp-json\/wp\/v2\/types\/page"}],"author":[{"embeddable":true,"href":"https:\/\/www.fincasgandia.com\/fr\/wp-json\/wp\/v2\/users\/1"}],"replies":[{"embeddable":true,"href":"https:\/\/www.fincasgandia.com\/fr\/wp-json\/wp\/v2\/comments?post=1306"}],"version-history":[{"count":0,"href":"https:\/\/www.fincasgandia.com\/fr\/wp-json\/wp\/v2\/pages\/1306\/revisions"}],"wp:attachment":[{"href":"https:\/\/www.fincasgandia.com\/fr\/wp-json\/wp\/v2\/media?parent=1306"}],"curies":[{"name":"wp","href":"https:\/\/api.w.org\/{rel}","templated":true}]}}