{"id":1337,"date":"2020-02-25T13:49:41","date_gmt":"2020-02-25T12:49:41","guid":{"rendered":"https:\/\/www.fincasgandia.com\/?page_id=1337"},"modified":"2020-02-25T13:49:41","modified_gmt":"2020-02-25T12:49:41","slug":"temoignages","status":"publish","type":"page","link":"https:\/\/www.fincasgandia.com\/fr\/temoignages\/","title":{"rendered":"T\u00e9moignages"},"content":{"rendered":"<p>[vc_row css_animation=\u00a0\u00bb\u00a0\u00bb row_type=\u00a0\u00bbrow\u00a0\u00bb use_row_as_full_screen_section=\u00a0\u00bbno\u00a0\u00bb type=\u00a0\u00bbfull_width\u00a0\u00bb angled_section=\u00a0\u00bbno\u00a0\u00bb text_align=\u00a0\u00bbleft\u00a0\u00bb background_image_as_pattern=\u00a0\u00bbwithout_pattern\u00a0\u00bb css=\u00a0\u00bb.vc_custom_1558020634430{background-image: url(http:\/\/www.fincasgandia.com\/wp-content\/uploads\/2019\/05\/Mesa-de-trabajo-2.png?id=70) !important;}\u00a0\u00bb z_index=\u00a0\u00bb\u00a0\u00bb el_class=\u00a0\u00bbtransparent_170_70&Prime;][vc_column][vc_column_text]<\/p>\n<h1 class=\"titular_white\" style=\"text-align: center;\">Nos<br \/>\nchers clients<br \/>\ndisent<\/h1>\n<p class=\"white\" style=\"text-align: center;\">Rencontrez l&rsquo;exp\u00e9rience de nos clients<\/p>\n<p>[\/vc_column_text][\/vc_column][\/vc_row][vc_row css_animation=\u00a0\u00bb\u00a0\u00bb row_type=\u00a0\u00bbrow\u00a0\u00bb use_row_as_full_screen_section=\u00a0\u00bbno\u00a0\u00bb type=\u00a0\u00bbfull_width\u00a0\u00bb angled_section=\u00a0\u00bbno\u00a0\u00bb text_align=\u00a0\u00bbleft\u00a0\u00bb background_image_as_pattern=\u00a0\u00bbwithout_pattern\u00a0\u00bb background_color=\u00a0\u00bb#ffffff\u00a0\u00bb z_index=\u00a0\u00bb\u00a0\u00bb css=\u00a0\u00bb.vc_custom_1559641859923{background-image: url(http:\/\/www.fincasgandia.com\/wp-content\/uploads\/2019\/05\/Mesa-de-trabajo-5.jpg?id=61) !important;}\u00a0\u00bb][vc_column][vc_row_inner row_type=\u00a0\u00bbrow\u00a0\u00bb type=\u00a0\u00bbgrid\u00a0\u00bb text_align=\u00a0\u00bbleft\u00a0\u00bb css_animation=\u00a0\u00bb\u00a0\u00bb][vc_column_inner][vc_empty_space height=\u00a0\u00bb200px\u00a0\u00bb]<div class='testimonials_c_holder clearfix dark'><div class=\"testimonials_c testimonials_c_carousel\" data-show-navigation=\"yes\" data-animation-speed=\"\" data-auto-rotate-slides=\"10\" data-number-per-slide=\"1\"><ul class=\"slides\"><li id=\"testimonials-c-1336\" class=\"testimonial_content\"><div class=\"testimonial_content_inner\"><div class=\"testimonial_image_holder\"><img decoding=\"async\" src=\"\" \/><\/div><div class=\"testimonial_title_holder\"><h3>UNE GRANDE \u00c9QUIPE<\/h3><\/div><div class=\"testimonial_text_holder\"><div class=\"testimonial_text_inner\" style=\"color: #606f85;\"><p style='font-size:17px;color:#606f85;'>L\u2019\u00e9quipe de Fincas Gand\u00eda a jou\u00e9 un r\u00f4le important dans la gestion de mes propri\u00e9t\u00e9s \u00e0 Barcelone. Ils m\u2019ont toujours aid\u00e9e \u00e0 prendre la bonne d\u00e9cision, \u00e0 d\u00e9fendre mes int\u00e9r\u00eats gr\u00e2ce \u00e0 leurs pr\u00e9cieux conseils ; ils ont pris personnellement soin de tous les d\u00e9tails.\u00a0<\/p><p class=\"testimonial_author\" style=\"color: #606f85;color: #006ca6;font-size: 17px;\">Emanuela Esente<\/p><\/div><\/div><\/div><\/li><li id=\"testimonials-c-1335\" class=\"testimonial_content\"><div class=\"testimonial_content_inner\"><div class=\"testimonial_image_holder\"><img decoding=\"async\" src=\"\" \/><\/div><div class=\"testimonial_title_holder\"><h3>BONS CONSEILS<\/h3><\/div><div class=\"testimonial_text_holder\"><div class=\"testimonial_text_inner\" style=\"color: #606f85;\"><p style='font-size:17px;color:#606f85;'>En tant que cliente, je ne peux que remercier toute l\u2019\u00e9quipe des bons conseils prodigu\u00e9s au cours de nombreuses ann\u00e9es. Ils m\u2019ont \u00e9t\u00e9 d\u2019une grande utilit\u00e9 et m\u2019ont aid\u00e9e \u00e0 obtenir la meilleure rentabilit\u00e9 de mon patrimoine immobilier.<\/p><p class=\"testimonial_author\" style=\"color: #606f85;color: #006ca6;font-size: 17px;\">Mar\u00eda A. Val<\/p><\/div><\/div><\/div><\/li><li id=\"testimonials-c-1334\" class=\"testimonial_content\"><div class=\"testimonial_content_inner\"><div class=\"testimonial_image_holder\"><img decoding=\"async\" src=\"\" \/><\/div><div class=\"testimonial_title_holder\"><h3>DE BONS PROFESSIONNELS<\/h3><\/div><div class=\"testimonial_text_holder\"><div class=\"testimonial_text_inner\" style=\"color: #606f85;\"><p style='font-size:17px;color:#606f85;'>Depuis 20 ans, j\u2019ai la chance de pouvoir compter sur Eva et toute son \u00e9quipe. \r\nCe sont d\u2019excellentes professionnelles et elles ont toute ma confiance.<\/p><p class=\"testimonial_author\" style=\"color: #606f85;color: #006ca6;font-size: 17px;\">M. de Sola<\/p><\/div><\/div><\/div><\/li><li id=\"testimonials-c-1333\" class=\"testimonial_content\"><div class=\"testimonial_content_inner\"><div class=\"testimonial_image_holder\"><img decoding=\"async\" src=\"\" \/><\/div><div class=\"testimonial_title_holder\"><h3>GRANDE EXP\u00c9RIENCE<\/h3><\/div><div class=\"testimonial_text_holder\"><div class=\"testimonial_text_inner\" style=\"color: #606f85;\"><p style='font-size:17px;color:#606f85;'>Eva et son \u00e9quipe nous offrent leurs services depuis plus de 20 ans. Ils ont une grande exp\u00e9rience et connaissent parfaitement le march\u00e9. En plus, leurs conseils sont toujours tr\u00e8s \u00e9quilibr\u00e9s. Voil\u00e0 pourquoi leur avis est toujours important et\r\nfondamental lorsque l\u2019on prend des d\u00e9cisions. J\u2019aimerais rajouter que c\u2019est une \u00e9quipe tr\u00e8s professionnelle \u00e0 qui j\u2019accorde toute ma confiance.<\/p><p class=\"testimonial_author\" style=\"color: #606f85;color: #006ca6;font-size: 17px;\">J. Prat<\/p><\/div><\/div><\/div><\/li><\/ul><\/div><\/div>[\/vc_column_inner][\/vc_row_inner][vc_empty_space height=\u00a0\u00bb200px\u00a0\u00bb][\/vc_column][\/vc_row][vc_row css_animation=\u00a0\u00bb\u00a0\u00bb row_type=\u00a0\u00bbrow\u00a0\u00bb use_row_as_full_screen_section=\u00a0\u00bbno\u00a0\u00bb type=\u00a0\u00bbfull_width\u00a0\u00bb angled_section=\u00a0\u00bbno\u00a0\u00bb text_align=\u00a0\u00bbleft\u00a0\u00bb background_image_as_pattern=\u00a0\u00bbwithout_pattern\u00a0\u00bb z_index=\u00a0\u00bb\u00a0\u00bb css=\u00a0\u00bb.vc_custom_1558360168054{background-image: url(http:\/\/www.fincasgandia.com\/wp-content\/uploads\/2019\/05\/back_formulario_banner.jpg?id=176) !important;}\u00a0\u00bb el_class=\u00a0\u00bbtransparent_90_90&Prime;][vc_column][vc_row_inner row_type=\u00a0\u00bbrow\u00a0\u00bb type=\u00a0\u00bbgrid\u00a0\u00bb text_align=\u00a0\u00bbleft\u00a0\u00bb css_animation=\u00a0\u00bb\u00a0\u00bb][vc_column_inner][vc_column_text]<\/p>\n<h2 class=\"titular_white\" style=\"text-align: center;\">\u00a1Te esperamos!<\/h2>\n<p>[\/vc_column_text][vc_column_text]<\/p>\n<p class=\"white\" style=\"text-align: center;\">D\u00e9janos tus datos y te responderemos en menos de 24h<\/p>\n<p>[\/vc_column_text][vc_empty_space height=\u00a0\u00bb30px\u00a0\u00bb][vc_raw_html]JTVCZm9ybWlkYWJsZSUyMGlkJTNEMSU1RA==[\/vc_raw_html][\/vc_column_inner][\/vc_row_inner][\/vc_column][\/vc_row]<\/p>\n","protected":false},"excerpt":{"rendered":"<p>[vc_row css_animation=\u00a0\u00bb\u00a0\u00bb row_type=\u00a0\u00bbrow\u00a0\u00bb use_row_as_full_screen_section=\u00a0\u00bbno\u00a0\u00bb type=\u00a0\u00bbfull_width\u00a0\u00bb angled_section=\u00a0\u00bbno\u00a0\u00bb text_align=\u00a0\u00bbleft\u00a0\u00bb background_image_as_pattern=\u00a0\u00bbwithout_pattern\u00a0\u00bb css=\u00a0\u00bb.vc_custom_1558020634430{background-image: url(http:\/\/www.fincasgandia.com\/wp-content\/uploads\/2019\/05\/Mesa-de-trabajo-2.png?id=70) !important;}\u00a0\u00bb z_index=\u00a0\u00bb\u00a0\u00bb el_class=\u00a0\u00bbtransparent_170_70&Prime;][vc_column][vc_column_text] Nos chers clients disent Rencontrez l&rsquo;exp\u00e9rience de nos clients [\/vc_column_text][\/vc_column][\/vc_row][vc_row css_animation=\u00a0\u00bb\u00a0\u00bb row_type=\u00a0\u00bbrow\u00a0\u00bb use_row_as_full_screen_section=\u00a0\u00bbno\u00a0\u00bb type=\u00a0\u00bbfull_width\u00a0\u00bb angled_section=\u00a0\u00bbno\u00a0\u00bb text_align=\u00a0\u00bbleft\u00a0\u00bb background_image_as_pattern=\u00a0\u00bbwithout_pattern\u00a0\u00bb background_color=\u00a0\u00bb#ffffff\u00a0\u00bb z_index=\u00a0\u00bb\u00a0\u00bb css=\u00a0\u00bb.vc_custom_1559641859923{background-image: url(http:\/\/www.fincasgandia.com\/wp-content\/uploads\/2019\/05\/Mesa-de-trabajo-5.jpg?id=61) !important;}\u00a0\u00bb][vc_column][vc_row_inner row_type=\u00a0\u00bbrow\u00a0\u00bb type=\u00a0\u00bbgrid\u00a0\u00bb text_align=\u00a0\u00bbleft\u00a0\u00bb css_animation=\u00a0\u00bb\u00a0\u00bb][vc_column_inner][vc_empty_space height=\u00a0\u00bb200px\u00a0\u00bb][\/vc_column_inner][\/vc_row_inner][vc_empty_space height=\u00a0\u00bb200px\u00a0\u00bb][\/vc_column][\/vc_row][vc_row css_animation=\u00a0\u00bb\u00a0\u00bb row_type=\u00a0\u00bbrow\u00a0\u00bb use_row_as_full_screen_section=\u00a0\u00bbno\u00a0\u00bb type=\u00a0\u00bbfull_width\u00a0\u00bb<\/p>\n","protected":false},"author":1,"featured_media":0,"parent":0,"menu_order":0,"comment_status":"closed","ping_status":"closed","template":"full_width.php","meta":{"footnotes":""},"class_list":["post-1337","page","type-page","status-publish","hentry"],"yoast_head":"<!-- This site is optimized with the Yoast SEO plugin v25.6 - https:\/\/yoast.com\/wordpress\/plugins\/seo\/ -->\n<title>T\u00e9moignages - Fincas Gand\u00eda<\/title>\n<meta name=\"robots\" content=\"index, follow, max-snippet:-1, max-image-preview:large, max-video-preview:-1\" \/>\n<link rel=\"canonical\" href=\"https:\/\/www.fincasgandia.com\/fr\/temoignages\/\" \/>\n<meta property=\"og:locale\" content=\"fr_FR\" \/>\n<meta property=\"og:type\" content=\"article\" \/>\n<meta property=\"og:title\" content=\"T\u00e9moignages - Fincas Gand\u00eda\" \/>\n<meta property=\"og:description\" content=\"[vc_row css_animation=\u00a0\u00bb\u00a0\u00bb row_type=\u00a0\u00bbrow\u00a0\u00bb use_row_as_full_screen_section=\u00a0\u00bbno\u00a0\u00bb type=\u00a0\u00bbfull_width\u00a0\u00bb angled_section=\u00a0\u00bbno\u00a0\u00bb text_align=\u00a0\u00bbleft\u00a0\u00bb background_image_as_pattern=\u00a0\u00bbwithout_pattern\u00a0\u00bb css=\u00a0\u00bb.vc_custom_1558020634430{background-image: url(http:\/\/www.fincasgandia.com\/wp-content\/uploads\/2019\/05\/Mesa-de-trabajo-2.png?id=70) !important;}\u00a0\u00bb z_index=\u00a0\u00bb\u00a0\u00bb el_class=\u00a0\u00bbtransparent_170_70&Prime;][vc_column][vc_column_text] Nos chers clients disent Rencontrez l&rsquo;exp\u00e9rience de nos clients [\/vc_column_text][\/vc_column][\/vc_row][vc_row css_animation=\u00a0\u00bb\u00a0\u00bb row_type=\u00a0\u00bbrow\u00a0\u00bb use_row_as_full_screen_section=\u00a0\u00bbno\u00a0\u00bb type=\u00a0\u00bbfull_width\u00a0\u00bb angled_section=\u00a0\u00bbno\u00a0\u00bb text_align=\u00a0\u00bbleft\u00a0\u00bb background_image_as_pattern=\u00a0\u00bbwithout_pattern\u00a0\u00bb background_color=\u00a0\u00bb#ffffff\u00a0\u00bb z_index=\u00a0\u00bb\u00a0\u00bb css=\u00a0\u00bb.vc_custom_1559641859923{background-image: url(http:\/\/www.fincasgandia.com\/wp-content\/uploads\/2019\/05\/Mesa-de-trabajo-5.jpg?id=61) !important;}\u00a0\u00bb][vc_column][vc_row_inner row_type=\u00a0\u00bbrow\u00a0\u00bb type=\u00a0\u00bbgrid\u00a0\u00bb text_align=\u00a0\u00bbleft\u00a0\u00bb css_animation=\u00a0\u00bb\u00a0\u00bb][vc_column_inner][vc_empty_space height=\u00a0\u00bb200px\u00a0\u00bb][\/vc_column_inner][\/vc_row_inner][vc_empty_space height=\u00a0\u00bb200px\u00a0\u00bb][\/vc_column][\/vc_row][vc_row css_animation=\u00a0\u00bb\u00a0\u00bb row_type=\u00a0\u00bbrow\u00a0\u00bb use_row_as_full_screen_section=\u00a0\u00bbno\u00a0\u00bb type=\u00a0\u00bbfull_width\u00a0\u00bb\" \/>\n<meta property=\"og:url\" content=\"https:\/\/www.fincasgandia.com\/fr\/temoignages\/\" \/>\n<meta property=\"og:site_name\" content=\"Fincas Gand\u00eda\" \/>\n<meta name=\"twitter:card\" content=\"summary_large_image\" \/>\n<meta name=\"twitter:label1\" content=\"Dur\u00e9e de lecture estim\u00e9e\" \/>\n\t<meta name=\"twitter:data1\" content=\"2 minutes\" \/>\n<script type=\"application\/ld+json\" class=\"yoast-schema-graph\">{\"@context\":\"https:\/\/schema.org\",\"@graph\":[{\"@type\":\"WebPage\",\"@id\":\"https:\/\/www.fincasgandia.com\/fr\/temoignages\/\",\"url\":\"https:\/\/www.fincasgandia.com\/fr\/temoignages\/\",\"name\":\"T\u00e9moignages - Fincas Gand\u00eda\",\"isPartOf\":{\"@id\":\"https:\/\/www.fincasgandia.com\/#website\"},\"datePublished\":\"2020-02-25T12:49:41+00:00\",\"breadcrumb\":{\"@id\":\"https:\/\/www.fincasgandia.com\/fr\/temoignages\/#breadcrumb\"},\"inLanguage\":\"fr-FR\",\"potentialAction\":[{\"@type\":\"ReadAction\",\"target\":[\"https:\/\/www.fincasgandia.com\/fr\/temoignages\/\"]}]},{\"@type\":\"BreadcrumbList\",\"@id\":\"https:\/\/www.fincasgandia.com\/fr\/temoignages\/#breadcrumb\",\"itemListElement\":[{\"@type\":\"ListItem\",\"position\":1,\"name\":\"Inicio\",\"item\":\"https:\/\/www.fincasgandia.com\/fr\/\"},{\"@type\":\"ListItem\",\"position\":2,\"name\":\"T\u00e9moignages\"}]},{\"@type\":\"WebSite\",\"@id\":\"https:\/\/www.fincasgandia.com\/#website\",\"url\":\"https:\/\/www.fincasgandia.com\/\",\"name\":\"Fincas Gand\u00eda\",\"description\":\"\u00bfPlanificas un cambio? Cuenta con nosotros\",\"publisher\":{\"@id\":\"https:\/\/www.fincasgandia.com\/#organization\"},\"potentialAction\":[{\"@type\":\"SearchAction\",\"target\":{\"@type\":\"EntryPoint\",\"urlTemplate\":\"https:\/\/www.fincasgandia.com\/?s={search_term_string}\"},\"query-input\":{\"@type\":\"PropertyValueSpecification\",\"valueRequired\":true,\"valueName\":\"search_term_string\"}}],\"inLanguage\":\"fr-FR\"},{\"@type\":\"Organization\",\"@id\":\"https:\/\/www.fincasgandia.com\/#organization\",\"name\":\"Fincas Gandia\",\"url\":\"https:\/\/www.fincasgandia.com\/\",\"logo\":{\"@type\":\"ImageObject\",\"inLanguage\":\"fr-FR\",\"@id\":\"https:\/\/www.fincasgandia.com\/#\/schema\/logo\/image\/\",\"url\":\"https:\/\/www.fincasgandia.com\/wp-content\/uploads\/2019\/05\/favicon_2.jpg\",\"contentUrl\":\"https:\/\/www.fincasgandia.com\/wp-content\/uploads\/2019\/05\/favicon_2.jpg\",\"width\":500,\"height\":500,\"caption\":\"Fincas Gandia\"},\"image\":{\"@id\":\"https:\/\/www.fincasgandia.com\/#\/schema\/logo\/image\/\"}}]}<\/script>\n<!-- \/ Yoast SEO plugin. -->","yoast_head_json":{"title":"T\u00e9moignages - Fincas Gand\u00eda","robots":{"index":"index","follow":"follow","max-snippet":"max-snippet:-1","max-image-preview":"max-image-preview:large","max-video-preview":"max-video-preview:-1"},"canonical":"https:\/\/www.fincasgandia.com\/fr\/temoignages\/","og_locale":"fr_FR","og_type":"article","og_title":"T\u00e9moignages - Fincas Gand\u00eda","og_description":"[vc_row css_animation=\u00a0\u00bb\u00a0\u00bb row_type=\u00a0\u00bbrow\u00a0\u00bb use_row_as_full_screen_section=\u00a0\u00bbno\u00a0\u00bb type=\u00a0\u00bbfull_width\u00a0\u00bb angled_section=\u00a0\u00bbno\u00a0\u00bb text_align=\u00a0\u00bbleft\u00a0\u00bb background_image_as_pattern=\u00a0\u00bbwithout_pattern\u00a0\u00bb css=\u00a0\u00bb.vc_custom_1558020634430{background-image: url(http:\/\/www.fincasgandia.com\/wp-content\/uploads\/2019\/05\/Mesa-de-trabajo-2.png?id=70) !important;}\u00a0\u00bb z_index=\u00a0\u00bb\u00a0\u00bb el_class=\u00a0\u00bbtransparent_170_70&Prime;][vc_column][vc_column_text] Nos chers clients disent Rencontrez l&rsquo;exp\u00e9rience de nos clients [\/vc_column_text][\/vc_column][\/vc_row][vc_row css_animation=\u00a0\u00bb\u00a0\u00bb row_type=\u00a0\u00bbrow\u00a0\u00bb use_row_as_full_screen_section=\u00a0\u00bbno\u00a0\u00bb type=\u00a0\u00bbfull_width\u00a0\u00bb angled_section=\u00a0\u00bbno\u00a0\u00bb text_align=\u00a0\u00bbleft\u00a0\u00bb background_image_as_pattern=\u00a0\u00bbwithout_pattern\u00a0\u00bb background_color=\u00a0\u00bb#ffffff\u00a0\u00bb z_index=\u00a0\u00bb\u00a0\u00bb css=\u00a0\u00bb.vc_custom_1559641859923{background-image: url(http:\/\/www.fincasgandia.com\/wp-content\/uploads\/2019\/05\/Mesa-de-trabajo-5.jpg?id=61) !important;}\u00a0\u00bb][vc_column][vc_row_inner row_type=\u00a0\u00bbrow\u00a0\u00bb type=\u00a0\u00bbgrid\u00a0\u00bb text_align=\u00a0\u00bbleft\u00a0\u00bb css_animation=\u00a0\u00bb\u00a0\u00bb][vc_column_inner][vc_empty_space height=\u00a0\u00bb200px\u00a0\u00bb][\/vc_column_inner][\/vc_row_inner][vc_empty_space height=\u00a0\u00bb200px\u00a0\u00bb][\/vc_column][\/vc_row][vc_row css_animation=\u00a0\u00bb\u00a0\u00bb row_type=\u00a0\u00bbrow\u00a0\u00bb use_row_as_full_screen_section=\u00a0\u00bbno\u00a0\u00bb type=\u00a0\u00bbfull_width\u00a0\u00bb","og_url":"https:\/\/www.fincasgandia.com\/fr\/temoignages\/","og_site_name":"Fincas Gand\u00eda","twitter_card":"summary_large_image","twitter_misc":{"Dur\u00e9e de lecture estim\u00e9e":"2 minutes"},"schema":{"@context":"https:\/\/schema.org","@graph":[{"@type":"WebPage","@id":"https:\/\/www.fincasgandia.com\/fr\/temoignages\/","url":"https:\/\/www.fincasgandia.com\/fr\/temoignages\/","name":"T\u00e9moignages - Fincas Gand\u00eda","isPartOf":{"@id":"https:\/\/www.fincasgandia.com\/#website"},"datePublished":"2020-02-25T12:49:41+00:00","breadcrumb":{"@id":"https:\/\/www.fincasgandia.com\/fr\/temoignages\/#breadcrumb"},"inLanguage":"fr-FR","potentialAction":[{"@type":"ReadAction","target":["https:\/\/www.fincasgandia.com\/fr\/temoignages\/"]}]},{"@type":"BreadcrumbList","@id":"https:\/\/www.fincasgandia.com\/fr\/temoignages\/#breadcrumb","itemListElement":[{"@type":"ListItem","position":1,"name":"Inicio","item":"https:\/\/www.fincasgandia.com\/fr\/"},{"@type":"ListItem","position":2,"name":"T\u00e9moignages"}]},{"@type":"WebSite","@id":"https:\/\/www.fincasgandia.com\/#website","url":"https:\/\/www.fincasgandia.com\/","name":"Fincas Gand\u00eda","description":"\u00bfPlanificas un cambio? Cuenta con nosotros","publisher":{"@id":"https:\/\/www.fincasgandia.com\/#organization"},"potentialAction":[{"@type":"SearchAction","target":{"@type":"EntryPoint","urlTemplate":"https:\/\/www.fincasgandia.com\/?s={search_term_string}"},"query-input":{"@type":"PropertyValueSpecification","valueRequired":true,"valueName":"search_term_string"}}],"inLanguage":"fr-FR"},{"@type":"Organization","@id":"https:\/\/www.fincasgandia.com\/#organization","name":"Fincas Gandia","url":"https:\/\/www.fincasgandia.com\/","logo":{"@type":"ImageObject","inLanguage":"fr-FR","@id":"https:\/\/www.fincasgandia.com\/#\/schema\/logo\/image\/","url":"https:\/\/www.fincasgandia.com\/wp-content\/uploads\/2019\/05\/favicon_2.jpg","contentUrl":"https:\/\/www.fincasgandia.com\/wp-content\/uploads\/2019\/05\/favicon_2.jpg","width":500,"height":500,"caption":"Fincas Gandia"},"image":{"@id":"https:\/\/www.fincasgandia.com\/#\/schema\/logo\/image\/"}}]}},"_links":{"self":[{"href":"https:\/\/www.fincasgandia.com\/fr\/wp-json\/wp\/v2\/pages\/1337"}],"collection":[{"href":"https:\/\/www.fincasgandia.com\/fr\/wp-json\/wp\/v2\/pages"}],"about":[{"href":"https:\/\/www.fincasgandia.com\/fr\/wp-json\/wp\/v2\/types\/page"}],"author":[{"embeddable":true,"href":"https:\/\/www.fincasgandia.com\/fr\/wp-json\/wp\/v2\/users\/1"}],"replies":[{"embeddable":true,"href":"https:\/\/www.fincasgandia.com\/fr\/wp-json\/wp\/v2\/comments?post=1337"}],"version-history":[{"count":0,"href":"https:\/\/www.fincasgandia.com\/fr\/wp-json\/wp\/v2\/pages\/1337\/revisions"}],"wp:attachment":[{"href":"https:\/\/www.fincasgandia.com\/fr\/wp-json\/wp\/v2\/media?parent=1337"}],"curies":[{"name":"wp","href":"https:\/\/api.w.org\/{rel}","templated":true}]}}