{"id":1343,"date":"2020-02-27T09:53:51","date_gmt":"2020-02-27T08:53:51","guid":{"rendered":"https:\/\/www.fincasgandia.com\/?page_id=1343"},"modified":"2022-05-24T10:14:00","modified_gmt":"2022-05-24T08:14:00","slug":"avertissement-legal","status":"publish","type":"page","link":"https:\/\/www.fincasgandia.com\/fr\/avertissement-legal\/","title":{"rendered":"Avertissement L\u00e9gal"},"content":{"rendered":"<p>[vc_row css_animation=\u00a0\u00bb\u00a0\u00bb row_type=\u00a0\u00bbrow\u00a0\u00bb use_row_as_full_screen_section=\u00a0\u00bbno\u00a0\u00bb type=\u00a0\u00bbfull_width\u00a0\u00bb angled_section=\u00a0\u00bbno\u00a0\u00bb text_align=\u00a0\u00bbleft\u00a0\u00bb background_image_as_pattern=\u00a0\u00bbwithout_pattern\u00a0\u00bb css=\u00a0\u00bb.vc_custom_1558020634430{background-image: url(http:\/\/www.fincasgandia.com\/wp-content\/uploads\/2019\/05\/Mesa-de-trabajo-2.png?id=70) !important;}\u00a0\u00bb z_index=\u00a0\u00bb\u00a0\u00bb el_class=\u00a0\u00bbtransparent_170_70&Prime;][vc_column][vc_column_text]<\/p>\n<h1 class=\"titular_white\" style=\"text-align: center;\">Aviso Legal<\/h1>\n<p class=\"white\" style=\"text-align: center;\">Fincas Gandia<\/p>\n<p>[\/vc_column_text][vc_column_text]<img decoding=\"async\" class=\"flecha_cabecera aligncenter\" src=\"\/wp-content\/uploads\/2019\/05\/flecha.png\" \/>[\/vc_column_text][\/vc_column][\/vc_row][vc_row css_animation=\u00a0\u00bb\u00a0\u00bb row_type=\u00a0\u00bbrow\u00a0\u00bb use_row_as_full_screen_section=\u00a0\u00bbno\u00a0\u00bb type=\u00a0\u00bbgrid\u00a0\u00bb angled_section=\u00a0\u00bbno\u00a0\u00bb text_align=\u00a0\u00bbleft\u00a0\u00bb background_image_as_pattern=\u00a0\u00bbwithout_pattern\u00a0\u00bb el_class=\u00a0\u00bbwhite_box_90_140&Prime; z_index=\u00a0\u00bb\u00a0\u00bb][vc_column][vc_column_text el_class=\u00a0\u00bbmb_120&Prime;]<\/p>\n<h2><strong>INTRODUCCI\u00d3N<\/strong><\/h2>\n<p>En cumplimiento de la Ley 34\/2002, de 11 de julio, de Servicios de la Sociedad de la Informaci\u00f3n y de Comercio Electr\u00f3nico (LSSI-CE), FINCAS GANDIA SERVICIOS INMOBILIARIOS SLP informa que es titular del sitio web. De acuerdo con la exigencia del art\u00edculo 10 de la citada Ley, FINCAS GANDIA SERVICIOS INMOBILIARIOS SLP informa de los siguientes datos:<\/p>\n<ul>\n<li><strong>RAZ\u00d3N SOCIAL<\/strong>: FINCAS GANDIA SERVICIOS INMOBILIARIOS SLP<\/li>\n<li><strong>NIF<\/strong>: B64553589<\/li>\n<li><strong>DIRECCI\u00d3N POSTAL<\/strong>: RAMBLA CATALUNYA 81 4 2 08008, BARCELONA<\/li>\n<li><strong>DIRECCI\u00d3NELECTR\u00d3NICA<\/strong>: hola@fincasgandia.com<\/li>\n<li><strong>TEL\u00c9FONO<\/strong>: 934515000<\/li>\n<li><strong>REGISTRO MERCANTIL<\/strong>: tomo 39609, folio 34, hoja B-348.009 e inscripci\u00f3n 3\u00aa<\/li>\n<li><strong>OBJETO PRINCIPAL<\/strong>: Informaci\u00f3n de servicios inmobiliarios<\/li>\n<\/ul>\n<h2>USUARIO Y R\u00c9GIMEN DE RESPONSABILIDADES<\/h2>\n<p>La navegaci\u00f3n, acceso y uso por el sitio web de FINCAS GANDIA SERVICIOS INMOBILIARIOS SLP confiere la condici\u00f3n de usuario, por la que se aceptan, desde la navegaci\u00f3n por el sitio web de FINCAS GANDIA SERVICIOS INMOBILIARIOS SLP, todas las condiciones de uso aqu\u00ed establecidas sin perjuicio de la aplicaci\u00f3n de la correspondiente normativa de obligado cumplimiento legal seg\u00fan el caso.<\/p>\n<p>El sitio web de FINCAS GANDIA SERVICIOS INMOBILIARIOS SLP proporciona gran diversidad de informaci\u00f3n, servicios y datos. El usuario asume su responsabilidad en el uso correcto del sitio web. Esta responsabilidad se extender\u00e1 a:<\/p>\n<ul>\n<li>La veracidad y licitud de las informaciones aportadas por el usuario en los formularios extendidos por FINCAS GANDIA SERVICIOS INMOBILIARIOS SLP para el acceso a ciertos contenidos o servicios ofrecidos por el web.<\/li>\n<li>El uso de la informaci\u00f3n, servicios y datos ofrecidos por FINCAS GANDIA SERVICIOS INMOBILIARIOS SLP contrariamente a lo dispuesto por las presentes condiciones, la Ley, la moral, las buenas costumbres o el orden p\u00fablico, o que de cualquier otro modo puedan suponer lesi\u00f3n de los derechos de terceros o del mismo funcionamiento del sitio web.<\/li>\n<\/ul>\n<h2>POL\u00cdTICA DE ENLACES Y EXENCIONES DE RESPONSABILIDAD<\/h2>\n<p>FINCAS GANDIA SERVICIOS INMOBILIARIOS SLP no se hace responsable del contenido de los sitios web a los que el usuario pueda acceder a trav\u00e9s de los enlaces establecidos en su sitio web y declara que en ning\u00fan caso proceder\u00e1 a examinar o ejercitar ning\u00fan tipo de control sobre el contenido de otros sitios de la red. Asimismo, tampoco garantizar\u00e1 la disponibilidad t\u00e9cnica, exactitud, veracidad, validez o legalidad de sitios ajenos a su propiedad a los que se pueda acceder por medio de los enlaces.<\/p>\n<p>FINCAS GANDIA SERVICIOS INMOBILIARIOS SLP declara haber adoptado todas las medidas necesarias para evitar cualquier da\u00f1o a los usuarios de su sitio web, que pudieran derivarse de la navegaci\u00f3n por su sitio web. En consecuencia, FINCAS GANDIA SERVICIOS INMOBILIARIOS SLP no se hace responsable, en ning\u00fan caso, de los eventuales da\u00f1os que por la navegaci\u00f3n por Internet pudiera sufrir el usuario.<\/p>\n<h2>MODIFICACIONES<\/h2>\n<p>FINCAS GANDIA SERVICIOS INMOBILIARIOS SLP se reserva el derecho a realizar las modificaciones que considere oportunas, sin aviso previo, en el contenido de su sitio web. Tanto en lo referente a los contenidos del sitio web, como en las condiciones de uso del mismo, o en las condiciones generales de contrataci\u00f3n. Dichas modificaciones podr\u00e1n realizarse a trav\u00e9s de su sitio web por cualquier forma admisible en derecho y ser\u00e1n de obligado cumplimiento durante el tiempo en que se encuentren publicadas en el web y hasta que no sean modificadas v\u00e1lidamente por otras posteriores.<\/p>\n<h2>PROPIEDAD INTELECTUAL E INDUSTRIAL<\/h2>\n<p>FINCAS GANDIA SERVICIOS INMOBILIARIOS SLP por s\u00ed misma o como cesionaria, es titular de todos los derechos de propiedad intelectual e industrial de su p\u00e1gina web, as\u00ed como de los elementos contenidos en la misma (a t\u00edtulo enunciativo, im\u00e1genes, sonido, audio, v\u00eddeo, software o textos; marcas o logotipos, combinaciones de colores, estructura y dise\u00f1o, selecci\u00f3n de materiales usados, programas de ordenador necesarios para su funcionamiento, acceso y uso, etc.), titularidad de FINCAS GANDIA SERVICIOS INMOBILIARIOS SLP. Ser\u00e1n, por consiguiente, obras protegidas como propiedad intelectual por el ordenamiento jur\u00eddico espa\u00f1ol, si\u00e9ndoles aplicables tanto la normativa espa\u00f1ola y comunitaria en este campo, como los tratados internacionales relativos a la materia y suscritos por Espa\u00f1a.<\/p>\n<p>Todos los derechos reservados. En virtud de lo dispuesto en la Ley de Propiedad Intelectual, quedan expresamente prohibidas la reproducci\u00f3n, la distribuci\u00f3n y la comunicaci\u00f3n p\u00fablica, incluida su modalidad de puesta a disposici\u00f3n, de la totalidad o parte de los contenidos de esta p\u00e1gina web, con fines comerciales, en cualquier soporte y por cualquier medio t\u00e9cnico, sin la autorizaci\u00f3n de FINCAS GANDIA SERVICIOS INMOBILIARIOS SLP.<\/p>\n<p>El usuario se compromete a respetar los derechos de Propiedad Intelectual e Industrial titularidad de FINCAS GANDIA SERVICIOS INMOBILIARIOS SLP. Podr\u00e1 visualizar los elementos del portal e incluso imprimirlos, copiarlos y almacenarlos en el disco duro de su ordenador o en cualquier otro soporte f\u00edsico siempre y cuando sea, \u00fanica y exclusivamente, para su uso personal y privado. El usuario deber\u00e1 abstenerse de suprimir, alterar, eludir o manipular cualquier dispositivo de protecci\u00f3n o sistema de seguridad que estuviera instalado en las p\u00e1ginas de FINCAS GANDIA SERVICIOS INMOBILIARIOS SLP.<\/p>\n<h2>CERTIFICADO SSL (SECURE SOCKETS LAYER)<\/h2>\n<p>El CERTIFICADO SSL proporciona autenticaci\u00f3n, privacidad y seguridad de la informaci\u00f3n entre FINCAS GANDIA SERVICIOS INMOBILIARIOS SLP y el usuario.<\/p>\n<p>FINCAS GANDIA SERVICIOS INMOBILIARIOS SLP dispone de un certificado de seguridad que se utiliza por CERTIFICADO SSL para realizar conexiones seguras.<\/p>\n<p>En este proceso se establecen varios par\u00e1metros para realizar la conexi\u00f3n de forma segura y se establece usando llaves preestablecidas, codificando y descodificando todos los datos enviados hasta que la conexi\u00f3n sea cerrada.<\/p>\n<h2>ACCIONES LEGALES, LEGISLACI\u00d3N APLICABLE Y JURISDICCI\u00d3N<\/h2>\n<p>FINCAS GANDIA SERVICIOS INMOBILIARIOS SLP se reserva, asimismo, la facultad de presentar las acciones civiles o penales que considere oportunas por la utilizaci\u00f3n indebida de su sitio web y contenidos, o por el incumplimiento de las presentes condiciones.<\/p>\n<p>La relaci\u00f3n entre el usuario y el prestador se regir\u00e1 por la normativa vigente y de aplicaci\u00f3n en el territorio espa\u00f1ol. De surgir cualquier controversia las partes podr\u00e1n someter sus conflictos a arbitraje o acudir a la jurisdicci\u00f3n ordinaria cumpliendo con las normas sobre jurisdicci\u00f3n y competencia al respecto. FINCAS GANDIA SERVICIOS INMOBILIARIOS SLP tiene su domicilio en BARCELONA, Espa\u00f1a.<\/p>\n<p>Los contratos celebrados por v\u00eda electr\u00f3nica en los que intervenga como parte un consumidor se presumir\u00e1n celebrados en el lugar en que \u00e9ste tenga su residencia habitual.<\/p>\n<p>Los contratos electr\u00f3nicos entre empresarios o profesionales, en defecto de pacto entre las partes, se presumir\u00e1n celebrados en el lugar en que est\u00e9 establecido el prestador de servicios.<\/p>\n<p><strong>\u00daLTIMA ACTUALITZACI\u00d3: 20 de maig de 2022<\/strong>[\/vc_column_text][vc_empty_space height=\u00a0\u00bb50px\u00a0\u00bb][\/vc_column][\/vc_row]<\/p>\n","protected":false},"excerpt":{"rendered":"<p>[vc_row css_animation=\u00a0\u00bb\u00a0\u00bb row_type=\u00a0\u00bbrow\u00a0\u00bb use_row_as_full_screen_section=\u00a0\u00bbno\u00a0\u00bb type=\u00a0\u00bbfull_width\u00a0\u00bb angled_section=\u00a0\u00bbno\u00a0\u00bb text_align=\u00a0\u00bbleft\u00a0\u00bb background_image_as_pattern=\u00a0\u00bbwithout_pattern\u00a0\u00bb css=\u00a0\u00bb.vc_custom_1558020634430{background-image: url(http:\/\/www.fincasgandia.com\/wp-content\/uploads\/2019\/05\/Mesa-de-trabajo-2.png?id=70) !important;}\u00a0\u00bb z_index=\u00a0\u00bb\u00a0\u00bb el_class=\u00a0\u00bbtransparent_170_70&Prime;][vc_column][vc_column_text] Aviso Legal Fincas Gandia [\/vc_column_text][vc_column_text][\/vc_column_text][\/vc_column][\/vc_row][vc_row css_animation=\u00a0\u00bb\u00a0\u00bb row_type=\u00a0\u00bbrow\u00a0\u00bb use_row_as_full_screen_section=\u00a0\u00bbno\u00a0\u00bb type=\u00a0\u00bbgrid\u00a0\u00bb angled_section=\u00a0\u00bbno\u00a0\u00bb text_align=\u00a0\u00bbleft\u00a0\u00bb background_image_as_pattern=\u00a0\u00bbwithout_pattern\u00a0\u00bb el_class=\u00a0\u00bbwhite_box_90_140&Prime; z_index=\u00a0\u00bb\u00a0\u00bb][vc_column][vc_column_text el_class=\u00a0\u00bbmb_120&Prime;] INTRODUCCI\u00d3N En cumplimiento de la Ley 34\/2002, de 11 de julio, de Servicios de la Sociedad de<\/p>\n","protected":false},"author":1,"featured_media":0,"parent":0,"menu_order":0,"comment_status":"closed","ping_status":"closed","template":"full_width.php","meta":{"footnotes":""},"class_list":["post-1343","page","type-page","status-publish","hentry"],"yoast_head":"<!-- This site is optimized with the Yoast SEO plugin v25.6 - https:\/\/yoast.com\/wordpress\/plugins\/seo\/ -->\n<title>Avertissement L\u00e9gal - Fincas Gand\u00eda<\/title>\n<meta name=\"robots\" content=\"index, follow, max-snippet:-1, max-image-preview:large, max-video-preview:-1\" \/>\n<link rel=\"canonical\" href=\"https:\/\/www.fincasgandia.com\/fr\/avertissement-legal\/\" \/>\n<meta property=\"og:locale\" content=\"fr_FR\" \/>\n<meta property=\"og:type\" content=\"article\" \/>\n<meta property=\"og:title\" content=\"Avertissement L\u00e9gal - Fincas Gand\u00eda\" \/>\n<meta property=\"og:description\" content=\"[vc_row css_animation=\u00a0\u00bb\u00a0\u00bb row_type=\u00a0\u00bbrow\u00a0\u00bb use_row_as_full_screen_section=\u00a0\u00bbno\u00a0\u00bb type=\u00a0\u00bbfull_width\u00a0\u00bb angled_section=\u00a0\u00bbno\u00a0\u00bb text_align=\u00a0\u00bbleft\u00a0\u00bb background_image_as_pattern=\u00a0\u00bbwithout_pattern\u00a0\u00bb css=\u00a0\u00bb.vc_custom_1558020634430{background-image: url(http:\/\/www.fincasgandia.com\/wp-content\/uploads\/2019\/05\/Mesa-de-trabajo-2.png?id=70) !important;}\u00a0\u00bb z_index=\u00a0\u00bb\u00a0\u00bb el_class=\u00a0\u00bbtransparent_170_70&Prime;][vc_column][vc_column_text] Aviso Legal Fincas Gandia [\/vc_column_text][vc_column_text][\/vc_column_text][\/vc_column][\/vc_row][vc_row css_animation=\u00a0\u00bb\u00a0\u00bb row_type=\u00a0\u00bbrow\u00a0\u00bb use_row_as_full_screen_section=\u00a0\u00bbno\u00a0\u00bb type=\u00a0\u00bbgrid\u00a0\u00bb angled_section=\u00a0\u00bbno\u00a0\u00bb text_align=\u00a0\u00bbleft\u00a0\u00bb background_image_as_pattern=\u00a0\u00bbwithout_pattern\u00a0\u00bb el_class=\u00a0\u00bbwhite_box_90_140&Prime; z_index=\u00a0\u00bb\u00a0\u00bb][vc_column][vc_column_text el_class=\u00a0\u00bbmb_120&Prime;] INTRODUCCI\u00d3N En cumplimiento de la Ley 34\/2002, de 11 de julio, de Servicios de la Sociedad de\" \/>\n<meta property=\"og:url\" content=\"https:\/\/www.fincasgandia.com\/fr\/avertissement-legal\/\" \/>\n<meta property=\"og:site_name\" content=\"Fincas Gand\u00eda\" \/>\n<meta property=\"article:modified_time\" content=\"2022-05-24T08:14:00+00:00\" \/>\n<meta name=\"twitter:card\" content=\"summary_large_image\" \/>\n<meta name=\"twitter:label1\" content=\"Dur\u00e9e de lecture estim\u00e9e\" \/>\n\t<meta name=\"twitter:data1\" content=\"6 minutes\" \/>\n<script type=\"application\/ld+json\" class=\"yoast-schema-graph\">{\"@context\":\"https:\/\/schema.org\",\"@graph\":[{\"@type\":\"WebPage\",\"@id\":\"https:\/\/www.fincasgandia.com\/fr\/avertissement-legal\/\",\"url\":\"https:\/\/www.fincasgandia.com\/fr\/avertissement-legal\/\",\"name\":\"Avertissement L\u00e9gal - Fincas Gand\u00eda\",\"isPartOf\":{\"@id\":\"https:\/\/www.fincasgandia.com\/#website\"},\"datePublished\":\"2020-02-27T08:53:51+00:00\",\"dateModified\":\"2022-05-24T08:14:00+00:00\",\"breadcrumb\":{\"@id\":\"https:\/\/www.fincasgandia.com\/fr\/avertissement-legal\/#breadcrumb\"},\"inLanguage\":\"fr-FR\",\"potentialAction\":[{\"@type\":\"ReadAction\",\"target\":[\"https:\/\/www.fincasgandia.com\/fr\/avertissement-legal\/\"]}]},{\"@type\":\"BreadcrumbList\",\"@id\":\"https:\/\/www.fincasgandia.com\/fr\/avertissement-legal\/#breadcrumb\",\"itemListElement\":[{\"@type\":\"ListItem\",\"position\":1,\"name\":\"Inicio\",\"item\":\"https:\/\/www.fincasgandia.com\/fr\/\"},{\"@type\":\"ListItem\",\"position\":2,\"name\":\"Avertissement L\u00e9gal\"}]},{\"@type\":\"WebSite\",\"@id\":\"https:\/\/www.fincasgandia.com\/#website\",\"url\":\"https:\/\/www.fincasgandia.com\/\",\"name\":\"Fincas Gand\u00eda\",\"description\":\"\u00bfPlanificas un cambio? Cuenta con nosotros\",\"publisher\":{\"@id\":\"https:\/\/www.fincasgandia.com\/#organization\"},\"potentialAction\":[{\"@type\":\"SearchAction\",\"target\":{\"@type\":\"EntryPoint\",\"urlTemplate\":\"https:\/\/www.fincasgandia.com\/?s={search_term_string}\"},\"query-input\":{\"@type\":\"PropertyValueSpecification\",\"valueRequired\":true,\"valueName\":\"search_term_string\"}}],\"inLanguage\":\"fr-FR\"},{\"@type\":\"Organization\",\"@id\":\"https:\/\/www.fincasgandia.com\/#organization\",\"name\":\"Fincas Gandia\",\"url\":\"https:\/\/www.fincasgandia.com\/\",\"logo\":{\"@type\":\"ImageObject\",\"inLanguage\":\"fr-FR\",\"@id\":\"https:\/\/www.fincasgandia.com\/#\/schema\/logo\/image\/\",\"url\":\"https:\/\/www.fincasgandia.com\/wp-content\/uploads\/2019\/05\/favicon_2.jpg\",\"contentUrl\":\"https:\/\/www.fincasgandia.com\/wp-content\/uploads\/2019\/05\/favicon_2.jpg\",\"width\":500,\"height\":500,\"caption\":\"Fincas Gandia\"},\"image\":{\"@id\":\"https:\/\/www.fincasgandia.com\/#\/schema\/logo\/image\/\"}}]}<\/script>\n<!-- \/ Yoast SEO plugin. -->","yoast_head_json":{"title":"Avertissement L\u00e9gal - Fincas Gand\u00eda","robots":{"index":"index","follow":"follow","max-snippet":"max-snippet:-1","max-image-preview":"max-image-preview:large","max-video-preview":"max-video-preview:-1"},"canonical":"https:\/\/www.fincasgandia.com\/fr\/avertissement-legal\/","og_locale":"fr_FR","og_type":"article","og_title":"Avertissement L\u00e9gal - Fincas Gand\u00eda","og_description":"[vc_row css_animation=\u00a0\u00bb\u00a0\u00bb row_type=\u00a0\u00bbrow\u00a0\u00bb use_row_as_full_screen_section=\u00a0\u00bbno\u00a0\u00bb type=\u00a0\u00bbfull_width\u00a0\u00bb angled_section=\u00a0\u00bbno\u00a0\u00bb text_align=\u00a0\u00bbleft\u00a0\u00bb background_image_as_pattern=\u00a0\u00bbwithout_pattern\u00a0\u00bb css=\u00a0\u00bb.vc_custom_1558020634430{background-image: url(http:\/\/www.fincasgandia.com\/wp-content\/uploads\/2019\/05\/Mesa-de-trabajo-2.png?id=70) !important;}\u00a0\u00bb z_index=\u00a0\u00bb\u00a0\u00bb el_class=\u00a0\u00bbtransparent_170_70&Prime;][vc_column][vc_column_text] Aviso Legal Fincas Gandia [\/vc_column_text][vc_column_text][\/vc_column_text][\/vc_column][\/vc_row][vc_row css_animation=\u00a0\u00bb\u00a0\u00bb row_type=\u00a0\u00bbrow\u00a0\u00bb use_row_as_full_screen_section=\u00a0\u00bbno\u00a0\u00bb type=\u00a0\u00bbgrid\u00a0\u00bb angled_section=\u00a0\u00bbno\u00a0\u00bb text_align=\u00a0\u00bbleft\u00a0\u00bb background_image_as_pattern=\u00a0\u00bbwithout_pattern\u00a0\u00bb el_class=\u00a0\u00bbwhite_box_90_140&Prime; z_index=\u00a0\u00bb\u00a0\u00bb][vc_column][vc_column_text el_class=\u00a0\u00bbmb_120&Prime;] INTRODUCCI\u00d3N En cumplimiento de la Ley 34\/2002, de 11 de julio, de Servicios de la Sociedad de","og_url":"https:\/\/www.fincasgandia.com\/fr\/avertissement-legal\/","og_site_name":"Fincas Gand\u00eda","article_modified_time":"2022-05-24T08:14:00+00:00","twitter_card":"summary_large_image","twitter_misc":{"Dur\u00e9e de lecture estim\u00e9e":"6 minutes"},"schema":{"@context":"https:\/\/schema.org","@graph":[{"@type":"WebPage","@id":"https:\/\/www.fincasgandia.com\/fr\/avertissement-legal\/","url":"https:\/\/www.fincasgandia.com\/fr\/avertissement-legal\/","name":"Avertissement L\u00e9gal - Fincas Gand\u00eda","isPartOf":{"@id":"https:\/\/www.fincasgandia.com\/#website"},"datePublished":"2020-02-27T08:53:51+00:00","dateModified":"2022-05-24T08:14:00+00:00","breadcrumb":{"@id":"https:\/\/www.fincasgandia.com\/fr\/avertissement-legal\/#breadcrumb"},"inLanguage":"fr-FR","potentialAction":[{"@type":"ReadAction","target":["https:\/\/www.fincasgandia.com\/fr\/avertissement-legal\/"]}]},{"@type":"BreadcrumbList","@id":"https:\/\/www.fincasgandia.com\/fr\/avertissement-legal\/#breadcrumb","itemListElement":[{"@type":"ListItem","position":1,"name":"Inicio","item":"https:\/\/www.fincasgandia.com\/fr\/"},{"@type":"ListItem","position":2,"name":"Avertissement L\u00e9gal"}]},{"@type":"WebSite","@id":"https:\/\/www.fincasgandia.com\/#website","url":"https:\/\/www.fincasgandia.com\/","name":"Fincas Gand\u00eda","description":"\u00bfPlanificas un cambio? Cuenta con nosotros","publisher":{"@id":"https:\/\/www.fincasgandia.com\/#organization"},"potentialAction":[{"@type":"SearchAction","target":{"@type":"EntryPoint","urlTemplate":"https:\/\/www.fincasgandia.com\/?s={search_term_string}"},"query-input":{"@type":"PropertyValueSpecification","valueRequired":true,"valueName":"search_term_string"}}],"inLanguage":"fr-FR"},{"@type":"Organization","@id":"https:\/\/www.fincasgandia.com\/#organization","name":"Fincas Gandia","url":"https:\/\/www.fincasgandia.com\/","logo":{"@type":"ImageObject","inLanguage":"fr-FR","@id":"https:\/\/www.fincasgandia.com\/#\/schema\/logo\/image\/","url":"https:\/\/www.fincasgandia.com\/wp-content\/uploads\/2019\/05\/favicon_2.jpg","contentUrl":"https:\/\/www.fincasgandia.com\/wp-content\/uploads\/2019\/05\/favicon_2.jpg","width":500,"height":500,"caption":"Fincas Gandia"},"image":{"@id":"https:\/\/www.fincasgandia.com\/#\/schema\/logo\/image\/"}}]}},"_links":{"self":[{"href":"https:\/\/www.fincasgandia.com\/fr\/wp-json\/wp\/v2\/pages\/1343"}],"collection":[{"href":"https:\/\/www.fincasgandia.com\/fr\/wp-json\/wp\/v2\/pages"}],"about":[{"href":"https:\/\/www.fincasgandia.com\/fr\/wp-json\/wp\/v2\/types\/page"}],"author":[{"embeddable":true,"href":"https:\/\/www.fincasgandia.com\/fr\/wp-json\/wp\/v2\/users\/1"}],"replies":[{"embeddable":true,"href":"https:\/\/www.fincasgandia.com\/fr\/wp-json\/wp\/v2\/comments?post=1343"}],"version-history":[{"count":3,"href":"https:\/\/www.fincasgandia.com\/fr\/wp-json\/wp\/v2\/pages\/1343\/revisions"}],"predecessor-version":[{"id":1444,"href":"https:\/\/www.fincasgandia.com\/fr\/wp-json\/wp\/v2\/pages\/1343\/revisions\/1444"}],"wp:attachment":[{"href":"https:\/\/www.fincasgandia.com\/fr\/wp-json\/wp\/v2\/media?parent=1343"}],"curies":[{"name":"wp","href":"https:\/\/api.w.org\/{rel}","templated":true}]}}